
{"id":11708,"date":"2022-01-25T17:35:00","date_gmt":"2022-01-25T17:35:00","guid":{"rendered":"https:\/\/dev.eunitecidos.pt\/?post_type=product&#038;p=11708"},"modified":"2026-01-08T17:46:07","modified_gmt":"2026-01-08T17:46:07","slug":"feltro-liso-laranja","status":"publish","type":"product","link":"https:\/\/dev.eunitecidos.pt\/fr\/loja\/texteis\/feltro-liso-laranja\/","title":{"rendered":"Feutre | uni | orange 4003"},"content":{"rendered":"<p>Feutre | uni | orange 4003<\/p>\n<p>Le feutre est un tissu non tiss\u00e9.<\/p>\n<p>Il est fabriqu\u00e9 en comprimant et en liant des fibres jusqu'\u00e0 ce qu'elles s'assemblent pour former un tissu solide.<\/p>\n<p>C'est l'une des plus anciennes formes de tissu connues.<\/p>\n<p>Le feutre est utilis\u00e9 pour fabriquer des chapeaux, des manteaux et est largement utilis\u00e9 dans l'artisanat et les costumes de carnaval.<\/p>\n<p>Lavable et ne s'effiloche pas lorsqu'il est coup\u00e9.<\/p>\n<p>Composition : 100% Polyester 180 gr\/m2<\/p>\n<p>90 cm de largeur<\/p>","protected":false},"excerpt":{"rendered":"<p>Feltro | Liso | Laranja 4003 O feltro \u00e9 um TNT (Tecido n\u00e3o Tecido) \u00c9 feito comprimindo e ligando fibras, at\u00e9 se juntarem para formar um tecido forte. \u00c9 uma das formas de tecido mais antigas conhecidas. O feltro \u00e9 usado no fabrico de chap\u00e9us, casacos, e muito utilizado em trabalhos de artesanato e em [&hellip;]<\/p>","protected":false},"featured_media":11691,"comment_status":"closed","ping_status":"closed","template":"","meta":{"_seopress_robots_primary_cat":"69","_seopress_titles_title":"Feltro Liso Laranja | Compre Agora Online","_seopress_titles_desc":"Descubra o feltro liso laranja 4003, um tecido n\u00e3o tecido de poli\u00e9ster vers\u00e1til para artesanato, chap\u00e9us, casacos e muito mais. Resistente lav\u00e1vel e f\u00e1cil de trabalhar.","_seopress_robots_index":""},"product_brand":[],"product_cat":[2016,150,199,69],"product_tag":[707,770,2017,424,677,2019],"class_list":{"0":"post-11708","1":"product","2":"type-product","3":"status-publish","4":"has-post-thumbnail","6":"product_cat-carnaval","7":"product_cat-feltros","8":"product_cat-tematicos","9":"product_cat-texteis","10":"product_tag-100-poliester","11":"product_tag-costura-criativa","12":"product_tag-feltro","13":"product_tag-laranja","14":"product_tag-liso","15":"product_tag-trabalhos-manuais","17":"first","18":"instock","19":"taxable","20":"shipping-taxable","21":"purchasable","22":"product-type-simple"},"_links":{"self":[{"href":"https:\/\/dev.eunitecidos.pt\/fr\/wp-json\/wp\/v2\/product\/11708","targetHints":{"allow":["GET"]}}],"collection":[{"href":"https:\/\/dev.eunitecidos.pt\/fr\/wp-json\/wp\/v2\/product"}],"about":[{"href":"https:\/\/dev.eunitecidos.pt\/fr\/wp-json\/wp\/v2\/types\/product"}],"replies":[{"embeddable":true,"href":"https:\/\/dev.eunitecidos.pt\/fr\/wp-json\/wp\/v2\/comments?post=11708"}],"wp:featuredmedia":[{"embeddable":true,"href":"https:\/\/dev.eunitecidos.pt\/fr\/wp-json\/wp\/v2\/media\/11691"}],"wp:attachment":[{"href":"https:\/\/dev.eunitecidos.pt\/fr\/wp-json\/wp\/v2\/media?parent=11708"}],"wp:term":[{"taxonomy":"product_brand","embeddable":true,"href":"https:\/\/dev.eunitecidos.pt\/fr\/wp-json\/wp\/v2\/product_brand?post=11708"},{"taxonomy":"product_cat","embeddable":true,"href":"https:\/\/dev.eunitecidos.pt\/fr\/wp-json\/wp\/v2\/product_cat?post=11708"},{"taxonomy":"product_tag","embeddable":true,"href":"https:\/\/dev.eunitecidos.pt\/fr\/wp-json\/wp\/v2\/product_tag?post=11708"}],"curies":[{"name":"wp","href":"https:\/\/api.w.org\/{rel}","templated":true}]}}