
{"id":12278,"date":"2022-02-09T21:51:03","date_gmt":"2022-02-09T21:51:03","guid":{"rendered":"https:\/\/dev.eunitecidos.pt\/?post_type=product&#038;p=12278"},"modified":"2026-01-07T16:10:41","modified_gmt":"2026-01-07T16:10:41","slug":"cetim-liso-cinza-claro-ref-22","status":"publish","type":"product","link":"https:\/\/dev.eunitecidos.pt\/fr\/loja\/texteis\/cetim-liso-cinza-claro-ref-22\/","title":{"rendered":"Satin\u00e9 | Uni | Gris clair (r\u00e9f.22)"},"content":{"rendered":"<p>Satin\u00e9 | Uni | Gris clair (r\u00e9f.22)<\/p>\n<p>Tissu l\u00e9ger et fluide avec une brillance sur un c\u00f4t\u00e9.<\/p>\n<p>Id\u00e9al pour les v\u00eatements, le linge de lit, les marches, les carnavals, etc.<\/p>\n<p>100% Polyester 80\/90 gr\/m2<\/p>\n<p>1,50 Largeur<\/p>","protected":false},"excerpt":{"rendered":"<p>Satin | Uni | Gris clair (r\u00e9f.22) Tissu l\u00e9ger et fluide avec une brillance sur une face. Id\u00e9al pour les v\u00eatements, le linge de lit, les d\u00e9fil\u00e9s, les carnavals, etc. 100% Polyester 80\/90 gr\/m2 1.50 Largeur<\/p>","protected":false},"featured_media":12257,"comment_status":"closed","ping_status":"closed","template":"","meta":{"_seopress_robots_primary_cat":"69","_seopress_titles_title":"Tecido Cetim Liso Cinza Claro | Leve e Brilhante","_seopress_titles_desc":"Leve e fluido, com brilho sutil. Ideal para roupas e acess\u00f3rios de moda, roupa de cama e decora\u00e7\u00e3o de festas. Composi\u00e7\u00e3o 100% poli\u00e9ster.","_seopress_robots_index":""},"product_brand":[],"product_cat":[2059,69],"product_tag":[707,1992,2052,1631,677,2060],"class_list":{"0":"post-12278","1":"product","2":"type-product","3":"status-publish","4":"has-post-thumbnail","6":"product_cat-cetim-lisos-estampados","7":"product_cat-texteis","8":"product_tag-100-poliester","9":"product_tag-carnaval","10":"product_tag-cetim","11":"product_tag-cinza-claro","12":"product_tag-liso","13":"product_tag-marchas","15":"first","16":"instock","17":"taxable","18":"shipping-taxable","19":"purchasable","20":"product-type-simple"},"_links":{"self":[{"href":"https:\/\/dev.eunitecidos.pt\/fr\/wp-json\/wp\/v2\/product\/12278","targetHints":{"allow":["GET"]}}],"collection":[{"href":"https:\/\/dev.eunitecidos.pt\/fr\/wp-json\/wp\/v2\/product"}],"about":[{"href":"https:\/\/dev.eunitecidos.pt\/fr\/wp-json\/wp\/v2\/types\/product"}],"replies":[{"embeddable":true,"href":"https:\/\/dev.eunitecidos.pt\/fr\/wp-json\/wp\/v2\/comments?post=12278"}],"wp:featuredmedia":[{"embeddable":true,"href":"https:\/\/dev.eunitecidos.pt\/fr\/wp-json\/wp\/v2\/media\/12257"}],"wp:attachment":[{"href":"https:\/\/dev.eunitecidos.pt\/fr\/wp-json\/wp\/v2\/media?parent=12278"}],"wp:term":[{"taxonomy":"product_brand","embeddable":true,"href":"https:\/\/dev.eunitecidos.pt\/fr\/wp-json\/wp\/v2\/product_brand?post=12278"},{"taxonomy":"product_cat","embeddable":true,"href":"https:\/\/dev.eunitecidos.pt\/fr\/wp-json\/wp\/v2\/product_cat?post=12278"},{"taxonomy":"product_tag","embeddable":true,"href":"https:\/\/dev.eunitecidos.pt\/fr\/wp-json\/wp\/v2\/product_tag?post=12278"}],"curies":[{"name":"wp","href":"https:\/\/api.w.org\/{rel}","templated":true}]}}