
{"id":12283,"date":"2022-02-09T21:44:27","date_gmt":"2022-02-09T21:44:27","guid":{"rendered":"https:\/\/dev.eunitecidos.pt\/?post_type=product&#038;p=12283"},"modified":"2026-01-07T16:10:44","modified_gmt":"2026-01-07T16:10:44","slug":"cetim-liso-azul-celeste-ref-31","status":"publish","type":"product","link":"https:\/\/dev.eunitecidos.pt\/fr\/loja\/texteis\/cetim-liso-azul-celeste-ref-31\/","title":{"rendered":"Satin | Uni | Bleu ciel (ref.31)"},"content":{"rendered":"<p>Satin | Uni | Bleu ciel (ref.31)<\/p>\n<p>Tissu l\u00e9ger et fluide avec une brillance sur un c\u00f4t\u00e9.<\/p>\n<p>Id\u00e9al pour les v\u00eatements, le linge de lit, les marches, les carnavals, etc.<\/p>\n<p>100% Polyester 80\/90 gr\/m2<\/p>\n<p>1,50 Largeur<\/p>","protected":false},"excerpt":{"rendered":"<p>Satin | Uni | Bleu ciel (r\u00e9f.31) Tissu l\u00e9ger et fluide avec une brillance sur une face. Id\u00e9al pour les v\u00eatements, le linge de lit, les d\u00e9fil\u00e9s, les carnavals, etc. 100% Polyester 80\/90 gr\/m2 1.50 Largeur<\/p>","protected":false},"featured_media":12253,"comment_status":"closed","ping_status":"closed","template":"","meta":{"_seopress_robots_primary_cat":"69","_seopress_titles_title":"Tecido Cetim Liso Azul Celeste para Vestu\u00e1rio e Decora\u00e7\u00e3o","_seopress_titles_desc":"Descubra o cetim azul celeste ref.31, perfeito para vestu\u00e1rio e decora\u00e7\u00e3o. Leve, brilhante e vers\u00e1til, ideal para carnaval e roupa de cama.","_seopress_robots_index":""},"product_brand":[],"product_cat":[2059,69],"product_tag":[707,1761,2061,2052,677],"class_list":{"0":"post-12283","1":"product","2":"type-product","3":"status-publish","4":"has-post-thumbnail","6":"product_cat-cetim-lisos-estampados","7":"product_cat-texteis","8":"product_tag-100-poliester","9":"product_tag-azul-celeste","10":"product_tag-carnaval-marchas","11":"product_tag-cetim","12":"product_tag-liso","14":"first","15":"instock","16":"taxable","17":"shipping-taxable","18":"purchasable","19":"product-type-simple"},"_links":{"self":[{"href":"https:\/\/dev.eunitecidos.pt\/fr\/wp-json\/wp\/v2\/product\/12283","targetHints":{"allow":["GET"]}}],"collection":[{"href":"https:\/\/dev.eunitecidos.pt\/fr\/wp-json\/wp\/v2\/product"}],"about":[{"href":"https:\/\/dev.eunitecidos.pt\/fr\/wp-json\/wp\/v2\/types\/product"}],"replies":[{"embeddable":true,"href":"https:\/\/dev.eunitecidos.pt\/fr\/wp-json\/wp\/v2\/comments?post=12283"}],"wp:featuredmedia":[{"embeddable":true,"href":"https:\/\/dev.eunitecidos.pt\/fr\/wp-json\/wp\/v2\/media\/12253"}],"wp:attachment":[{"href":"https:\/\/dev.eunitecidos.pt\/fr\/wp-json\/wp\/v2\/media?parent=12283"}],"wp:term":[{"taxonomy":"product_brand","embeddable":true,"href":"https:\/\/dev.eunitecidos.pt\/fr\/wp-json\/wp\/v2\/product_brand?post=12283"},{"taxonomy":"product_cat","embeddable":true,"href":"https:\/\/dev.eunitecidos.pt\/fr\/wp-json\/wp\/v2\/product_cat?post=12283"},{"taxonomy":"product_tag","embeddable":true,"href":"https:\/\/dev.eunitecidos.pt\/fr\/wp-json\/wp\/v2\/product_tag?post=12283"}],"curies":[{"name":"wp","href":"https:\/\/api.w.org\/{rel}","templated":true}]}}