
{"id":12442,"date":"2022-02-15T19:50:51","date_gmt":"2022-02-15T19:50:51","guid":{"rendered":"https:\/\/dev.eunitecidos.pt\/?post_type=product&#038;p=12442"},"modified":"2024-06-08T16:02:09","modified_gmt":"2024-06-08T16:02:09","slug":"plastificado-basico-pintinha-verde-alface-brilhante","status":"publish","type":"product","link":"https:\/\/dev.eunitecidos.pt\/fr\/loja\/plastificados\/plastificado-basico-pintinha-verde-alface-brilhante\/","title":{"rendered":"Plastifi\u00e9 | Basic | Pintinha | Laitue verte"},"content":{"rendered":"<p>Plastifi\u00e9 | Basic | Pintinha | Laitue verte<\/p>\n<p>Tissu plastifi\u00e9 avec surface brillante<\/p>\n<p>1.40 Largeur<\/p>\n<p>D\u00e9couvrez le tissu plastifi\u00e9 vert laitue, parfait pour vos projets de d\u00e9coration. Appr\u00e9ciez l'\u00e9l\u00e9gance et la durabilit\u00e9 de ce mat\u00e9riau de haute qualit\u00e9 !<\/p>","protected":false},"excerpt":{"rendered":"<p>Plastifi\u00e9 | Basic | Tachet\u00e9 | Vert laitue Tissu plastifi\u00e9 avec surface brillante 1.40 Wide D\u00e9couvrez le tissu plastifi\u00e9 vert laitue brillant, parfait pour vos projets de d\u00e9coration. Appr\u00e9ciez l'\u00e9l\u00e9gance et la durabilit\u00e9 de ce mat\u00e9riau de haute qualit\u00e9 !<\/p>","protected":false},"featured_media":12403,"comment_status":"closed","ping_status":"closed","template":"","meta":{"_seopress_robots_primary_cat":"92","_seopress_titles_title":"Tecido Plastificado Verde Alface 1,40 Largura","_seopress_titles_desc":"Descubra o tecido plastificado verde alface brilhante, perfeito para os seus projetos de decora\u00e7\u00e3o. Aproveite a eleg\u00e2ncia e durabilidade deste material de alta qualidade!","_seopress_robots_index":""},"product_brand":[],"product_cat":[251,92,162],"product_tag":[404,2069,786,951,1323,506,3041,808,882],"class_list":{"0":"post-12442","1":"product","2":"type-product","3":"status-publish","4":"has-post-thumbnail","6":"product_cat-basicos-plastificados-plastificados","7":"product_cat-plastificados","8":"product_cat-plastificados-plastificados","9":"product_tag-basicos","10":"product_tag-brilhante","11":"product_tag-impermeaveis","12":"product_tag-impermeavel","13":"product_tag-pintinhas","14":"product_tag-plastificado","15":"product_tag-primavera-verao","16":"product_tag-toalhas-de-mesa","17":"product_tag-verde-alface","19":"first","20":"instock","21":"taxable","22":"shipping-taxable","23":"purchasable","24":"product-type-simple"},"_links":{"self":[{"href":"https:\/\/dev.eunitecidos.pt\/fr\/wp-json\/wp\/v2\/product\/12442","targetHints":{"allow":["GET"]}}],"collection":[{"href":"https:\/\/dev.eunitecidos.pt\/fr\/wp-json\/wp\/v2\/product"}],"about":[{"href":"https:\/\/dev.eunitecidos.pt\/fr\/wp-json\/wp\/v2\/types\/product"}],"replies":[{"embeddable":true,"href":"https:\/\/dev.eunitecidos.pt\/fr\/wp-json\/wp\/v2\/comments?post=12442"}],"wp:featuredmedia":[{"embeddable":true,"href":"https:\/\/dev.eunitecidos.pt\/fr\/wp-json\/wp\/v2\/media\/12403"}],"wp:attachment":[{"href":"https:\/\/dev.eunitecidos.pt\/fr\/wp-json\/wp\/v2\/media?parent=12442"}],"wp:term":[{"taxonomy":"product_brand","embeddable":true,"href":"https:\/\/dev.eunitecidos.pt\/fr\/wp-json\/wp\/v2\/product_brand?post=12442"},{"taxonomy":"product_cat","embeddable":true,"href":"https:\/\/dev.eunitecidos.pt\/fr\/wp-json\/wp\/v2\/product_cat?post=12442"},{"taxonomy":"product_tag","embeddable":true,"href":"https:\/\/dev.eunitecidos.pt\/fr\/wp-json\/wp\/v2\/product_tag?post=12442"}],"curies":[{"name":"wp","href":"https:\/\/api.w.org\/{rel}","templated":true}]}}