
{"id":12446,"date":"2022-02-15T19:40:28","date_gmt":"2022-02-15T19:40:28","guid":{"rendered":"https:\/\/dev.eunitecidos.pt\/?post_type=product&#038;p=12446"},"modified":"2025-11-20T17:51:17","modified_gmt":"2025-11-20T17:51:17","slug":"plastificado-basico-pintinha-cinza-brilhante","status":"publish","type":"product","link":"https:\/\/dev.eunitecidos.pt\/fr\/loja\/plastificados\/plastificado-basico-pintinha-cinza-brilhante\/","title":{"rendered":"Plasticis\u00e9 | Basique | Tachet\u00e9 | Gris (terne)"},"content":{"rendered":"<p>Plastifi\u00e9 | Basic | Pinstripe | Grey (Glossy)<\/p>\n<p>Tissu plastifi\u00e9 avec surface brillante<\/p>\n<p>1.40 Largeur<\/p>\n<p>D\u00e9couvrez le tissu lamin\u00e9 en gris brillant, id\u00e9al pour les projets basiques aux d\u00e9tails modernes. D'une largeur de 1,40 m\u00e8tre, il est parfait pour ajouter une touche sp\u00e9ciale \u00e0 vos cr\u00e9ations.<\/p>","protected":false},"excerpt":{"rendered":"<p>Plastifi\u00e9 | Basique | Pinstripe | Gris (Brillant) Tissu plastifi\u00e9 avec surface brillante 1,40 m\u00e8tre de large D\u00e9couvrez le tissu plastifi\u00e9 en gris brillant, id\u00e9al pour les projets basiques avec des d\u00e9tails modernes. D'une largeur de 1,40 m\u00e8tre, il est parfait pour apporter une touche particuli\u00e8re \u00e0 vos cr\u00e9ations.<\/p>","protected":false},"featured_media":12391,"comment_status":"closed","ping_status":"closed","template":"","meta":{"_seopress_robots_primary_cat":"92","_seopress_titles_title":"Tecido Plastificado Cinza Brilhante 1,40 Largura","_seopress_titles_desc":"Descubra o tecido plastificado em cinza brilhante, ideal para projetos b\u00e1sicos com detalhes modernos. Com 1,40 de largura, \u00e9 perfeito para dar aquele toque especial \u00e0s suas cria\u00e7\u00f5es.","_seopress_robots_index":""},"product_brand":[],"product_cat":[251,92,162],"product_tag":[404,2069,351,951,1323,506,100,3041,767,814,591,456],"class_list":{"0":"post-12446","1":"product","2":"type-product","3":"status-publish","4":"has-post-thumbnail","6":"product_cat-basicos-plastificados-plastificados","7":"product_cat-plastificados","8":"product_cat-plastificados-plastificados","9":"product_tag-basicos","10":"product_tag-brilhante","11":"product_tag-cinza","12":"product_tag-impermeavel","13":"product_tag-pintinhas","14":"product_tag-plastificado","15":"product_tag-praia","16":"product_tag-primavera-verao","17":"product_tag-sacos","18":"product_tag-sacos-de-praia","19":"product_tag-toalhas","20":"product_tag-verao","22":"first","23":"instock","24":"taxable","25":"shipping-taxable","26":"purchasable","27":"product-type-simple"},"_links":{"self":[{"href":"https:\/\/dev.eunitecidos.pt\/fr\/wp-json\/wp\/v2\/product\/12446","targetHints":{"allow":["GET"]}}],"collection":[{"href":"https:\/\/dev.eunitecidos.pt\/fr\/wp-json\/wp\/v2\/product"}],"about":[{"href":"https:\/\/dev.eunitecidos.pt\/fr\/wp-json\/wp\/v2\/types\/product"}],"replies":[{"embeddable":true,"href":"https:\/\/dev.eunitecidos.pt\/fr\/wp-json\/wp\/v2\/comments?post=12446"}],"wp:featuredmedia":[{"embeddable":true,"href":"https:\/\/dev.eunitecidos.pt\/fr\/wp-json\/wp\/v2\/media\/12391"}],"wp:attachment":[{"href":"https:\/\/dev.eunitecidos.pt\/fr\/wp-json\/wp\/v2\/media?parent=12446"}],"wp:term":[{"taxonomy":"product_brand","embeddable":true,"href":"https:\/\/dev.eunitecidos.pt\/fr\/wp-json\/wp\/v2\/product_brand?post=12446"},{"taxonomy":"product_cat","embeddable":true,"href":"https:\/\/dev.eunitecidos.pt\/fr\/wp-json\/wp\/v2\/product_cat?post=12446"},{"taxonomy":"product_tag","embeddable":true,"href":"https:\/\/dev.eunitecidos.pt\/fr\/wp-json\/wp\/v2\/product_tag?post=12446"}],"curies":[{"name":"wp","href":"https:\/\/api.w.org\/{rel}","templated":true}]}}