
{"id":13335,"date":"2022-03-10T09:37:25","date_gmt":"2022-03-10T09:37:25","guid":{"rendered":"https:\/\/dev.eunitecidos.pt\/?post_type=product&#038;p=13335"},"modified":"2022-06-01T16:27:18","modified_gmt":"2022-06-01T16:27:18","slug":"tecido-100-algodao-indigo-cozinha-rosa","status":"publish","type":"product","link":"https:\/\/dev.eunitecidos.pt\/fr\/loja\/texteis\/tecido-100-algodao-indigo-cozinha-rosa\/","title":{"rendered":"Tissu 100% Coton | Indigo | Cuisine Rose"},"content":{"rendered":"<p>Tissu 100% Coton | Indigo | Cuisine Rose<\/p>\n<p>Tissu 100% Coton<\/p>\n<p>Coton biologique indigo<\/p>\n<p>Certifi\u00e9 OEKO-TEX et GOTS<\/p>\n<p>1,50 Largeur<\/p>","protected":false},"excerpt":{"rendered":"<p>Tissu 100% Coton | Indigo | Cuisine Rose Tissu 100% Coton Coton biologique d'Indigo Certifi\u00e9 OEKO-TEX et GOTS 1,50 Largeur<\/p>","protected":false},"featured_media":13307,"comment_status":"closed","ping_status":"closed","template":"","meta":{"_seopress_robots_primary_cat":"69","_seopress_titles_title":"Tecido 100% Algod\u00e3o Indigo Certificado OEKO-TEX e GOTS","_seopress_titles_desc":"Descubra o tecido de 100% algod\u00e3o org\u00e2nico da marca Indigo, certificado OEKO-TEX e GOTS. Ideal para projetos de cozinha em tons de rosa. Confira!","_seopress_robots_index":""},"product_brand":[],"product_cat":[194,198,135,69],"product_tag":[315,443,307,298,321,857,340,86,1939,1192,893,1712,1920,102],"class_list":{"0":"post-13335","1":"product","2":"type-product","3":"status-publish","4":"has-post-thumbnail","6":"product_cat-algodao-organico","7":"product_cat-cozinha","8":"product_cat-tecido-100-algodao","9":"product_cat-texteis","10":"product_tag-100-algodao","11":"product_tag-algodao-organico","12":"product_tag-amarelo","13":"product_tag-azul","14":"product_tag-branco","15":"product_tag-cozinha","16":"product_tag-estampado","17":"product_tag-flores","18":"product_tag-fundo-rosa","19":"product_tag-indigo","20":"product_tag-menta","21":"product_tag-tecido-algodao","22":"product_tag-utensilios-de-cozinha","23":"product_tag-verde","25":"first","26":"instock","27":"taxable","28":"shipping-taxable","29":"purchasable","30":"product-type-simple"},"_links":{"self":[{"href":"https:\/\/dev.eunitecidos.pt\/fr\/wp-json\/wp\/v2\/product\/13335","targetHints":{"allow":["GET"]}}],"collection":[{"href":"https:\/\/dev.eunitecidos.pt\/fr\/wp-json\/wp\/v2\/product"}],"about":[{"href":"https:\/\/dev.eunitecidos.pt\/fr\/wp-json\/wp\/v2\/types\/product"}],"replies":[{"embeddable":true,"href":"https:\/\/dev.eunitecidos.pt\/fr\/wp-json\/wp\/v2\/comments?post=13335"}],"wp:featuredmedia":[{"embeddable":true,"href":"https:\/\/dev.eunitecidos.pt\/fr\/wp-json\/wp\/v2\/media\/13307"}],"wp:attachment":[{"href":"https:\/\/dev.eunitecidos.pt\/fr\/wp-json\/wp\/v2\/media?parent=13335"}],"wp:term":[{"taxonomy":"product_brand","embeddable":true,"href":"https:\/\/dev.eunitecidos.pt\/fr\/wp-json\/wp\/v2\/product_brand?post=13335"},{"taxonomy":"product_cat","embeddable":true,"href":"https:\/\/dev.eunitecidos.pt\/fr\/wp-json\/wp\/v2\/product_cat?post=13335"},{"taxonomy":"product_tag","embeddable":true,"href":"https:\/\/dev.eunitecidos.pt\/fr\/wp-json\/wp\/v2\/product_tag?post=13335"}],"curies":[{"name":"wp","href":"https:\/\/api.w.org\/{rel}","templated":true}]}}