
{"id":14482,"date":"2022-04-04T18:40:54","date_gmt":"2022-04-04T18:40:54","guid":{"rendered":"https:\/\/dev.eunitecidos.pt\/?post_type=product&#038;p=14482"},"modified":"2025-10-31T10:14:01","modified_gmt":"2025-10-31T10:14:01","slug":"tecidos-100-algodao-disney-cars-3","status":"publish","type":"product","link":"https:\/\/dev.eunitecidos.pt\/fr\/loja\/cores\/tecidos-100-algodao-disney-cars-3\/","title":{"rendered":"Tissus 100% Coton Disney | Furious Speed"},"content":{"rendered":"<p>Tissus 100% Coton Disney | Furious Speed<\/p>\n<p>Tissus sous licence<\/p>\n<p>100% Coton<\/p>\n<p>Certificat Oeko - Tex<\/p>","protected":false},"excerpt":{"rendered":"<p>Tissus 100% Coton Disney | Furious Speed<\/p>\n<p>Tissus sous licence<\/p>\n<p>100% Coton<\/p>\n<p>Certificat Oeko - Tex<\/p>","protected":false},"featured_media":14420,"comment_status":"open","ping_status":"closed","template":"","meta":{"_seopress_robots_primary_cat":"122","_seopress_titles_title":"Tecidos 100% Algod\u00e3o Disney | Velocidade Furiosa","_seopress_titles_desc":"Descubra os tecidos 100% algod\u00e3o da Disney, com certifica\u00e7\u00e3o Oeko-Tex. Escolha qualidade e criatividade com a Velocidade Furiosa Tecidos Licenciados.","_seopress_robots_index":""},"product_brand":[],"product_cat":[124,325,131,128,122,195,381,127,135,69,126],"product_tag":[315,298,319,321,1215,318,300,449,451,303,491,448,756,453],"class_list":{"0":"post-14482","1":"product","2":"type-product","3":"status-publish","4":"has-post-thumbnail","6":"product_cat-azul","7":"product_cat-bege","8":"product_cat-branco","9":"product_cat-cinzento","10":"product_cat-cores","11":"product_cat-disney-licencas","12":"product_cat-infantis-tecido-100-algodao","13":"product_cat-preto","14":"product_cat-tecido-100-algodao","15":"product_cat-texteis","16":"product_cat-vermelho","17":"product_tag-100-algodao","18":"product_tag-azul","19":"product_tag-bege","20":"product_tag-branco","21":"product_tag-cars","22":"product_tag-cinzento","23":"product_tag-crianca","24":"product_tag-disney","25":"product_tag-licencas","26":"product_tag-menino","27":"product_tag-preto","28":"product_tag-tecidos","29":"product_tag-tecidos-disney","30":"product_tag-vermelho","32":"first","33":"instock","34":"taxable","35":"shipping-taxable","36":"purchasable","37":"product-type-simple"},"_links":{"self":[{"href":"https:\/\/dev.eunitecidos.pt\/fr\/wp-json\/wp\/v2\/product\/14482","targetHints":{"allow":["GET"]}}],"collection":[{"href":"https:\/\/dev.eunitecidos.pt\/fr\/wp-json\/wp\/v2\/product"}],"about":[{"href":"https:\/\/dev.eunitecidos.pt\/fr\/wp-json\/wp\/v2\/types\/product"}],"replies":[{"embeddable":true,"href":"https:\/\/dev.eunitecidos.pt\/fr\/wp-json\/wp\/v2\/comments?post=14482"}],"wp:featuredmedia":[{"embeddable":true,"href":"https:\/\/dev.eunitecidos.pt\/fr\/wp-json\/wp\/v2\/media\/14420"}],"wp:attachment":[{"href":"https:\/\/dev.eunitecidos.pt\/fr\/wp-json\/wp\/v2\/media?parent=14482"}],"wp:term":[{"taxonomy":"product_brand","embeddable":true,"href":"https:\/\/dev.eunitecidos.pt\/fr\/wp-json\/wp\/v2\/product_brand?post=14482"},{"taxonomy":"product_cat","embeddable":true,"href":"https:\/\/dev.eunitecidos.pt\/fr\/wp-json\/wp\/v2\/product_cat?post=14482"},{"taxonomy":"product_tag","embeddable":true,"href":"https:\/\/dev.eunitecidos.pt\/fr\/wp-json\/wp\/v2\/product_tag?post=14482"}],"curies":[{"name":"wp","href":"https:\/\/api.w.org\/{rel}","templated":true}]}}