
{"id":14493,"date":"2022-04-05T15:42:54","date_gmt":"2022-04-05T15:42:54","guid":{"rendered":"https:\/\/dev.eunitecidos.pt\/?post_type=product&#038;p=14493"},"modified":"2025-09-17T20:35:43","modified_gmt":"2025-09-17T20:35:43","slug":"tecido-100-algodao-disney-dumbo","status":"publish","type":"product","link":"https:\/\/dev.eunitecidos.pt\/fr\/loja\/texteis\/tecido-100-algodao-disney-dumbo\/","title":{"rendered":"Tissu 100% Coton | Disney | Dumbo"},"content":{"rendered":"<p>Tissu 100% Coton | Disney | Dumbo<\/p>\n<p>100% Tissu en coton biologique<\/p>\n<p>Certifi\u00e9 OEKO-TEX<\/p>\n<p>Licences<\/p>\n<p>1,50 Largeur<\/p>","protected":false},"excerpt":{"rendered":"<p>Tissu 100% Coton | Disney | Dumbo Tissu 100% Coton biologique Licences certifi\u00e9es OEKO-TEX 1.50 Wide<\/p>","protected":false},"featured_media":14408,"comment_status":"closed","ping_status":"closed","template":"","meta":{"_seopress_robots_primary_cat":"69","_seopress_titles_title":"Tecido 100% Algod\u00e3o Disney Dumbo Org\u00e2nico Certificado OEKO-TEX","_seopress_titles_desc":"Descubra o tecido 100% algod\u00e3o org\u00e2nico certificado OEKO-TEX com licen\u00e7as da Disney, 1,50 de largura. Perfeito para os f\u00e3s de Dumbo!","_seopress_robots_index":""},"product_brand":[],"product_cat":[194,195,381,135,69],"product_tag":[315,443,301,319,321,2248,449,2247,1619,302,2081,451,1712],"class_list":{"0":"post-14493","1":"product","2":"type-product","3":"status-publish","4":"has-post-thumbnail","6":"product_cat-algodao-organico","7":"product_cat-disney-licencas","8":"product_cat-infantis-tecido-100-algodao","9":"product_cat-tecido-100-algodao","10":"product_cat-texteis","11":"product_tag-100-algodao","12":"product_tag-algodao-organico","13":"product_tag-bebe","14":"product_tag-bege","15":"product_tag-branco","16":"product_tag-cegonha","17":"product_tag-disney","18":"product_tag-dumbo","19":"product_tag-estampado-infantil","20":"product_tag-estrelas","21":"product_tag-fundo-cinza","22":"product_tag-licencas","23":"product_tag-tecido-algodao","25":"first","26":"instock","27":"taxable","28":"shipping-taxable","29":"purchasable","30":"product-type-simple"},"_links":{"self":[{"href":"https:\/\/dev.eunitecidos.pt\/fr\/wp-json\/wp\/v2\/product\/14493","targetHints":{"allow":["GET"]}}],"collection":[{"href":"https:\/\/dev.eunitecidos.pt\/fr\/wp-json\/wp\/v2\/product"}],"about":[{"href":"https:\/\/dev.eunitecidos.pt\/fr\/wp-json\/wp\/v2\/types\/product"}],"replies":[{"embeddable":true,"href":"https:\/\/dev.eunitecidos.pt\/fr\/wp-json\/wp\/v2\/comments?post=14493"}],"wp:featuredmedia":[{"embeddable":true,"href":"https:\/\/dev.eunitecidos.pt\/fr\/wp-json\/wp\/v2\/media\/14408"}],"wp:attachment":[{"href":"https:\/\/dev.eunitecidos.pt\/fr\/wp-json\/wp\/v2\/media?parent=14493"}],"wp:term":[{"taxonomy":"product_brand","embeddable":true,"href":"https:\/\/dev.eunitecidos.pt\/fr\/wp-json\/wp\/v2\/product_brand?post=14493"},{"taxonomy":"product_cat","embeddable":true,"href":"https:\/\/dev.eunitecidos.pt\/fr\/wp-json\/wp\/v2\/product_cat?post=14493"},{"taxonomy":"product_tag","embeddable":true,"href":"https:\/\/dev.eunitecidos.pt\/fr\/wp-json\/wp\/v2\/product_tag?post=14493"}],"curies":[{"name":"wp","href":"https:\/\/api.w.org\/{rel}","templated":true}]}}