
{"id":15091,"date":"2022-05-04T13:48:54","date_gmt":"2022-05-04T13:48:54","guid":{"rendered":"https:\/\/dev.eunitecidos.pt\/?post_type=product&#038;p=15091"},"modified":"2025-07-02T11:07:15","modified_gmt":"2025-07-02T11:07:15","slug":"fita-bordado-ingles-branco-ref-bi117","status":"publish","type":"product","link":"https:\/\/dev.eunitecidos.pt\/fr\/loja\/retrosaria\/fita-bordado-ingles-branco-ref-bi117\/","title":{"rendered":"Ruban \u00e0 broder anglais | Blanc | R\u00e9f. BI117"},"content":{"rendered":"<p>Ruban \u00e0 broder anglais | Blanc | R\u00e9f. BI117<\/p>\n<p>Ruban de broderie anglaise de 3 cm de large<\/p>\n<p>100% Coton<\/p>","protected":false},"excerpt":{"rendered":"<p>Ruban \u00e0 broder anglais | Blanc | Ref. BI117 Ruban \u00e0 broder anglais 3cm de large 100% Coton<\/p>","protected":false},"featured_media":15088,"comment_status":"closed","ping_status":"closed","template":"","meta":{"_seopress_robots_primary_cat":"72","_seopress_titles_title":"Fita Bordado Ingl\u00eas Branco 3cm | Ref. BI117","_seopress_titles_desc":"Descubra a fita bordado ingl\u00eas de 3cm de largura e 100% algod\u00e3o em branco, refer\u00eancia BI117. Perfeita para os seus projetos de costura.","_seopress_robots_index":""},"product_brand":[],"product_cat":[287,181,72],"product_tag":[315,617,2227,997,321,2294,1770,2300,612],"class_list":{"0":"post-15091","1":"product","2":"type-product","3":"status-publish","4":"has-post-thumbnail","6":"product_cat-bordados","7":"product_cat-rendas-bordados","8":"product_cat-retrosaria","9":"product_tag-100-algodao","10":"product_tag-3cm","11":"product_tag-bordado-ingles","12":"product_tag-bordados","13":"product_tag-branco","14":"product_tag-fita-bordado-ingles","15":"product_tag-fitas","16":"product_tag-passe-fita","17":"product_tag-retrosaria","19":"first","20":"instock","21":"taxable","22":"shipping-taxable","23":"purchasable","24":"product-type-simple"},"_links":{"self":[{"href":"https:\/\/dev.eunitecidos.pt\/fr\/wp-json\/wp\/v2\/product\/15091","targetHints":{"allow":["GET"]}}],"collection":[{"href":"https:\/\/dev.eunitecidos.pt\/fr\/wp-json\/wp\/v2\/product"}],"about":[{"href":"https:\/\/dev.eunitecidos.pt\/fr\/wp-json\/wp\/v2\/types\/product"}],"replies":[{"embeddable":true,"href":"https:\/\/dev.eunitecidos.pt\/fr\/wp-json\/wp\/v2\/comments?post=15091"}],"wp:featuredmedia":[{"embeddable":true,"href":"https:\/\/dev.eunitecidos.pt\/fr\/wp-json\/wp\/v2\/media\/15088"}],"wp:attachment":[{"href":"https:\/\/dev.eunitecidos.pt\/fr\/wp-json\/wp\/v2\/media?parent=15091"}],"wp:term":[{"taxonomy":"product_brand","embeddable":true,"href":"https:\/\/dev.eunitecidos.pt\/fr\/wp-json\/wp\/v2\/product_brand?post=15091"},{"taxonomy":"product_cat","embeddable":true,"href":"https:\/\/dev.eunitecidos.pt\/fr\/wp-json\/wp\/v2\/product_cat?post=15091"},{"taxonomy":"product_tag","embeddable":true,"href":"https:\/\/dev.eunitecidos.pt\/fr\/wp-json\/wp\/v2\/product_tag?post=15091"}],"curies":[{"name":"wp","href":"https:\/\/api.w.org\/{rel}","templated":true}]}}