
{"id":15372,"date":"2022-05-16T11:25:36","date_gmt":"2022-05-16T11:25:36","guid":{"rendered":"https:\/\/dev.eunitecidos.pt\/?post_type=product&#038;p=15372"},"modified":"2025-04-16T22:19:09","modified_gmt":"2025-04-16T22:19:09","slug":"tecido-loneta-estampado-flamingos","status":"publish","type":"product","link":"https:\/\/dev.eunitecidos.pt\/fr\/loja\/texteis\/tecido-loneta-estampado-flamingos\/","title":{"rendered":"Loneta Fabric | Imprim\u00e9 | Flamants"},"content":{"rendered":"<p>Loneta Fabric | Imprim\u00e9 | Flamants<\/p>\n<p>Composition : 65% Coton 35% Polyester<\/p>\n<p>2.80 Largeur<\/p>","protected":false},"excerpt":{"rendered":"<p>Tissu Loneta | Imprim\u00e9 | Flamants Composition : 65% Coton 35% Polyester 2,80 Largeur<\/p>","protected":false},"featured_media":15262,"comment_status":"closed","ping_status":"closed","template":"","meta":{"_seopress_robots_primary_cat":"69","_seopress_titles_title":"Tecido Loneta Estampado Flamingos | Algod\u00e3o Poli\u00e9ster","_seopress_titles_desc":"Descubra a beleza do tecido loneta estampado com flamingos. Composi\u00e7\u00e3o de 65% algod\u00e3o e 35% poli\u00e9ster, com largura de 2,80 metros. Encomende j\u00e1!","_seopress_robots_index":""},"product_brand":[],"product_cat":[244,242,159,69],"product_tag":[307,1761,340,1610,86,1949,893,491,320,1275,1758,1659,456,2883],"class_list":{"0":"post-15372","1":"product","2":"type-product","3":"status-publish","4":"has-post-thumbnail","6":"product_cat-estampadas-lonetas","7":"product_cat-lonetas","8":"product_cat-tecidos-decoracao","9":"product_cat-texteis","10":"product_tag-amarelo","11":"product_tag-azul-celeste","12":"product_tag-estampado","13":"product_tag-flamingo","14":"product_tag-flores","15":"product_tag-melancia","16":"product_tag-menta","17":"product_tag-preto","18":"product_tag-rosa","19":"product_tag-rosa-chiclet","20":"product_tag-tecido-decoracao","21":"product_tag-tecido-loneta","22":"product_tag-verao","23":"product_tag-verao-praia","25":"first","26":"instock","27":"taxable","28":"shipping-taxable","29":"purchasable","30":"product-type-simple"},"_links":{"self":[{"href":"https:\/\/dev.eunitecidos.pt\/fr\/wp-json\/wp\/v2\/product\/15372","targetHints":{"allow":["GET"]}}],"collection":[{"href":"https:\/\/dev.eunitecidos.pt\/fr\/wp-json\/wp\/v2\/product"}],"about":[{"href":"https:\/\/dev.eunitecidos.pt\/fr\/wp-json\/wp\/v2\/types\/product"}],"replies":[{"embeddable":true,"href":"https:\/\/dev.eunitecidos.pt\/fr\/wp-json\/wp\/v2\/comments?post=15372"}],"wp:featuredmedia":[{"embeddable":true,"href":"https:\/\/dev.eunitecidos.pt\/fr\/wp-json\/wp\/v2\/media\/15262"}],"wp:attachment":[{"href":"https:\/\/dev.eunitecidos.pt\/fr\/wp-json\/wp\/v2\/media?parent=15372"}],"wp:term":[{"taxonomy":"product_brand","embeddable":true,"href":"https:\/\/dev.eunitecidos.pt\/fr\/wp-json\/wp\/v2\/product_brand?post=15372"},{"taxonomy":"product_cat","embeddable":true,"href":"https:\/\/dev.eunitecidos.pt\/fr\/wp-json\/wp\/v2\/product_cat?post=15372"},{"taxonomy":"product_tag","embeddable":true,"href":"https:\/\/dev.eunitecidos.pt\/fr\/wp-json\/wp\/v2\/product_tag?post=15372"}],"curies":[{"name":"wp","href":"https:\/\/api.w.org\/{rel}","templated":true}]}}