
{"id":1589,"date":"2021-06-15T14:47:20","date_gmt":"2021-06-15T14:47:20","guid":{"rendered":"https:\/\/dev.eunitecidos.pt\/?post_type=product&#038;p=1589"},"modified":"2026-01-24T15:45:43","modified_gmt":"2026-01-24T15:45:43","slug":"popelines-100-algodao-organico-cinza","status":"publish","type":"product","link":"https:\/\/dev.eunitecidos.pt\/fr\/loja\/cores\/popelines-100-algodao-organico-cinza\/","title":{"rendered":"Popelines 100% Coton bio - Gris"},"content":{"rendered":"<p>Popelines 100% Coton bio - Gris<\/p>","protected":false},"excerpt":{"rendered":"<p>Popelines 100% Coton bio - Gris<\/p>","protected":false},"featured_media":1600,"comment_status":"open","ping_status":"closed","template":"","meta":{"_seopress_robots_primary_cat":"122","_seopress_titles_title":"Popelines 100% Algod\u00e3o Org\u00e2nico | Cinza","_seopress_titles_desc":"Descubra as suaves e sustent\u00e1veis popelines em 100% algod\u00e3o org\u00e2nico na cor cinza. Conforto e qualidade juntos num s\u00f3 tecido. Confira j\u00e1!","_seopress_robots_index":""},"product_brand":[],"product_cat":[194,189,131,128,122,135,69],"product_tag":[315,290,479,318,470,380,302,86,475,339,378,444],"class_list":{"0":"post-1589","1":"product","2":"type-product","3":"status-publish","4":"has-post-thumbnail","6":"product_cat-algodao-organico","7":"product_cat-basicos","8":"product_cat-branco","9":"product_cat-cinzento","10":"product_cat-cores","11":"product_cat-tecido-100-algodao","12":"product_cat-texteis","13":"product_tag-100-algodao","14":"product_tag-algodao","15":"product_tag-aplicacoes","16":"product_tag-cinzento","17":"product_tag-coordenados","18":"product_tag-coracoes","19":"product_tag-estrelas","20":"product_tag-flores","21":"product_tag-folhos","22":"product_tag-pintas","23":"product_tag-vestuario","24":"product_tag-xadrez","25":"pa_padrao-coracoes","26":"pa_padrao-coracoes-bege","27":"pa_padrao-coracoes-cinza","28":"pa_padrao-estrelas","29":"pa_padrao-estrelas-bege","30":"pa_padrao-estrelas-cinza","31":"pa_padrao-flores","32":"pa_padrao-pintas","33":"pa_padrao-pintas-bege","34":"pa_padrao-pintas-cinza","35":"pa_padrao-xadrez","36":"pa_padrao-xadrez-peq","38":"first","39":"instock","40":"taxable","41":"shipping-taxable","42":"purchasable","43":"product-type-variable"},"_links":{"self":[{"href":"https:\/\/dev.eunitecidos.pt\/fr\/wp-json\/wp\/v2\/product\/1589","targetHints":{"allow":["GET"]}}],"collection":[{"href":"https:\/\/dev.eunitecidos.pt\/fr\/wp-json\/wp\/v2\/product"}],"about":[{"href":"https:\/\/dev.eunitecidos.pt\/fr\/wp-json\/wp\/v2\/types\/product"}],"replies":[{"embeddable":true,"href":"https:\/\/dev.eunitecidos.pt\/fr\/wp-json\/wp\/v2\/comments?post=1589"}],"wp:featuredmedia":[{"embeddable":true,"href":"https:\/\/dev.eunitecidos.pt\/fr\/wp-json\/wp\/v2\/media\/1600"}],"wp:attachment":[{"href":"https:\/\/dev.eunitecidos.pt\/fr\/wp-json\/wp\/v2\/media?parent=1589"}],"wp:term":[{"taxonomy":"product_brand","embeddable":true,"href":"https:\/\/dev.eunitecidos.pt\/fr\/wp-json\/wp\/v2\/product_brand?post=1589"},{"taxonomy":"product_cat","embeddable":true,"href":"https:\/\/dev.eunitecidos.pt\/fr\/wp-json\/wp\/v2\/product_cat?post=1589"},{"taxonomy":"product_tag","embeddable":true,"href":"https:\/\/dev.eunitecidos.pt\/fr\/wp-json\/wp\/v2\/product_tag?post=1589"}],"curies":[{"name":"wp","href":"https:\/\/api.w.org\/{rel}","templated":true}]}}