
{"id":16118,"date":"2022-06-27T06:29:05","date_gmt":"2022-06-27T06:29:05","guid":{"rendered":"https:\/\/dev.eunitecidos.pt\/?post_type=product&#038;p=16118"},"modified":"2022-06-27T06:29:05","modified_gmt":"2022-06-27T06:29:05","slug":"tecido-100-algodao-estampado-gelados","status":"publish","type":"product","link":"https:\/\/dev.eunitecidos.pt\/fr\/loja\/texteis\/tecido-100-algodao-estampado-gelados\/","title":{"rendered":"Tissu 100% Coton | Imprim\u00e9 | Cr\u00e8me glac\u00e9e"},"content":{"rendered":"<p>Tissu 100% Coton | Imprim\u00e9 | Cr\u00e8me glac\u00e9e<\/p>\n<p>100% Coton indigo<\/p>\n<p>Certifi\u00e9 OEKO-TEX et GOTS<\/p>\n<p>1,50 Largeur<\/p>","protected":false},"excerpt":{"rendered":"<p>Tissu 100% Cotton | Printed | Ice Cream 100% Cotton by Indigo Certified OEKO-TEX and GOTS 1,50 Width<\/p>","protected":false},"featured_media":15902,"comment_status":"closed","ping_status":"closed","template":"","meta":{"_seopress_robots_primary_cat":"69","_seopress_titles_title":"Tecido 100% Algod\u00e3o Estampado | Indigo Gelados | Certificado OEKO-TEX e GOTS","_seopress_titles_desc":"Descubra o tecido 100% algod\u00e3o da marca Indigo com estampado de gelados, certificado OEKO-TEX e GOTS. Conhe\u00e7a a largura de 1,50 metros!","_seopress_robots_index":""},"product_brand":[],"product_cat":[194,360,135,69],"product_tag":[315,443,307,340,1995,854,1192,424,1712,891,469,453],"class_list":{"0":"post-16118","1":"product","2":"type-product","3":"status-publish","4":"has-post-thumbnail","6":"product_cat-algodao-organico","7":"product_cat-estampados-tecido-100-algodao","8":"product_cat-tecido-100-algodao","9":"product_cat-texteis","10":"product_tag-100-algodao","11":"product_tag-algodao-organico","12":"product_tag-amarelo","13":"product_tag-estampado","14":"product_tag-fundo-branco","15":"product_tag-gelados","16":"product_tag-indigo","17":"product_tag-laranja","18":"product_tag-tecido-algodao","19":"product_tag-turquesa","20":"product_tag-verde-agua","21":"product_tag-vermelho","23":"first","24":"instock","25":"taxable","26":"shipping-taxable","27":"purchasable","28":"product-type-simple"},"_links":{"self":[{"href":"https:\/\/dev.eunitecidos.pt\/fr\/wp-json\/wp\/v2\/product\/16118","targetHints":{"allow":["GET"]}}],"collection":[{"href":"https:\/\/dev.eunitecidos.pt\/fr\/wp-json\/wp\/v2\/product"}],"about":[{"href":"https:\/\/dev.eunitecidos.pt\/fr\/wp-json\/wp\/v2\/types\/product"}],"replies":[{"embeddable":true,"href":"https:\/\/dev.eunitecidos.pt\/fr\/wp-json\/wp\/v2\/comments?post=16118"}],"wp:featuredmedia":[{"embeddable":true,"href":"https:\/\/dev.eunitecidos.pt\/fr\/wp-json\/wp\/v2\/media\/15902"}],"wp:attachment":[{"href":"https:\/\/dev.eunitecidos.pt\/fr\/wp-json\/wp\/v2\/media?parent=16118"}],"wp:term":[{"taxonomy":"product_brand","embeddable":true,"href":"https:\/\/dev.eunitecidos.pt\/fr\/wp-json\/wp\/v2\/product_brand?post=16118"},{"taxonomy":"product_cat","embeddable":true,"href":"https:\/\/dev.eunitecidos.pt\/fr\/wp-json\/wp\/v2\/product_cat?post=16118"},{"taxonomy":"product_tag","embeddable":true,"href":"https:\/\/dev.eunitecidos.pt\/fr\/wp-json\/wp\/v2\/product_tag?post=16118"}],"curies":[{"name":"wp","href":"https:\/\/api.w.org\/{rel}","templated":true}]}}