
{"id":16399,"date":"2022-06-24T09:58:26","date_gmt":"2022-06-24T09:58:26","guid":{"rendered":"https:\/\/dev.eunitecidos.pt\/?post_type=product&#038;p=16399"},"modified":"2026-01-05T13:54:29","modified_gmt":"2026-01-05T13:54:29","slug":"tecido-algodao-100-algodao-estampado-folhagens-2","status":"publish","type":"product","link":"https:\/\/dev.eunitecidos.pt\/fr\/loja\/texteis\/tecido-algodao-100-algodao-estampado-folhagens-2\/","title":{"rendered":"Tissu Coton | 100% Coton | Imprim\u00e9 | Feuillage"},"content":{"rendered":"<p>Tissu Coton | 100% Coton | Imprim\u00e9 | Feuillage<\/p>\n<p>Tissu 100% Coton<\/p>\n<p>1,50 Largeur<\/p>","protected":false},"excerpt":{"rendered":"<p>Tissu Coton | 100% Coton | Imprim\u00e9 | Tissu Feuillage 100% Coton 1.50 Wide<\/p>","protected":false},"featured_media":16374,"comment_status":"closed","ping_status":"closed","template":"","meta":{"_seopress_robots_primary_cat":"69","_seopress_titles_title":"Tecido Algod\u00e3o Estampado Folhagens | 1,50 Largura","_seopress_titles_desc":"Escolha a qualidade do tecido 100% algod\u00e3o com 1,50 largura para criar pe\u00e7as \u00fanicas e cheias de estilo. Confira j\u00e1 a nossa cole\u00e7\u00e3o!","_seopress_robots_index":""},"product_brand":[],"product_cat":[360,197,135,69],"product_tag":[315,307,884,340,461,1995,424,925,893,2018,1712,453],"class_list":{"0":"post-16399","1":"product","2":"type-product","3":"status-publish","4":"has-post-thumbnail","6":"product_cat-estampados-tecido-100-algodao","7":"product_cat-florais-tropicais","8":"product_cat-tecido-100-algodao","9":"product_cat-texteis","10":"product_tag-100-algodao","11":"product_tag-amarelo","12":"product_tag-azulao","13":"product_tag-estampado","14":"product_tag-folhagens","15":"product_tag-fundo-branco","16":"product_tag-laranja","17":"product_tag-magenta","18":"product_tag-menta","19":"product_tag-rosa-fucsia","20":"product_tag-tecido-algodao","21":"product_tag-vermelho","23":"first","24":"instock","25":"taxable","26":"shipping-taxable","27":"purchasable","28":"product-type-simple"},"_links":{"self":[{"href":"https:\/\/dev.eunitecidos.pt\/fr\/wp-json\/wp\/v2\/product\/16399","targetHints":{"allow":["GET"]}}],"collection":[{"href":"https:\/\/dev.eunitecidos.pt\/fr\/wp-json\/wp\/v2\/product"}],"about":[{"href":"https:\/\/dev.eunitecidos.pt\/fr\/wp-json\/wp\/v2\/types\/product"}],"replies":[{"embeddable":true,"href":"https:\/\/dev.eunitecidos.pt\/fr\/wp-json\/wp\/v2\/comments?post=16399"}],"wp:featuredmedia":[{"embeddable":true,"href":"https:\/\/dev.eunitecidos.pt\/fr\/wp-json\/wp\/v2\/media\/16374"}],"wp:attachment":[{"href":"https:\/\/dev.eunitecidos.pt\/fr\/wp-json\/wp\/v2\/media?parent=16399"}],"wp:term":[{"taxonomy":"product_brand","embeddable":true,"href":"https:\/\/dev.eunitecidos.pt\/fr\/wp-json\/wp\/v2\/product_brand?post=16399"},{"taxonomy":"product_cat","embeddable":true,"href":"https:\/\/dev.eunitecidos.pt\/fr\/wp-json\/wp\/v2\/product_cat?post=16399"},{"taxonomy":"product_tag","embeddable":true,"href":"https:\/\/dev.eunitecidos.pt\/fr\/wp-json\/wp\/v2\/product_tag?post=16399"}],"curies":[{"name":"wp","href":"https:\/\/api.w.org\/{rel}","templated":true}]}}