
{"id":16647,"date":"2022-07-11T15:20:32","date_gmt":"2022-07-11T15:20:32","guid":{"rendered":"https:\/\/dev.eunitecidos.pt\/?post_type=product&#038;p=16647"},"modified":"2026-01-23T07:56:13","modified_gmt":"2026-01-23T07:56:13","slug":"chita-estampado-tradicional-21","status":"publish","type":"product","link":"https:\/\/dev.eunitecidos.pt\/fr\/loja\/texteis\/chita-estampado-tradicional-21\/","title":{"rendered":"Chita | Traditional Print"},"content":{"rendered":"<p>Chita | Traditional Print<\/p>\n<p>Le chintz est fabriqu\u00e9 exclusivement dans l'industrie textile portugaise.<\/p>\n<p>Composition 50% Coton 50% Polyester<\/p>\n<p>1,50 Largeur<\/p>","protected":false},"excerpt":{"rendered":"<p>Chita | Imprim\u00e9 traditionnel Chita est fabriqu\u00e9 exclusivement dans l'industrie textile portugaise Composition 50% Coton 50% Polyester 1.50 Largeur<\/p>","protected":false},"featured_media":16628,"comment_status":"closed","ping_status":"closed","template":"","meta":{"_seopress_robots_primary_cat":"69","_seopress_titles_title":"Chita Estampado Tradicional - Tecido Portugu\u00eas | Composi\u00e7\u00e3o 50% Algod\u00e3o 50% Poli\u00e9ster","_seopress_titles_desc":"Descubra a chita tradicional portuguesa, feita na ind\u00fastria t\u00eaxtil nacional com 50% algod\u00e3o e 50% poli\u00e9ster. Veja agora a sua largura de 1,50 metros!","_seopress_robots_index":""},"product_brand":[],"product_cat":[142,227,69],"product_tag":[290,582,1944,885,340,86,2185,491,90,2837,1890,1779,1470,453],"class_list":{"0":"post-16647","1":"product","2":"type-product","3":"status-publish","4":"has-post-thumbnail","6":"product_cat-cambraias","7":"product_cat-chitas","8":"product_cat-texteis","9":"product_tag-algodao","10":"product_tag-cambraia","11":"product_tag-chita","12":"product_tag-cru","13":"product_tag-estampado","14":"product_tag-flores","15":"product_tag-poliester","16":"product_tag-preto","17":"product_tag-riscas","18":"product_tag-santos-populares","19":"product_tag-tipico-portugues","20":"product_tag-tradicional","21":"product_tag-verde-musgo","22":"product_tag-vermelho","24":"first","25":"instock","26":"taxable","27":"shipping-taxable","28":"purchasable","29":"product-type-simple"},"_links":{"self":[{"href":"https:\/\/dev.eunitecidos.pt\/fr\/wp-json\/wp\/v2\/product\/16647","targetHints":{"allow":["GET"]}}],"collection":[{"href":"https:\/\/dev.eunitecidos.pt\/fr\/wp-json\/wp\/v2\/product"}],"about":[{"href":"https:\/\/dev.eunitecidos.pt\/fr\/wp-json\/wp\/v2\/types\/product"}],"replies":[{"embeddable":true,"href":"https:\/\/dev.eunitecidos.pt\/fr\/wp-json\/wp\/v2\/comments?post=16647"}],"wp:featuredmedia":[{"embeddable":true,"href":"https:\/\/dev.eunitecidos.pt\/fr\/wp-json\/wp\/v2\/media\/16628"}],"wp:attachment":[{"href":"https:\/\/dev.eunitecidos.pt\/fr\/wp-json\/wp\/v2\/media?parent=16647"}],"wp:term":[{"taxonomy":"product_brand","embeddable":true,"href":"https:\/\/dev.eunitecidos.pt\/fr\/wp-json\/wp\/v2\/product_brand?post=16647"},{"taxonomy":"product_cat","embeddable":true,"href":"https:\/\/dev.eunitecidos.pt\/fr\/wp-json\/wp\/v2\/product_cat?post=16647"},{"taxonomy":"product_tag","embeddable":true,"href":"https:\/\/dev.eunitecidos.pt\/fr\/wp-json\/wp\/v2\/product_tag?post=16647"}],"curies":[{"name":"wp","href":"https:\/\/api.w.org\/{rel}","templated":true}]}}