
{"id":1755,"date":"2021-06-16T17:37:21","date_gmt":"2021-06-16T17:37:21","guid":{"rendered":"https:\/\/dev.eunitecidos.pt\/?post_type=product&#038;p=1755"},"modified":"2025-09-11T12:12:19","modified_gmt":"2025-09-11T12:12:19","slug":"tecidos-100-algodao-infantil-selva-2","status":"publish","type":"product","link":"https:\/\/dev.eunitecidos.pt\/fr\/loja\/cores\/tecidos-100-algodao-infantil-selva-2\/","title":{"rendered":"Tissus 100% Coton | Enfants | Jungle"},"content":{"rendered":"<p>Tissus 100% Coton | Enfants | Jungle<\/p>\n<p>1,50 Largeur<\/p>\n<p>Certifi\u00e9 Oeko-Tex<\/p>","protected":false},"excerpt":{"rendered":"<p>Tissus 100% Coton | Enfants | Soie<\/p>\n<p>1,50 Largeur<\/p>\n<p>Certifi\u00e9 Oeko-Tex<\/p>","protected":false},"featured_media":33072,"comment_status":"open","ping_status":"closed","template":"","meta":{"_seopress_robots_primary_cat":"122","_seopress_titles_title":"Tecidos 100% Algod\u00e3o Infantil | Selva Certificado Oeko-Tex","_seopress_titles_desc":"Descubra nossos tecidos infantis 100% algod\u00e3o com certificado Oeko-Tex. Deixe-se encantar pela selva em 1.50m de largura. Qualidade e seguran\u00e7a garantidas!","_seopress_robots_index":""},"product_brand":[],"product_cat":[123,200,130,128,122,196,381,129,127,135,69,126],"product_tag":[315,290,307,352,424,303,508,102,453],"class_list":{"0":"post-1755","1":"product","2":"type-product","3":"status-publish","4":"has-post-thumbnail","6":"product_cat-amarelo","7":"product_cat-animais","8":"product_cat-castanho","9":"product_cat-cinzento","10":"product_cat-cores","11":"product_cat-estampados","12":"product_cat-infantis-tecido-100-algodao","13":"product_cat-laranja","14":"product_cat-preto","15":"product_cat-tecido-100-algodao","16":"product_cat-texteis","17":"product_cat-vermelho","18":"product_tag-100-algodao","19":"product_tag-algodao","20":"product_tag-amarelo","21":"product_tag-infantil","22":"product_tag-laranja","23":"product_tag-menino","24":"product_tag-selva","25":"product_tag-verde","26":"product_tag-vermelho","28":"first","29":"instock","30":"sale","31":"taxable","32":"shipping-taxable","33":"purchasable","34":"product-type-simple"},"_links":{"self":[{"href":"https:\/\/dev.eunitecidos.pt\/fr\/wp-json\/wp\/v2\/product\/1755","targetHints":{"allow":["GET"]}}],"collection":[{"href":"https:\/\/dev.eunitecidos.pt\/fr\/wp-json\/wp\/v2\/product"}],"about":[{"href":"https:\/\/dev.eunitecidos.pt\/fr\/wp-json\/wp\/v2\/types\/product"}],"replies":[{"embeddable":true,"href":"https:\/\/dev.eunitecidos.pt\/fr\/wp-json\/wp\/v2\/comments?post=1755"}],"wp:featuredmedia":[{"embeddable":true,"href":"https:\/\/dev.eunitecidos.pt\/fr\/wp-json\/wp\/v2\/media\/33072"}],"wp:attachment":[{"href":"https:\/\/dev.eunitecidos.pt\/fr\/wp-json\/wp\/v2\/media?parent=1755"}],"wp:term":[{"taxonomy":"product_brand","embeddable":true,"href":"https:\/\/dev.eunitecidos.pt\/fr\/wp-json\/wp\/v2\/product_brand?post=1755"},{"taxonomy":"product_cat","embeddable":true,"href":"https:\/\/dev.eunitecidos.pt\/fr\/wp-json\/wp\/v2\/product_cat?post=1755"},{"taxonomy":"product_tag","embeddable":true,"href":"https:\/\/dev.eunitecidos.pt\/fr\/wp-json\/wp\/v2\/product_tag?post=1755"}],"curies":[{"name":"wp","href":"https:\/\/api.w.org\/{rel}","templated":true}]}}