
{"id":17967,"date":"2022-09-13T09:33:13","date_gmt":"2022-09-13T09:33:13","guid":{"rendered":"https:\/\/dev.eunitecidos.pt\/?post_type=product&#038;p=17967"},"modified":"2025-11-25T08:56:26","modified_gmt":"2025-11-25T08:56:26","slug":"linha-de-bordar-polyneon-madeira-castanho-1745","status":"publish","type":"product","link":"https:\/\/dev.eunitecidos.pt\/fr\/loja\/retrosaria\/linha-de-bordar-polyneon-madeira-castanho-1745\/","title":{"rendered":"Fil \u00e0 broder | Polyneon | Bois | Marron 1745"},"content":{"rendered":"<p>Fil \u00e0 broder | Polyneon | Bois | Marron 1745<\/p>\n<p>Polyneon, gr\u00e2ce \u00e0 sa r\u00e9sistance au chlore, est le fil \u00e0 broder id\u00e9al pour les articles soumis au denim-wash et ceux qui n\u00e9cessitent des lavages fr\u00e9quents. Il est recommand\u00e9 pour les v\u00eatements de sport, les maillots de bain, les v\u00eatements pour enfants et les v\u00eatements de travail, y compris les produits d'accueil.<\/p>\n<p><strong>Recommandation pour le traitement au chlore<\/strong>jusqu'\u00e0 20 grammes de chlore actif par litre.<\/p>\n<p><strong>Temp\u00e9rature : <\/strong>Jusqu'\u00e0 30\u00b0C, dur\u00e9e du traitement 30 minutes.<\/p>\n<p>Certifi\u00e9 OEKO-TEX<\/p>\n<p>C\u00f4nes de 1000 m\u00e8tres<\/p>\n<p>100% Polyester<\/p>","protected":false},"excerpt":{"rendered":"<p>Linha de Bordar | Polyneon | Madeira | Castanho 1745 Polyneon, devido \u00e0 sua resist\u00eancia ao cloro, \u00e9 a linha de bordar ideal para artigos sujeitos a denim-wash e para aqueles que requerem frequentes lavagens. Recomendado para roupas de desporto, roupa de nata\u00e7\u00e3o, roupa de crian\u00e7a e roupa de trabalho, incluindo produtos de hotelaria. Recomenda\u00e7\u00e3o [&hellip;]<\/p>","protected":false},"featured_media":17203,"comment_status":"closed","ping_status":"closed","template":"","meta":{"_seopress_robots_primary_cat":"72","_seopress_titles_title":"Linha de Bordar Polyneon Castanho 1745","_seopress_titles_desc":"Descubra a linha de bordar Polyneon em castanho 1745 da Madeira, ideal para artigos sujeitos a denim-wash e frequentes lavagens. Certificado OEKO-TEX.","_seopress_robots_index":""},"product_brand":[],"product_cat":[2110,2567,72],"product_tag":[707,516,2481,2482,2483],"class_list":{"0":"post-17967","1":"product","2":"type-product","3":"status-publish","4":"has-post-thumbnail","6":"product_cat-linhas","7":"product_cat-linhas-bordar","8":"product_cat-retrosaria","9":"product_tag-100-poliester","10":"product_tag-castanho","11":"product_tag-linha-de-bordar","12":"product_tag-madeira","13":"product_tag-polyneon","15":"first","16":"instock","17":"taxable","18":"shipping-taxable","19":"purchasable","20":"product-type-simple"},"_links":{"self":[{"href":"https:\/\/dev.eunitecidos.pt\/fr\/wp-json\/wp\/v2\/product\/17967","targetHints":{"allow":["GET"]}}],"collection":[{"href":"https:\/\/dev.eunitecidos.pt\/fr\/wp-json\/wp\/v2\/product"}],"about":[{"href":"https:\/\/dev.eunitecidos.pt\/fr\/wp-json\/wp\/v2\/types\/product"}],"replies":[{"embeddable":true,"href":"https:\/\/dev.eunitecidos.pt\/fr\/wp-json\/wp\/v2\/comments?post=17967"}],"wp:featuredmedia":[{"embeddable":true,"href":"https:\/\/dev.eunitecidos.pt\/fr\/wp-json\/wp\/v2\/media\/17203"}],"wp:attachment":[{"href":"https:\/\/dev.eunitecidos.pt\/fr\/wp-json\/wp\/v2\/media?parent=17967"}],"wp:term":[{"taxonomy":"product_brand","embeddable":true,"href":"https:\/\/dev.eunitecidos.pt\/fr\/wp-json\/wp\/v2\/product_brand?post=17967"},{"taxonomy":"product_cat","embeddable":true,"href":"https:\/\/dev.eunitecidos.pt\/fr\/wp-json\/wp\/v2\/product_cat?post=17967"},{"taxonomy":"product_tag","embeddable":true,"href":"https:\/\/dev.eunitecidos.pt\/fr\/wp-json\/wp\/v2\/product_tag?post=17967"}],"curies":[{"name":"wp","href":"https:\/\/api.w.org\/{rel}","templated":true}]}}