
{"id":18428,"date":"2022-09-27T15:44:08","date_gmt":"2022-09-27T15:44:08","guid":{"rendered":"https:\/\/dev.eunitecidos.pt\/?post_type=product&#038;p=18428"},"modified":"2022-10-01T20:40:13","modified_gmt":"2022-10-01T20:40:13","slug":"tecidos-100-algodao-halloween-8","status":"publish","type":"product","link":"https:\/\/dev.eunitecidos.pt\/fr\/loja\/texteis\/tecidos-100-algodao-halloween-8\/","title":{"rendered":"Tissus 100% Coton | Halloween"},"content":{"rendered":"<p>Tissus 100% Coton | Halloween<\/p>\n<p>100% Coton biologique<\/p>\n<p>Certifi\u00e9 OEKO-TEX et GOTS<\/p>\n<p>1,50 Largeur<\/p>","protected":false},"excerpt":{"rendered":"<p>Tissus 100% Coton | Halloween 100% Coton biologique certifi\u00e9 OEKO-TEX et GOTS 1.50 Wide<\/p>","protected":false},"featured_media":18363,"comment_status":"closed","ping_status":"closed","template":"","meta":{"_seopress_robots_primary_cat":"69","_seopress_titles_title":"Tecidos 100% Algod\u00e3o Org\u00e2nico Certificado OEKO-TEX e GOTS","_seopress_titles_desc":"Descubra os nossos tecidos de Halloween em 100% algod\u00e3o org\u00e2nico certificado OEKO-TEX e GOTS. Com 1,50m de largura, qualidade e sustentabilidade garantidas!","_seopress_robots_index":""},"product_brand":[],"product_cat":[194,2517,135,199,69],"product_tag":[315,1369,443,321,340,302,1993,1560,424,1712,2369],"class_list":{"0":"post-18428","1":"product","2":"type-product","3":"status-publish","4":"has-post-thumbnail","6":"product_cat-algodao-organico","7":"product_cat-halloween","8":"product_cat-tecido-100-algodao","9":"product_cat-tematicos","10":"product_cat-texteis","11":"product_tag-100-algodao","12":"product_tag-aboboras","13":"product_tag-algodao-organico","14":"product_tag-branco","15":"product_tag-estampado","16":"product_tag-estrelas","17":"product_tag-fundo-preto","18":"product_tag-halloween","19":"product_tag-laranja","20":"product_tag-tecido-algodao","21":"product_tag-tematico","23":"first","24":"instock","25":"taxable","26":"shipping-taxable","27":"purchasable","28":"product-type-simple"},"_links":{"self":[{"href":"https:\/\/dev.eunitecidos.pt\/fr\/wp-json\/wp\/v2\/product\/18428","targetHints":{"allow":["GET"]}}],"collection":[{"href":"https:\/\/dev.eunitecidos.pt\/fr\/wp-json\/wp\/v2\/product"}],"about":[{"href":"https:\/\/dev.eunitecidos.pt\/fr\/wp-json\/wp\/v2\/types\/product"}],"replies":[{"embeddable":true,"href":"https:\/\/dev.eunitecidos.pt\/fr\/wp-json\/wp\/v2\/comments?post=18428"}],"wp:featuredmedia":[{"embeddable":true,"href":"https:\/\/dev.eunitecidos.pt\/fr\/wp-json\/wp\/v2\/media\/18363"}],"wp:attachment":[{"href":"https:\/\/dev.eunitecidos.pt\/fr\/wp-json\/wp\/v2\/media?parent=18428"}],"wp:term":[{"taxonomy":"product_brand","embeddable":true,"href":"https:\/\/dev.eunitecidos.pt\/fr\/wp-json\/wp\/v2\/product_brand?post=18428"},{"taxonomy":"product_cat","embeddable":true,"href":"https:\/\/dev.eunitecidos.pt\/fr\/wp-json\/wp\/v2\/product_cat?post=18428"},{"taxonomy":"product_tag","embeddable":true,"href":"https:\/\/dev.eunitecidos.pt\/fr\/wp-json\/wp\/v2\/product_tag?post=18428"}],"curies":[{"name":"wp","href":"https:\/\/api.w.org\/{rel}","templated":true}]}}