
{"id":18622,"date":"2022-09-29T13:44:43","date_gmt":"2022-09-29T13:44:43","guid":{"rendered":"https:\/\/dev.eunitecidos.pt\/?post_type=product&#038;p=18622"},"modified":"2024-09-10T13:11:09","modified_gmt":"2024-09-10T13:11:09","slug":"tecidos-100-algodao-natal-patchwork-arvores","status":"publish","type":"product","link":"https:\/\/dev.eunitecidos.pt\/fr\/loja\/cores\/tecidos-100-algodao-natal-patchwork-arvores\/","title":{"rendered":"Tissus 100% Coton | No\u00ebl | Patchwork | Arbres"},"content":{"rendered":"<p>Tissus 100% Coton | No\u00ebl | Patchwork | Arbres<\/p>\n<p>1,50 Largeur<\/p>\n<p>Coton biologique<\/p>\n<p>Certifi\u00e9 Oeko-tex<\/p>","protected":false},"excerpt":{"rendered":"<p>Tissus 100% Coton | No\u00ebl | Patchwork | Arbres 1,50 Largeur Coton biologique Certifi\u00e9 Oeko-tex<\/p>","protected":false},"featured_media":18455,"comment_status":"closed","ping_status":"closed","template":"","meta":{"_seopress_robots_primary_cat":"122","_seopress_titles_title":"Tecidos 100% Algod\u00e3o Patchwork Natal","_seopress_titles_desc":"Descubra tecidos 100% algod\u00e3o org\u00e2nico certificado Oeko-tex para os seus projetos de patchwork de Natal. Escolha qualidade e sustentabilidade!","_seopress_robots_index":""},"product_brand":[],"product_cat":[123,131,130,128,122,2518,135,199,69,125,126],"product_tag":[315,1583,1578,298,365,321,318,302,1575,1582,1018,1576,102,453],"class_list":{"0":"post-18622","1":"product","2":"type-product","3":"status-publish","4":"has-post-thumbnail","6":"product_cat-amarelo","7":"product_cat-branco","8":"product_cat-castanho","9":"product_cat-cinzento","10":"product_cat-cores","11":"product_cat-natal","12":"product_cat-tecido-100-algodao","13":"product_cat-tematicos","14":"product_cat-texteis","15":"product_cat-verde","16":"product_cat-vermelho","17":"product_tag-100-algodao","18":"product_tag-arvore-de-natal","19":"product_tag-azevinho","20":"product_tag-azul","21":"product_tag-bonecos","22":"product_tag-branco","23":"product_tag-cinzento","24":"product_tag-estrelas","25":"product_tag-natal","26":"product_tag-pai-natal","27":"product_tag-patchwork","28":"product_tag-tecidos-natal","29":"product_tag-verde","30":"product_tag-vermelho","32":"first","33":"instock","34":"taxable","35":"shipping-taxable","36":"purchasable","37":"product-type-simple"},"_links":{"self":[{"href":"https:\/\/dev.eunitecidos.pt\/fr\/wp-json\/wp\/v2\/product\/18622","targetHints":{"allow":["GET"]}}],"collection":[{"href":"https:\/\/dev.eunitecidos.pt\/fr\/wp-json\/wp\/v2\/product"}],"about":[{"href":"https:\/\/dev.eunitecidos.pt\/fr\/wp-json\/wp\/v2\/types\/product"}],"replies":[{"embeddable":true,"href":"https:\/\/dev.eunitecidos.pt\/fr\/wp-json\/wp\/v2\/comments?post=18622"}],"wp:featuredmedia":[{"embeddable":true,"href":"https:\/\/dev.eunitecidos.pt\/fr\/wp-json\/wp\/v2\/media\/18455"}],"wp:attachment":[{"href":"https:\/\/dev.eunitecidos.pt\/fr\/wp-json\/wp\/v2\/media?parent=18622"}],"wp:term":[{"taxonomy":"product_brand","embeddable":true,"href":"https:\/\/dev.eunitecidos.pt\/fr\/wp-json\/wp\/v2\/product_brand?post=18622"},{"taxonomy":"product_cat","embeddable":true,"href":"https:\/\/dev.eunitecidos.pt\/fr\/wp-json\/wp\/v2\/product_cat?post=18622"},{"taxonomy":"product_tag","embeddable":true,"href":"https:\/\/dev.eunitecidos.pt\/fr\/wp-json\/wp\/v2\/product_tag?post=18622"}],"curies":[{"name":"wp","href":"https:\/\/api.w.org\/{rel}","templated":true}]}}