
{"id":1901,"date":"2021-06-17T15:25:35","date_gmt":"2021-06-17T15:25:35","guid":{"rendered":"https:\/\/dev.eunitecidos.pt\/?post_type=product&#038;p=1901"},"modified":"2025-12-04T17:33:18","modified_gmt":"2025-12-04T17:33:18","slug":"turco-algodao-rosa","status":"publish","type":"product","link":"https:\/\/dev.eunitecidos.pt\/fr\/loja\/cores\/turco-algodao-rosa\/","title":{"rendered":"Coton turc | Rose"},"content":{"rendered":"<p>Coton turc | Rose<\/p>\n<p>100% Coton<\/p>\n<p>400 grammes<\/p>\n<p>Finition turque sur les c\u00f4t\u00e9s.<\/p>\n<p>1,50 Largeur<\/p>\n<p>Turc, id\u00e9al pour les serviettes de bain et les torchons de cuisine.<\/p>","protected":false},"excerpt":{"rendered":"<p>Coton turc | Rose<\/p>\n<p>100% Coton<\/p>\n<p>400 grammes<\/p>\n<p>Finition turque sur les c\u00f4t\u00e9s.<\/p>\n<p>1,50 Largeur<\/p>\n<p>Turc, id\u00e9al pour les serviettes de bain et les torchons de cuisine.<\/p>","protected":false},"featured_media":1893,"comment_status":"open","ping_status":"closed","template":"","meta":{"_seopress_robots_primary_cat":"122","_seopress_titles_title":"Turco Algod\u00e3o Rosa 100% Algod\u00e3o 400 Gramas | Toalhas de Banho e Panos de Cozinha","_seopress_titles_desc":"Descubra o turco 100% algod\u00e3o rosa com 400g para toalhas de banho e panos de cozinha. Acabamento nas laterais. A qualidade que procura!","_seopress_robots_index":""},"product_brand":[],"product_cat":[122,132,135,69,238,153],"product_tag":[315,290,301,327,320,591,585],"class_list":{"0":"post-1901","1":"product","2":"type-product","3":"status-publish","4":"has-post-thumbnail","6":"product_cat-cores","7":"product_cat-rosa","8":"product_cat-tecido-100-algodao","9":"product_cat-texteis","10":"product_cat-turco-algodao","11":"product_cat-turcos","12":"product_tag-100-algodao","13":"product_tag-algodao","14":"product_tag-bebe","15":"product_tag-enxoval-bebe","16":"product_tag-rosa","17":"product_tag-toalhas","18":"product_tag-turco","20":"first","21":"instock","22":"taxable","23":"shipping-taxable","24":"purchasable","25":"product-type-simple"},"_links":{"self":[{"href":"https:\/\/dev.eunitecidos.pt\/fr\/wp-json\/wp\/v2\/product\/1901","targetHints":{"allow":["GET"]}}],"collection":[{"href":"https:\/\/dev.eunitecidos.pt\/fr\/wp-json\/wp\/v2\/product"}],"about":[{"href":"https:\/\/dev.eunitecidos.pt\/fr\/wp-json\/wp\/v2\/types\/product"}],"replies":[{"embeddable":true,"href":"https:\/\/dev.eunitecidos.pt\/fr\/wp-json\/wp\/v2\/comments?post=1901"}],"wp:featuredmedia":[{"embeddable":true,"href":"https:\/\/dev.eunitecidos.pt\/fr\/wp-json\/wp\/v2\/media\/1893"}],"wp:attachment":[{"href":"https:\/\/dev.eunitecidos.pt\/fr\/wp-json\/wp\/v2\/media?parent=1901"}],"wp:term":[{"taxonomy":"product_brand","embeddable":true,"href":"https:\/\/dev.eunitecidos.pt\/fr\/wp-json\/wp\/v2\/product_brand?post=1901"},{"taxonomy":"product_cat","embeddable":true,"href":"https:\/\/dev.eunitecidos.pt\/fr\/wp-json\/wp\/v2\/product_cat?post=1901"},{"taxonomy":"product_tag","embeddable":true,"href":"https:\/\/dev.eunitecidos.pt\/fr\/wp-json\/wp\/v2\/product_tag?post=1901"}],"curies":[{"name":"wp","href":"https:\/\/api.w.org\/{rel}","templated":true}]}}