
{"id":20364,"date":"2022-11-17T21:01:05","date_gmt":"2022-11-17T21:01:05","guid":{"rendered":"https:\/\/dev.eunitecidos.pt\/?post_type=product&#038;p=20364"},"modified":"2022-11-17T21:01:05","modified_gmt":"2022-11-17T21:01:05","slug":"tecido-algodao-quilt-bege","status":"publish","type":"product","link":"https:\/\/dev.eunitecidos.pt\/fr\/loja\/texteis\/tecido-algodao-quilt-bege\/","title":{"rendered":"Tissu de coton | Couette | Beige"},"content":{"rendered":"<p>Tissu de coton | Couette | Beige<\/p>\n<p>Tissu jersey matelass\u00e9, super chaud et doux.<\/p>\n<p>Id\u00e9al pour les v\u00eatements de b\u00e9b\u00e9s et d'enfants.<\/p>\n<p>Composition 80% Coton 20% Polyester 240gr\/m2<\/p>\n<p>1,50 large<\/p>\n<p>&nbsp;<\/p>","protected":false},"excerpt":{"rendered":"<p>Tissu en coton | Quilt | Beige Tissu en jersey matelass\u00e9, super chaud et doux. Id\u00e9al pour les v\u00eatements de b\u00e9b\u00e9s et d'enfants. Composition 80% Coton 20% Polyester 240gr\/m2 1.50 large &nbsp;<\/p>","protected":false},"featured_media":20277,"comment_status":"closed","ping_status":"closed","template":"","meta":{"_seopress_robots_primary_cat":"69","_seopress_titles_title":"Tecido Algod\u00e3o Quilt Bege | Super Quentinho e Macio","_seopress_titles_desc":"Descubra o tecido tipo jersey quiltado em algod\u00e3o e poli\u00e9ster, ideal para roupa de beb\u00e9 e crian\u00e7a. Super quentinho e macio! Composi\u00e7\u00e3o: 80% Algod\u00e3o, 20% Poli\u00e9ster. 240gr\/m2. 1,50 largura.","_seopress_robots_index":""},"product_brand":[],"product_cat":[140,214,69],"product_tag":[290,319,2185,2604],"class_list":{"0":"post-20364","1":"product","2":"type-product","3":"status-publish","4":"has-post-thumbnail","6":"product_cat-jerseys","7":"product_cat-lisos-jerseys","8":"product_cat-texteis","9":"product_tag-algodao","10":"product_tag-bege","11":"product_tag-poliester","12":"product_tag-tecido-quiltado","14":"first","15":"instock","16":"taxable","17":"shipping-taxable","18":"purchasable","19":"product-type-simple"},"_links":{"self":[{"href":"https:\/\/dev.eunitecidos.pt\/fr\/wp-json\/wp\/v2\/product\/20364","targetHints":{"allow":["GET"]}}],"collection":[{"href":"https:\/\/dev.eunitecidos.pt\/fr\/wp-json\/wp\/v2\/product"}],"about":[{"href":"https:\/\/dev.eunitecidos.pt\/fr\/wp-json\/wp\/v2\/types\/product"}],"replies":[{"embeddable":true,"href":"https:\/\/dev.eunitecidos.pt\/fr\/wp-json\/wp\/v2\/comments?post=20364"}],"wp:featuredmedia":[{"embeddable":true,"href":"https:\/\/dev.eunitecidos.pt\/fr\/wp-json\/wp\/v2\/media\/20277"}],"wp:attachment":[{"href":"https:\/\/dev.eunitecidos.pt\/fr\/wp-json\/wp\/v2\/media?parent=20364"}],"wp:term":[{"taxonomy":"product_brand","embeddable":true,"href":"https:\/\/dev.eunitecidos.pt\/fr\/wp-json\/wp\/v2\/product_brand?post=20364"},{"taxonomy":"product_cat","embeddable":true,"href":"https:\/\/dev.eunitecidos.pt\/fr\/wp-json\/wp\/v2\/product_cat?post=20364"},{"taxonomy":"product_tag","embeddable":true,"href":"https:\/\/dev.eunitecidos.pt\/fr\/wp-json\/wp\/v2\/product_tag?post=20364"}],"curies":[{"name":"wp","href":"https:\/\/api.w.org\/{rel}","templated":true}]}}