
{"id":20444,"date":"2022-11-18T19:07:41","date_gmt":"2022-11-18T19:07:41","guid":{"rendered":"https:\/\/dev.eunitecidos.pt\/?post_type=product&#038;p=20444"},"modified":"2025-02-13T15:23:41","modified_gmt":"2025-02-13T15:23:41","slug":"veludo-liso-rosa-blush","status":"publish","type":"product","link":"https:\/\/dev.eunitecidos.pt\/fr\/loja\/texteis\/veludo-liso-rosa-blush\/","title":{"rendered":"Velours | uni | rose fuchsia"},"content":{"rendered":"<p>Velours | uni | rose fuchsia<\/p>\n<p>Tissu \u00e0 poils courts, tr\u00e8s doux au toucher.<\/p>\n<p>Id\u00e9al pour les v\u00eatements, les travaux de d\u00e9coration ou la couture cr\u00e9ative.<\/p>\n<p>100% Polyester<\/p>\n<p>1,50 Largeur<\/p>","protected":false},"excerpt":{"rendered":"<p>Velours | uni | rose chair Tissu \u00e0 poils courts, tr\u00e8s doux au toucher. Id\u00e9al pour les v\u00eatements, les travaux de d\u00e9coration ou la couture cr\u00e9ative. 100% Polyester 1,50 Largeur<\/p>","protected":false},"featured_media":20407,"comment_status":"closed","ping_status":"closed","template":"","meta":{"_seopress_robots_primary_cat":"69","_seopress_titles_title":"Tecido de Veludo Rosa Blush | Suave ao Toque | 100% Poli\u00e9ster","_seopress_titles_desc":"Descubra o tecido de veludo rosa blush, muito suave ao toque, perfeito para costura criativa e trabalhos de decora\u00e7\u00e3o. Aproveite a largura de 1,50 metros!","_seopress_robots_index":""},"product_brand":[],"product_cat":[69,2568],"product_tag":[707,2330,1693,1758,1722],"class_list":{"0":"post-20444","1":"product","2":"type-product","3":"status-publish","4":"has-post-thumbnail","6":"product_cat-texteis","7":"product_cat-veludos","8":"product_tag-100-poliester","9":"product_tag-rosa-blush","10":"product_tag-tecido-confecao","11":"product_tag-tecido-decoracao","12":"product_tag-veludo","14":"first","15":"instock","16":"taxable","17":"shipping-taxable","18":"purchasable","19":"product-type-simple"},"_links":{"self":[{"href":"https:\/\/dev.eunitecidos.pt\/fr\/wp-json\/wp\/v2\/product\/20444","targetHints":{"allow":["GET"]}}],"collection":[{"href":"https:\/\/dev.eunitecidos.pt\/fr\/wp-json\/wp\/v2\/product"}],"about":[{"href":"https:\/\/dev.eunitecidos.pt\/fr\/wp-json\/wp\/v2\/types\/product"}],"replies":[{"embeddable":true,"href":"https:\/\/dev.eunitecidos.pt\/fr\/wp-json\/wp\/v2\/comments?post=20444"}],"wp:featuredmedia":[{"embeddable":true,"href":"https:\/\/dev.eunitecidos.pt\/fr\/wp-json\/wp\/v2\/media\/20407"}],"wp:attachment":[{"href":"https:\/\/dev.eunitecidos.pt\/fr\/wp-json\/wp\/v2\/media?parent=20444"}],"wp:term":[{"taxonomy":"product_brand","embeddable":true,"href":"https:\/\/dev.eunitecidos.pt\/fr\/wp-json\/wp\/v2\/product_brand?post=20444"},{"taxonomy":"product_cat","embeddable":true,"href":"https:\/\/dev.eunitecidos.pt\/fr\/wp-json\/wp\/v2\/product_cat?post=20444"},{"taxonomy":"product_tag","embeddable":true,"href":"https:\/\/dev.eunitecidos.pt\/fr\/wp-json\/wp\/v2\/product_tag?post=20444"}],"curies":[{"name":"wp","href":"https:\/\/api.w.org\/{rel}","templated":true}]}}