
{"id":20454,"date":"2022-11-19T20:23:26","date_gmt":"2022-11-19T20:23:26","guid":{"rendered":"https:\/\/dev.eunitecidos.pt\/?post_type=product&#038;p=20454"},"modified":"2026-01-10T22:20:29","modified_gmt":"2026-01-10T22:20:29","slug":"tecido-canvas-estampado-digital-poppy-geometrico","status":"publish","type":"product","link":"https:\/\/dev.eunitecidos.pt\/fr\/loja\/texteis\/tecido-canvas-estampado-digital-poppy-geometrico\/","title":{"rendered":"Tissu en toile | Impression num\u00e9rique | Coquelicot | G\u00e9om\u00e9trique"},"content":{"rendered":"<p>Tissu en toile | Impression num\u00e9rique | Coquelicot | G\u00e9om\u00e9trique<\/p>\n<p>Tissu 100% Coton<\/p>\n<p>Coton biologique<\/p>\n<p>Certifi\u00e9 OEKO-TEX et GOTS<\/p>\n<p>1.38 Largeur 185 gr\/m2<\/p>","protected":false},"excerpt":{"rendered":"<p>Tissu Toile | Impression num\u00e9rique | Coquelicot | Tissu g\u00e9om\u00e9trique 100% Coton Coton biologique certifi\u00e9 OEKO-TEX et GOTS 1.38 Largeur 185 gr\/m2<\/p>","protected":false},"featured_media":20435,"comment_status":"closed","ping_status":"closed","template":"","meta":{"_seopress_robots_primary_cat":"69","_seopress_titles_title":"Tecido Canvas Poppy | Estampado Digital Geom\u00e9trico 100% Algod\u00e3o Org\u00e2nico","_seopress_titles_desc":"Descubra nosso tecido canvas estampado digitalmente com padr\u00e3o de Poppy e Geom\u00e9trico. Confeccionado com 100% de algod\u00e3o org\u00e2nico certificado OEKO-TEX e GOTS, com 1,38m de largura e 185 gr\/m2.","_seopress_robots_index":""},"product_brand":[],"product_cat":[194,732,360,135,69],"product_tag":[315,443,602,1648,340,2118,1606,1712,1862,856,469,750],"class_list":{"0":"post-20454","1":"product","2":"type-product","3":"status-publish","4":"has-post-thumbnail","6":"product_cat-algodao-organico","7":"product_cat-alinhados-canvas","8":"product_cat-estampados-tecido-100-algodao","9":"product_cat-tecido-100-algodao","10":"product_cat-texteis","11":"product_tag-100-algodao","12":"product_tag-algodao-organico","13":"product_tag-camel","14":"product_tag-castanho-chocolate","15":"product_tag-estampado","16":"product_tag-fundo-cru","17":"product_tag-geometrico","18":"product_tag-tecido-algodao","19":"product_tag-tecido-canvas","20":"product_tag-tecidos-poppy","21":"product_tag-verde-agua","22":"product_tag-verde-seco","24":"first","25":"instock","26":"taxable","27":"shipping-taxable","28":"purchasable","29":"product-type-simple"},"_links":{"self":[{"href":"https:\/\/dev.eunitecidos.pt\/fr\/wp-json\/wp\/v2\/product\/20454","targetHints":{"allow":["GET"]}}],"collection":[{"href":"https:\/\/dev.eunitecidos.pt\/fr\/wp-json\/wp\/v2\/product"}],"about":[{"href":"https:\/\/dev.eunitecidos.pt\/fr\/wp-json\/wp\/v2\/types\/product"}],"replies":[{"embeddable":true,"href":"https:\/\/dev.eunitecidos.pt\/fr\/wp-json\/wp\/v2\/comments?post=20454"}],"wp:featuredmedia":[{"embeddable":true,"href":"https:\/\/dev.eunitecidos.pt\/fr\/wp-json\/wp\/v2\/media\/20435"}],"wp:attachment":[{"href":"https:\/\/dev.eunitecidos.pt\/fr\/wp-json\/wp\/v2\/media?parent=20454"}],"wp:term":[{"taxonomy":"product_brand","embeddable":true,"href":"https:\/\/dev.eunitecidos.pt\/fr\/wp-json\/wp\/v2\/product_brand?post=20454"},{"taxonomy":"product_cat","embeddable":true,"href":"https:\/\/dev.eunitecidos.pt\/fr\/wp-json\/wp\/v2\/product_cat?post=20454"},{"taxonomy":"product_tag","embeddable":true,"href":"https:\/\/dev.eunitecidos.pt\/fr\/wp-json\/wp\/v2\/product_tag?post=20454"}],"curies":[{"name":"wp","href":"https:\/\/api.w.org\/{rel}","templated":true}]}}