
{"id":2089,"date":"2021-06-19T11:05:04","date_gmt":"2021-06-19T11:05:04","guid":{"rendered":"https:\/\/dev.eunitecidos.pt\/?post_type=product&#038;p=2089"},"modified":"2025-11-25T15:13:52","modified_gmt":"2025-11-25T15:13:52","slug":"tecidos-100-algodao-musica","status":"publish","type":"product","link":"https:\/\/dev.eunitecidos.pt\/fr\/loja\/cores\/tecidos-100-algodao-musica\/","title":{"rendered":"Tissus 100% Coton | Musique"},"content":{"rendered":"<p>Tissus 100% Coton | Musique<\/p>\n<p>100% Coton<\/p>\n<p>1,50 Largeur<\/p>\n<p>Certificat Oeko - Tex<\/p>\n<p>Coton biologique<\/p>","protected":false},"excerpt":{"rendered":"<p>Tissus 100% Coton | Musique<\/p>\n<p>100% Coton<\/p>\n<p>1,50 Largeur<\/p>\n<p>Certificat Oeko - Tex<\/p>\n<p>Coton biologique<\/p>","protected":false},"featured_media":2090,"comment_status":"open","ping_status":"closed","template":"","meta":{"_seopress_robots_primary_cat":"122","_seopress_titles_title":"Tecidos 100% Algod\u00e3o | M\u00fasica org\u00e2nica 1.50 Largura Certificado Oeko - Tex","_seopress_titles_desc":"Descubra a qualidade do Algod\u00e3o Org\u00e2nico com 1.50 de Largura. Tecidos ideais para qualquer projeto DIY. Compre j\u00e1!","_seopress_robots_index":""},"product_brand":[],"product_cat":[194,325,131,128,122,360,127,135,69],"product_tag":[703,315,290,443,302,702,701,700],"class_list":{"0":"post-2089","1":"product","2":"type-product","3":"status-publish","4":"has-post-thumbnail","6":"product_cat-algodao-organico","7":"product_cat-bege","8":"product_cat-branco","9":"product_cat-cinzento","10":"product_cat-cores","11":"product_cat-estampados-tecido-100-algodao","12":"product_cat-preto","13":"product_cat-tecido-100-algodao","14":"product_cat-texteis","15":"product_tag-703","16":"product_tag-100-algodao","17":"product_tag-algodao","18":"product_tag-algodao-organico","19":"product_tag-estrelas","20":"product_tag-instrumentos-musicais","21":"product_tag-musica","22":"product_tag-tigres","23":"pa_padrao-estrelas-fundo-cinza","24":"pa_padrao-instrumentos-fundo-branco","25":"pa_padrao-instrumentos-fundo-cinza","26":"pa_padrao-tigres","27":"pa_padrao-tigres-rock","29":"first","30":"instock","31":"taxable","32":"shipping-taxable","33":"purchasable","34":"product-type-variable"},"_links":{"self":[{"href":"https:\/\/dev.eunitecidos.pt\/fr\/wp-json\/wp\/v2\/product\/2089","targetHints":{"allow":["GET"]}}],"collection":[{"href":"https:\/\/dev.eunitecidos.pt\/fr\/wp-json\/wp\/v2\/product"}],"about":[{"href":"https:\/\/dev.eunitecidos.pt\/fr\/wp-json\/wp\/v2\/types\/product"}],"replies":[{"embeddable":true,"href":"https:\/\/dev.eunitecidos.pt\/fr\/wp-json\/wp\/v2\/comments?post=2089"}],"wp:featuredmedia":[{"embeddable":true,"href":"https:\/\/dev.eunitecidos.pt\/fr\/wp-json\/wp\/v2\/media\/2090"}],"wp:attachment":[{"href":"https:\/\/dev.eunitecidos.pt\/fr\/wp-json\/wp\/v2\/media?parent=2089"}],"wp:term":[{"taxonomy":"product_brand","embeddable":true,"href":"https:\/\/dev.eunitecidos.pt\/fr\/wp-json\/wp\/v2\/product_brand?post=2089"},{"taxonomy":"product_cat","embeddable":true,"href":"https:\/\/dev.eunitecidos.pt\/fr\/wp-json\/wp\/v2\/product_cat?post=2089"},{"taxonomy":"product_tag","embeddable":true,"href":"https:\/\/dev.eunitecidos.pt\/fr\/wp-json\/wp\/v2\/product_tag?post=2089"}],"curies":[{"name":"wp","href":"https:\/\/api.w.org\/{rel}","templated":true}]}}