
{"id":2113,"date":"2021-06-19T11:37:42","date_gmt":"2021-06-19T11:37:42","guid":{"rendered":"https:\/\/dev.eunitecidos.pt\/?post_type=product&#038;p=2113"},"modified":"2025-06-24T16:23:35","modified_gmt":"2025-06-24T16:23:35","slug":"tecidos-100-algodao-frida-kahlo","status":"publish","type":"product","link":"https:\/\/dev.eunitecidos.pt\/fr\/loja\/cores\/tecidos-100-algodao-frida-kahlo\/","title":{"rendered":"Tissus 100% Coton | Frida Kahlo"},"content":{"rendered":"<p>Tissus 100% Coton | Frida Kahlo<\/p>\n<p>100% Coton<\/p>\n<p>1,50 Largeur<\/p>\n<p>Certificat Oeko - Tex<\/p>\n<p>Coton biologique<\/p>","protected":false},"excerpt":{"rendered":"<p>Tissus 100% Coton | Frida Kahlo<\/p>\n<p>100% Coton<\/p>\n<p>1,50 Largeur<\/p>\n<p>Certificat Oeko - Tex<\/p>\n<p>Coton biologique<\/p>","protected":false},"featured_media":2119,"comment_status":"open","ping_status":"closed","template":"","meta":{"_seopress_robots_primary_cat":"122","_seopress_titles_title":"Tecidos 100% Algod\u00e3o | Frida Kahlo 100% Algod\u00e3o 1.50 Largura Certificado Oeko - Tex Algod\u00e3o Org\u00e2nico","_seopress_titles_desc":"Descubra a cole\u00e7\u00e3o org\u00e2nica de tecidos Frida Kahlo com 1.50m de largura. Feitos de Algod\u00e3o 100% puro para projetos sustent\u00e1veis e confort\u00e1veis.","_seopress_robots_index":""},"product_brand":[],"product_cat":[194,123,325,131,122,360,127,135,69,125,126],"product_tag":[315,443,714,448],"class_list":{"0":"post-2113","1":"product","2":"type-product","3":"status-publish","4":"has-post-thumbnail","6":"product_cat-algodao-organico","7":"product_cat-amarelo","8":"product_cat-bege","9":"product_cat-branco","10":"product_cat-cores","11":"product_cat-estampados-tecido-100-algodao","12":"product_cat-preto","13":"product_cat-tecido-100-algodao","14":"product_cat-texteis","15":"product_cat-verde","16":"product_cat-vermelho","17":"product_tag-100-algodao","18":"product_tag-algodao-organico","19":"product_tag-frida-kahlo","20":"product_tag-tecidos","21":"pa_padrao-frida-com-flores","22":"pa_padrao-frida-com-flores-no-fundo","23":"pa_padrao-frida-com-rosas","24":"pa_padrao-frida-fundo-amarelo","26":"first","27":"instock","28":"sale","29":"taxable","30":"shipping-taxable","31":"purchasable","32":"product-type-variable"},"_links":{"self":[{"href":"https:\/\/dev.eunitecidos.pt\/fr\/wp-json\/wp\/v2\/product\/2113","targetHints":{"allow":["GET"]}}],"collection":[{"href":"https:\/\/dev.eunitecidos.pt\/fr\/wp-json\/wp\/v2\/product"}],"about":[{"href":"https:\/\/dev.eunitecidos.pt\/fr\/wp-json\/wp\/v2\/types\/product"}],"replies":[{"embeddable":true,"href":"https:\/\/dev.eunitecidos.pt\/fr\/wp-json\/wp\/v2\/comments?post=2113"}],"wp:featuredmedia":[{"embeddable":true,"href":"https:\/\/dev.eunitecidos.pt\/fr\/wp-json\/wp\/v2\/media\/2119"}],"wp:attachment":[{"href":"https:\/\/dev.eunitecidos.pt\/fr\/wp-json\/wp\/v2\/media?parent=2113"}],"wp:term":[{"taxonomy":"product_brand","embeddable":true,"href":"https:\/\/dev.eunitecidos.pt\/fr\/wp-json\/wp\/v2\/product_brand?post=2113"},{"taxonomy":"product_cat","embeddable":true,"href":"https:\/\/dev.eunitecidos.pt\/fr\/wp-json\/wp\/v2\/product_cat?post=2113"},{"taxonomy":"product_tag","embeddable":true,"href":"https:\/\/dev.eunitecidos.pt\/fr\/wp-json\/wp\/v2\/product_tag?post=2113"}],"curies":[{"name":"wp","href":"https:\/\/api.w.org\/{rel}","templated":true}]}}