
{"id":21299,"date":"2023-01-02T23:04:13","date_gmt":"2023-01-02T23:04:13","guid":{"rendered":"https:\/\/dev.eunitecidos.pt\/?post_type=product&#038;p=21299"},"modified":"2023-01-02T23:04:14","modified_gmt":"2023-01-02T23:04:14","slug":"tecido-nylon-carnaval-brilho-prata-halloween-negro","status":"publish","type":"product","link":"https:\/\/dev.eunitecidos.pt\/fr\/loja\/texteis\/tecido-nylon-carnaval-brilho-prata-halloween-negro\/","title":{"rendered":"Tissu nylon | Carnaval | Paillettes argent\u00e9es | Noir Halloween"},"content":{"rendered":"<p>Tecido nYLON | Carnaval | Brilho Prata | Halloween Negro<\/p>\n<p>Tecido ideal para fantasias de Carnaval. Tecido de nylon , sem elasticidade,<\/p>\n<p>com ca\u00edda mias rija e pouco fluida.<\/p>\n<p>Composi\u00e7\u00e3o 60% Poli\u00e9ster 40% Nylon<\/p>\n<p>1,55 largura<\/p>","protected":false},"excerpt":{"rendered":"<p>Tecido nYLON | Carnaval | Brilho Prata | Halloween Negro Tecido ideal para fantasias de Carnaval. Tecido de nylon , sem elasticidade, com ca\u00edda mias rija e pouco fluida. Composi\u00e7\u00e3o 60% Poli\u00e9ster 40% Nylon 1,55 largura<\/p>","protected":false},"featured_media":21192,"comment_status":"closed","ping_status":"closed","template":"","meta":{"_seopress_robots_primary_cat":"69","_seopress_titles_title":"Tecido Nylon Carnaval Brilho Prata","_seopress_titles_desc":"Descubra o tecido de nylon ideal para o Carnaval com brilho prata e Halloween negro. Composi\u00e7\u00e3o de 60% poli\u00e9ster e 40% nylon. Encomende agora!","_seopress_robots_index":""},"product_brand":[],"product_cat":[2016,199,69],"product_tag":[1369,321,1992,1572,1993,2656,1570,2185,897,2645,2648],"class_list":{"0":"post-21299","1":"product","2":"type-product","3":"status-publish","4":"has-post-thumbnail","6":"product_cat-carnaval","7":"product_cat-tematicos","8":"product_cat-texteis","9":"product_tag-aboboras","10":"product_tag-branco","11":"product_tag-carnaval","12":"product_tag-fantasmas","13":"product_tag-fundo-preto","14":"product_tag-micro-fibra","15":"product_tag-morcegos","16":"product_tag-poliester","17":"product_tag-prateado","18":"product_tag-tecido-nylon","19":"product_tag-tecido-tematico","21":"first","22":"instock","23":"taxable","24":"shipping-taxable","25":"purchasable","26":"product-type-simple"},"_links":{"self":[{"href":"https:\/\/dev.eunitecidos.pt\/fr\/wp-json\/wp\/v2\/product\/21299","targetHints":{"allow":["GET"]}}],"collection":[{"href":"https:\/\/dev.eunitecidos.pt\/fr\/wp-json\/wp\/v2\/product"}],"about":[{"href":"https:\/\/dev.eunitecidos.pt\/fr\/wp-json\/wp\/v2\/types\/product"}],"replies":[{"embeddable":true,"href":"https:\/\/dev.eunitecidos.pt\/fr\/wp-json\/wp\/v2\/comments?post=21299"}],"wp:featuredmedia":[{"embeddable":true,"href":"https:\/\/dev.eunitecidos.pt\/fr\/wp-json\/wp\/v2\/media\/21192"}],"wp:attachment":[{"href":"https:\/\/dev.eunitecidos.pt\/fr\/wp-json\/wp\/v2\/media?parent=21299"}],"wp:term":[{"taxonomy":"product_brand","embeddable":true,"href":"https:\/\/dev.eunitecidos.pt\/fr\/wp-json\/wp\/v2\/product_brand?post=21299"},{"taxonomy":"product_cat","embeddable":true,"href":"https:\/\/dev.eunitecidos.pt\/fr\/wp-json\/wp\/v2\/product_cat?post=21299"},{"taxonomy":"product_tag","embeddable":true,"href":"https:\/\/dev.eunitecidos.pt\/fr\/wp-json\/wp\/v2\/product_tag?post=21299"}],"curies":[{"name":"wp","href":"https:\/\/api.w.org\/{rel}","templated":true}]}}