
{"id":21362,"date":"2023-01-02T20:13:44","date_gmt":"2023-01-02T20:13:44","guid":{"rendered":"https:\/\/dev.eunitecidos.pt\/?post_type=product&#038;p=21362"},"modified":"2025-08-01T07:24:23","modified_gmt":"2025-08-01T07:24:23","slug":"cetim-estampado-carnaval-riscas-preto-e-branco","status":"publish","type":"product","link":"https:\/\/dev.eunitecidos.pt\/fr\/loja\/texteis\/cetim-estampado-carnaval-riscas-preto-e-branco\/","title":{"rendered":"Satin | Imprim\u00e9 | Carnaval | Rayures | Noir et blanc"},"content":{"rendered":"<p>Satin | Imprim\u00e9 | Carnaval | Rayures | Noir et blanc<\/p>\n<p>Tissu fluide et l\u00e9ger, id\u00e9al pour les costumes de carnaval<\/p>\n<p>100% Polyester<\/p>\n<p>1,50 Largeur<\/p>","protected":false},"excerpt":{"rendered":"<p>Satin | Imprim\u00e9 | Carnaval | Rayures | Noir et blanc Tissu l\u00e9ger et fluide, id\u00e9al pour les costumes de carnaval 100% Polyester 1.50 Wide<\/p>","protected":false},"featured_media":21236,"comment_status":"closed","ping_status":"closed","template":"","meta":{"_seopress_robots_primary_cat":"69","_seopress_titles_title":"Tecido Cetim Preto e Branco Estampado para Carnaval","_seopress_titles_desc":"Descubra o tecido fluido e leve perfeito para fatos de carnaval com riscas 100% Poli\u00e9ster - 1,50 de largura.","_seopress_robots_index":""},"product_brand":[],"product_cat":[2016,2059,199,69],"product_tag":[707,321,1992,2052,491,90,2648],"class_list":{"0":"post-21362","1":"product","2":"type-product","3":"status-publish","4":"has-post-thumbnail","6":"product_cat-carnaval","7":"product_cat-cetim-lisos-estampados","8":"product_cat-tematicos","9":"product_cat-texteis","10":"product_tag-100-poliester","11":"product_tag-branco","12":"product_tag-carnaval","13":"product_tag-cetim","14":"product_tag-preto","15":"product_tag-riscas","16":"product_tag-tecido-tematico","18":"first","19":"instock","20":"taxable","21":"shipping-taxable","22":"purchasable","23":"product-type-simple"},"_links":{"self":[{"href":"https:\/\/dev.eunitecidos.pt\/fr\/wp-json\/wp\/v2\/product\/21362","targetHints":{"allow":["GET"]}}],"collection":[{"href":"https:\/\/dev.eunitecidos.pt\/fr\/wp-json\/wp\/v2\/product"}],"about":[{"href":"https:\/\/dev.eunitecidos.pt\/fr\/wp-json\/wp\/v2\/types\/product"}],"replies":[{"embeddable":true,"href":"https:\/\/dev.eunitecidos.pt\/fr\/wp-json\/wp\/v2\/comments?post=21362"}],"wp:featuredmedia":[{"embeddable":true,"href":"https:\/\/dev.eunitecidos.pt\/fr\/wp-json\/wp\/v2\/media\/21236"}],"wp:attachment":[{"href":"https:\/\/dev.eunitecidos.pt\/fr\/wp-json\/wp\/v2\/media?parent=21362"}],"wp:term":[{"taxonomy":"product_brand","embeddable":true,"href":"https:\/\/dev.eunitecidos.pt\/fr\/wp-json\/wp\/v2\/product_brand?post=21362"},{"taxonomy":"product_cat","embeddable":true,"href":"https:\/\/dev.eunitecidos.pt\/fr\/wp-json\/wp\/v2\/product_cat?post=21362"},{"taxonomy":"product_tag","embeddable":true,"href":"https:\/\/dev.eunitecidos.pt\/fr\/wp-json\/wp\/v2\/product_tag?post=21362"}],"curies":[{"name":"wp","href":"https:\/\/api.w.org\/{rel}","templated":true}]}}