
{"id":21392,"date":"2023-01-02T13:02:35","date_gmt":"2023-01-02T13:02:35","guid":{"rendered":"https:\/\/dev.eunitecidos.pt\/?post_type=product&#038;p=21392"},"modified":"2025-12-16T16:19:07","modified_gmt":"2025-12-16T16:19:07","slug":"malha-de-lame-carnaval-brilhante-turquesa-14","status":"publish","type":"product","link":"https:\/\/dev.eunitecidos.pt\/fr\/loja\/texteis\/malha-de-lame-carnaval-brilhante-turquesa-14\/","title":{"rendered":"Lam\u00e9 Mesh | Carnaval | Lumineux | Turquoise 14"},"content":{"rendered":"<p>Lam\u00e9 Mesh | Carnaval | Lumineux | Turquoise 14<\/p>\n<p>Maille fluide et extensible<\/p>\n<p>Id\u00e9al pour les d\u00e9guisements et le carnaval<\/p>\n<p>Composition : 64% Polyester 36% Lurex<\/p>\n<p>1,50 Largeur 120gr\/m2<\/p>","protected":false},"excerpt":{"rendered":"<p>Malha de Lam\u00e9 | Carnaval | Brilhante | Turquesa 14 Malha fluida com elasticidade Ideal para fatos de fantasia e Carnaval Composi\u00e7\u00e3o: 64% Poli\u00e9ster 36% Lurex 1,50 Largura 120gr\/m2<\/p>","protected":false},"featured_media":21385,"comment_status":"closed","ping_status":"closed","template":"","meta":{"_seopress_robots_primary_cat":"69","_seopress_titles_title":"Malha de Lam\u00e9 Turquesa 14 | Brilhante para Carnaval","_seopress_titles_desc":"Malha fluida e brilhante perfeita para fatos de Carnaval. Composi\u00e7\u00e3o: 64% Poli\u00e9ster, 36% Lurex, Largura: 1,50m, Gramagem: 120gr\/m2.","_seopress_robots_index":""},"product_brand":[],"product_cat":[2016,199,69],"product_tag":[1992,1614,1793,1991,2235,2648,891],"class_list":{"0":"post-21392","1":"product","2":"type-product","3":"status-publish","4":"has-post-thumbnail","6":"product_cat-carnaval","7":"product_cat-tematicos","8":"product_cat-texteis","9":"product_tag-carnaval","10":"product_tag-elasticidade","11":"product_tag-lurex","12":"product_tag-malha-de-lame","13":"product_tag-poliamida","14":"product_tag-tecido-tematico","15":"product_tag-turquesa","17":"first","18":"instock","19":"taxable","20":"shipping-taxable","21":"purchasable","22":"product-type-simple"},"_links":{"self":[{"href":"https:\/\/dev.eunitecidos.pt\/fr\/wp-json\/wp\/v2\/product\/21392","targetHints":{"allow":["GET"]}}],"collection":[{"href":"https:\/\/dev.eunitecidos.pt\/fr\/wp-json\/wp\/v2\/product"}],"about":[{"href":"https:\/\/dev.eunitecidos.pt\/fr\/wp-json\/wp\/v2\/types\/product"}],"replies":[{"embeddable":true,"href":"https:\/\/dev.eunitecidos.pt\/fr\/wp-json\/wp\/v2\/comments?post=21392"}],"wp:featuredmedia":[{"embeddable":true,"href":"https:\/\/dev.eunitecidos.pt\/fr\/wp-json\/wp\/v2\/media\/21385"}],"wp:attachment":[{"href":"https:\/\/dev.eunitecidos.pt\/fr\/wp-json\/wp\/v2\/media?parent=21392"}],"wp:term":[{"taxonomy":"product_brand","embeddable":true,"href":"https:\/\/dev.eunitecidos.pt\/fr\/wp-json\/wp\/v2\/product_brand?post=21392"},{"taxonomy":"product_cat","embeddable":true,"href":"https:\/\/dev.eunitecidos.pt\/fr\/wp-json\/wp\/v2\/product_cat?post=21392"},{"taxonomy":"product_tag","embeddable":true,"href":"https:\/\/dev.eunitecidos.pt\/fr\/wp-json\/wp\/v2\/product_tag?post=21392"}],"curies":[{"name":"wp","href":"https:\/\/api.w.org\/{rel}","templated":true}]}}