
{"id":21455,"date":"2023-01-02T16:18:07","date_gmt":"2023-01-02T16:18:07","guid":{"rendered":"https:\/\/dev.eunitecidos.pt\/?post_type=product&#038;p=21455"},"modified":"2024-06-21T13:12:03","modified_gmt":"2024-06-21T13:12:03","slug":"veludo-elasticidade-carnaval-rosa-velho","status":"publish","type":"product","link":"https:\/\/dev.eunitecidos.pt\/fr\/loja\/texteis\/veludo-elasticidade-carnaval-rosa-velho\/","title":{"rendered":"Velours | Elasticit\u00e9 | Carnaval | Vieux rose"},"content":{"rendered":"<p>Velours | Elasticit\u00e9 | Carnaval | Vieux rose<\/p>\n<p>Tissu velours, avec \u00e9lastique dans la largeur du tissu.<\/p>\n<p>Id\u00e9al pour les costumes de carnaval<\/p>\n<p>Composition 100% Polyester<\/p>\n<p>Largeur de 1,5 m\u00e8tre<\/p>","protected":false},"excerpt":{"rendered":"<p>Velours | Elastique | Carnaval | Vieux rose Tissu velours, avec largeur de tissu \u00e9lastique. Id\u00e9al pour les costumes de carnaval Composition 100% Polyester 1,5 m\u00e8tre de large<\/p>","protected":false},"featured_media":21441,"comment_status":"closed","ping_status":"closed","template":"","meta":{"_seopress_robots_primary_cat":"69","_seopress_titles_title":"Tecido de Veludo Rosa Velho para Fantasias de Carnaval","_seopress_titles_desc":"Descubra o tecido de veludo com elasticidade, perfeito para fatos e fantasias de Carnaval. Composi\u00e7\u00e3o 100% poli\u00e9ster, 1,5 mt de largura.","_seopress_robots_index":""},"product_brand":[],"product_cat":[2016,199,69,2568],"product_tag":[707,1992,1614,331,2648,1722],"class_list":{"0":"post-21455","1":"product","2":"type-product","3":"status-publish","4":"has-post-thumbnail","6":"product_cat-carnaval","7":"product_cat-tematicos","8":"product_cat-texteis","9":"product_cat-veludos","10":"product_tag-100-poliester","11":"product_tag-carnaval","12":"product_tag-elasticidade","13":"product_tag-rosa-velho","14":"product_tag-tecido-tematico","15":"product_tag-veludo","17":"first","18":"instock","19":"taxable","20":"shipping-taxable","21":"purchasable","22":"product-type-simple"},"_links":{"self":[{"href":"https:\/\/dev.eunitecidos.pt\/fr\/wp-json\/wp\/v2\/product\/21455","targetHints":{"allow":["GET"]}}],"collection":[{"href":"https:\/\/dev.eunitecidos.pt\/fr\/wp-json\/wp\/v2\/product"}],"about":[{"href":"https:\/\/dev.eunitecidos.pt\/fr\/wp-json\/wp\/v2\/types\/product"}],"replies":[{"embeddable":true,"href":"https:\/\/dev.eunitecidos.pt\/fr\/wp-json\/wp\/v2\/comments?post=21455"}],"wp:featuredmedia":[{"embeddable":true,"href":"https:\/\/dev.eunitecidos.pt\/fr\/wp-json\/wp\/v2\/media\/21441"}],"wp:attachment":[{"href":"https:\/\/dev.eunitecidos.pt\/fr\/wp-json\/wp\/v2\/media?parent=21455"}],"wp:term":[{"taxonomy":"product_brand","embeddable":true,"href":"https:\/\/dev.eunitecidos.pt\/fr\/wp-json\/wp\/v2\/product_brand?post=21455"},{"taxonomy":"product_cat","embeddable":true,"href":"https:\/\/dev.eunitecidos.pt\/fr\/wp-json\/wp\/v2\/product_cat?post=21455"},{"taxonomy":"product_tag","embeddable":true,"href":"https:\/\/dev.eunitecidos.pt\/fr\/wp-json\/wp\/v2\/product_tag?post=21455"}],"curies":[{"name":"wp","href":"https:\/\/api.w.org\/{rel}","templated":true}]}}