
{"id":21493,"date":"2023-01-02T12:14:05","date_gmt":"2023-01-02T12:14:05","guid":{"rendered":"https:\/\/dev.eunitecidos.pt\/?post_type=product&#038;p=21493"},"modified":"2025-02-28T17:01:40","modified_gmt":"2025-02-28T17:01:40","slug":"veludo-elasticidade-carnaval-preto","status":"publish","type":"product","link":"https:\/\/dev.eunitecidos.pt\/fr\/loja\/texteis\/veludo-elasticidade-carnaval-preto\/","title":{"rendered":"Velours | Elasticit\u00e9 | Carnaval | Noir"},"content":{"rendered":"<p>Velours | Elasticit\u00e9 | Carnaval | Noir<\/p>\n<p>Tissu velours, avec \u00e9lastique dans la largeur du tissu.<\/p>\n<p>Id\u00e9al pour les costumes de carnaval<\/p>\n<p>Composition 100% Polyester<\/p>\n<p>Largeur de 1,5 m\u00e8tre<\/p>","protected":false},"excerpt":{"rendered":"<p>Veludo | Elasticidade | Carnaval | Preto Tecido de veludo, com elasticidade na largura do tecido. Ideal para fatos e fantasias de carnaval Composi\u00e7\u00e3o 100% Poli\u00e9ster 1,5 mt Largura<\/p>","protected":false},"featured_media":21432,"comment_status":"closed","ping_status":"closed","template":"","meta":{"_seopress_robots_primary_cat":"69","_seopress_titles_title":"Tecido de veludo el\u00e1stico preto para fatos e fantasias de Carnaval","_seopress_titles_desc":"Deslumbre no Carnaval com este tecido de veludo preto, vers\u00e1til e el\u00e1stico. Composi\u00e7\u00e3o em 100% Poli\u00e9ster e 1,5 mt de largura.","_seopress_robots_index":""},"product_brand":[],"product_cat":[2016,199,69],"product_tag":[707,1992,1614,2872,2060,491,2648,3027,1722],"class_list":{"0":"post-21493","1":"product","2":"type-product","3":"status-publish","4":"has-post-thumbnail","6":"product_cat-carnaval","7":"product_cat-tematicos","8":"product_cat-texteis","9":"product_tag-100-poliester","10":"product_tag-carnaval","11":"product_tag-elasticidade","12":"product_tag-festas","13":"product_tag-marchas","14":"product_tag-preto","15":"product_tag-tecido-tematico","16":"product_tag-tematicos","17":"product_tag-veludo","19":"first","20":"instock","21":"taxable","22":"shipping-taxable","23":"purchasable","24":"product-type-simple"},"_links":{"self":[{"href":"https:\/\/dev.eunitecidos.pt\/fr\/wp-json\/wp\/v2\/product\/21493","targetHints":{"allow":["GET"]}}],"collection":[{"href":"https:\/\/dev.eunitecidos.pt\/fr\/wp-json\/wp\/v2\/product"}],"about":[{"href":"https:\/\/dev.eunitecidos.pt\/fr\/wp-json\/wp\/v2\/types\/product"}],"replies":[{"embeddable":true,"href":"https:\/\/dev.eunitecidos.pt\/fr\/wp-json\/wp\/v2\/comments?post=21493"}],"wp:featuredmedia":[{"embeddable":true,"href":"https:\/\/dev.eunitecidos.pt\/fr\/wp-json\/wp\/v2\/media\/21432"}],"wp:attachment":[{"href":"https:\/\/dev.eunitecidos.pt\/fr\/wp-json\/wp\/v2\/media?parent=21493"}],"wp:term":[{"taxonomy":"product_brand","embeddable":true,"href":"https:\/\/dev.eunitecidos.pt\/fr\/wp-json\/wp\/v2\/product_brand?post=21493"},{"taxonomy":"product_cat","embeddable":true,"href":"https:\/\/dev.eunitecidos.pt\/fr\/wp-json\/wp\/v2\/product_cat?post=21493"},{"taxonomy":"product_tag","embeddable":true,"href":"https:\/\/dev.eunitecidos.pt\/fr\/wp-json\/wp\/v2\/product_tag?post=21493"}],"curies":[{"name":"wp","href":"https:\/\/api.w.org\/{rel}","templated":true}]}}