
{"id":21667,"date":"2022-12-30T11:23:19","date_gmt":"2022-12-30T11:23:19","guid":{"rendered":"https:\/\/dev.eunitecidos.pt\/?post_type=product&#038;p=21667"},"modified":"2024-03-21T22:21:21","modified_gmt":"2024-03-21T22:21:21","slug":"agulha-de-esmirna-cose","status":"publish","type":"product","link":"https:\/\/dev.eunitecidos.pt\/fr\/loja\/retrosaria\/agulha-de-esmirna-cose\/","title":{"rendered":"Aiguille de Smyrne | Cose"},"content":{"rendered":"<p>Aiguille de Smyrne | Cose<\/p>\n<p>Aiguille \u00e0 tapisserie Smyrne<\/p>","protected":false},"excerpt":{"rendered":"<p>Smyrna needle | Cose Smyrna tapestry needle<\/p>","protected":false},"featured_media":21663,"comment_status":"closed","ping_status":"closed","template":"","meta":{"_seopress_robots_primary_cat":"72","_seopress_titles_title":"Agulha de Esmirna | Compre a melhor agulha para tape\u00e7aria","_seopress_titles_desc":"Descubra a melhor agulha de Esmirna para tape\u00e7aria em nossa loja. Cose facilmente com a agulha adequada. Confira j\u00e1!","_seopress_robots_index":""},"product_brand":[],"product_cat":[1852,72],"product_tag":[1844,1981,2680,2679],"class_list":{"0":"post-21667","1":"product","2":"type-product","3":"status-publish","4":"has-post-thumbnail","6":"product_cat-agulhas","7":"product_cat-retrosaria","8":"product_tag-agulha","9":"product_tag-cose","10":"product_tag-esmirna","11":"product_tag-tapecaria","13":"first","14":"instock","15":"taxable","16":"shipping-taxable","17":"purchasable","18":"product-type-simple"},"_links":{"self":[{"href":"https:\/\/dev.eunitecidos.pt\/fr\/wp-json\/wp\/v2\/product\/21667","targetHints":{"allow":["GET"]}}],"collection":[{"href":"https:\/\/dev.eunitecidos.pt\/fr\/wp-json\/wp\/v2\/product"}],"about":[{"href":"https:\/\/dev.eunitecidos.pt\/fr\/wp-json\/wp\/v2\/types\/product"}],"replies":[{"embeddable":true,"href":"https:\/\/dev.eunitecidos.pt\/fr\/wp-json\/wp\/v2\/comments?post=21667"}],"wp:featuredmedia":[{"embeddable":true,"href":"https:\/\/dev.eunitecidos.pt\/fr\/wp-json\/wp\/v2\/media\/21663"}],"wp:attachment":[{"href":"https:\/\/dev.eunitecidos.pt\/fr\/wp-json\/wp\/v2\/media?parent=21667"}],"wp:term":[{"taxonomy":"product_brand","embeddable":true,"href":"https:\/\/dev.eunitecidos.pt\/fr\/wp-json\/wp\/v2\/product_brand?post=21667"},{"taxonomy":"product_cat","embeddable":true,"href":"https:\/\/dev.eunitecidos.pt\/fr\/wp-json\/wp\/v2\/product_cat?post=21667"},{"taxonomy":"product_tag","embeddable":true,"href":"https:\/\/dev.eunitecidos.pt\/fr\/wp-json\/wp\/v2\/product_tag?post=21667"}],"curies":[{"name":"wp","href":"https:\/\/api.w.org\/{rel}","templated":true}]}}