
{"id":21761,"date":"2023-01-03T19:53:48","date_gmt":"2023-01-03T19:53:48","guid":{"rendered":"https:\/\/dev.eunitecidos.pt\/?post_type=product&#038;p=21761"},"modified":"2023-01-03T19:53:49","modified_gmt":"2023-01-03T19:53:49","slug":"tecido-lantejoula-carnaval-preto","status":"publish","type":"product","link":"https:\/\/dev.eunitecidos.pt\/fr\/loja\/texteis\/tecido-lantejoula-carnaval-preto\/","title":{"rendered":"Tissu \u00e0 paillettes | Carnaval | Noir"},"content":{"rendered":"<p>Tissu \u00e0 paillettes | Carnaval | Noir<\/p>\n<p>Tricot lam\u00e9 fin et transparent avec paillettes coll\u00e9es.<\/p>\n<p>Paillettes brillantes dans la couleur du tissu<\/p>\n<p>Tissu tr\u00e8s mall\u00e9able et fluide, id\u00e9al pour les costumes de carnaval.<\/p>\n<p>100% Polyester<\/p>\n<p>1.5mt Largeur<\/p>","protected":false},"excerpt":{"rendered":"<p>Tecido Lantejoula | Carnaval | Preto Tecido em malha de lam\u00e9 fininha, com transpar\u00eancia, com lantejoula colada. Lantejoula brilhante na cor do tecido Tecido bastante male\u00e1vel e fluido, ideal para fatos e fantasias de carnaval. 100% Poli\u00e9ster 1,5mt Largura<\/p>","protected":false},"featured_media":21740,"comment_status":"closed","ping_status":"closed","template":"","meta":{"_seopress_robots_primary_cat":"69","_seopress_titles_title":"Tecido Lantejoula Preto para Carnaval","_seopress_titles_desc":"Tecido em malha de lam\u00e9 fininha, com transpar\u00eancia, com lantejoula colada. Male\u00e1vel e fluido, ideal para fatos e fantasias. 100% Poli\u00e9ster.","_seopress_robots_index":""},"product_brand":[],"product_cat":[2016,199,69],"product_tag":[707,1992,2658,1991,491,2685,2648],"class_list":{"0":"post-21761","1":"product","2":"type-product","3":"status-publish","4":"has-post-thumbnail","6":"product_cat-carnaval","7":"product_cat-tematicos","8":"product_cat-texteis","9":"product_tag-100-poliester","10":"product_tag-carnaval","11":"product_tag-fantasia-de-carnaval","12":"product_tag-malha-de-lame","13":"product_tag-preto","14":"product_tag-tecido-lantejoula","15":"product_tag-tecido-tematico","17":"first","18":"instock","19":"taxable","20":"shipping-taxable","21":"purchasable","22":"product-type-simple"},"_links":{"self":[{"href":"https:\/\/dev.eunitecidos.pt\/fr\/wp-json\/wp\/v2\/product\/21761","targetHints":{"allow":["GET"]}}],"collection":[{"href":"https:\/\/dev.eunitecidos.pt\/fr\/wp-json\/wp\/v2\/product"}],"about":[{"href":"https:\/\/dev.eunitecidos.pt\/fr\/wp-json\/wp\/v2\/types\/product"}],"replies":[{"embeddable":true,"href":"https:\/\/dev.eunitecidos.pt\/fr\/wp-json\/wp\/v2\/comments?post=21761"}],"wp:featuredmedia":[{"embeddable":true,"href":"https:\/\/dev.eunitecidos.pt\/fr\/wp-json\/wp\/v2\/media\/21740"}],"wp:attachment":[{"href":"https:\/\/dev.eunitecidos.pt\/fr\/wp-json\/wp\/v2\/media?parent=21761"}],"wp:term":[{"taxonomy":"product_brand","embeddable":true,"href":"https:\/\/dev.eunitecidos.pt\/fr\/wp-json\/wp\/v2\/product_brand?post=21761"},{"taxonomy":"product_cat","embeddable":true,"href":"https:\/\/dev.eunitecidos.pt\/fr\/wp-json\/wp\/v2\/product_cat?post=21761"},{"taxonomy":"product_tag","embeddable":true,"href":"https:\/\/dev.eunitecidos.pt\/fr\/wp-json\/wp\/v2\/product_tag?post=21761"}],"curies":[{"name":"wp","href":"https:\/\/api.w.org\/{rel}","templated":true}]}}