
{"id":22167,"date":"2023-01-20T16:43:28","date_gmt":"2023-01-20T16:43:28","guid":{"rendered":"https:\/\/dev.eunitecidos.pt\/?post_type=product&#038;p=22167"},"modified":"2026-01-09T16:24:37","modified_gmt":"2026-01-09T16:24:37","slug":"lame-liso-elastano-prateado","status":"publish","type":"product","link":"https:\/\/dev.eunitecidos.pt\/fr\/loja\/texteis\/lame-liso-elastano-prateado\/","title":{"rendered":"Lam\u00e9 | Lisse | Elasthanne | Argent"},"content":{"rendered":"<p>Lam\u00e9 | Lisse | Elasthanne | Argent<\/p>\n<p>Malha com bastante elasticidade, brilhante numa das faces.<\/p>\n<p>Ideal para legins e fantasias de carnaval<\/p>\n<p>Composi\u00e7\u00e3o 95% Poli\u00e9ster 5% Spandex 262gr\/m2<\/p>\n<p>1,50 Largeur<\/p>","protected":false},"excerpt":{"rendered":"<p>Lam\u00e9 | Liso | Elastano | Prateado Malha com bastante elasticidade, brilhante numa das faces. Ideal para legins e fantasias de carnaval Composi\u00e7\u00e3o 95% Poli\u00e9ster 5% Spandex 262gr\/m2 1,50 Largura<\/p>","protected":false},"featured_media":22169,"comment_status":"closed","ping_status":"closed","template":"","meta":{"_seopress_robots_primary_cat":"69","_seopress_titles_title":"Tecido Lam\u00e9 Prateado com Elastano | Ideal para Legins e Fantasias de Carnaval","_seopress_titles_desc":"Malha el\u00e1stica e brilhante perfeita para leggings e fantasias de carnaval. Composi\u00e7\u00e3o de alta qualidade e largura de 1,50 metros.","_seopress_robots_index":""},"product_brand":[],"product_cat":[2016,199,69],"product_tag":[1992,1614,2696,677,2185,897,2647],"class_list":{"0":"post-22167","1":"product","2":"type-product","3":"status-publish","4":"has-post-thumbnail","6":"product_cat-carnaval","7":"product_cat-tematicos","8":"product_cat-texteis","9":"product_tag-carnaval","10":"product_tag-elasticidade","11":"product_tag-lame","12":"product_tag-liso","13":"product_tag-poliester","14":"product_tag-prateado","15":"product_tag-spandex","17":"first","18":"instock","19":"taxable","20":"shipping-taxable","21":"purchasable","22":"product-type-simple"},"_links":{"self":[{"href":"https:\/\/dev.eunitecidos.pt\/fr\/wp-json\/wp\/v2\/product\/22167","targetHints":{"allow":["GET"]}}],"collection":[{"href":"https:\/\/dev.eunitecidos.pt\/fr\/wp-json\/wp\/v2\/product"}],"about":[{"href":"https:\/\/dev.eunitecidos.pt\/fr\/wp-json\/wp\/v2\/types\/product"}],"replies":[{"embeddable":true,"href":"https:\/\/dev.eunitecidos.pt\/fr\/wp-json\/wp\/v2\/comments?post=22167"}],"wp:featuredmedia":[{"embeddable":true,"href":"https:\/\/dev.eunitecidos.pt\/fr\/wp-json\/wp\/v2\/media\/22169"}],"wp:attachment":[{"href":"https:\/\/dev.eunitecidos.pt\/fr\/wp-json\/wp\/v2\/media?parent=22167"}],"wp:term":[{"taxonomy":"product_brand","embeddable":true,"href":"https:\/\/dev.eunitecidos.pt\/fr\/wp-json\/wp\/v2\/product_brand?post=22167"},{"taxonomy":"product_cat","embeddable":true,"href":"https:\/\/dev.eunitecidos.pt\/fr\/wp-json\/wp\/v2\/product_cat?post=22167"},{"taxonomy":"product_tag","embeddable":true,"href":"https:\/\/dev.eunitecidos.pt\/fr\/wp-json\/wp\/v2\/product_tag?post=22167"}],"curies":[{"name":"wp","href":"https:\/\/api.w.org\/{rel}","templated":true}]}}