
{"id":22271,"date":"2023-01-20T19:42:08","date_gmt":"2023-01-20T19:42:08","guid":{"rendered":"https:\/\/dev.eunitecidos.pt\/?post_type=product&#038;p=22271"},"modified":"2025-01-10T14:33:01","modified_gmt":"2025-01-10T14:33:01","slug":"tecido-100-poliester-carnaval-losango-rosa","status":"publish","type":"product","link":"https:\/\/dev.eunitecidos.pt\/fr\/loja\/texteis\/tecido-100-poliester-carnaval-losango-rosa\/","title":{"rendered":"Tissu 100% Polyester | Carnaval | Rose Rhombus"},"content":{"rendered":"<p>Tissu 100% Polyester | Carnaval | Rose Rhombus<\/p>\n<p>Tissu id\u00e9al pour les costumes de carnaval. Tissu similaire au minimat, avec une l\u00e9g\u00e8re \u00e9lasticit\u00e9,<\/p>\n<p>avec une chute l\u00e9g\u00e8re et fluide.<\/p>\n<p>Composition 100% Polyester<\/p>\n<p>1,50 large<\/p>","protected":false},"excerpt":{"rendered":"<p>Tissu 100% Polyester | Carnaval | Losange rose Tissu id\u00e9al pour les costumes de carnaval. Tissu similaire au minimat, avec une l\u00e9g\u00e8re \u00e9lasticit\u00e9 et un tomb\u00e9 l\u00e9ger et fluide. Composition 100% Polyester 1,50 de large<\/p>","protected":false},"featured_media":22210,"comment_status":"closed","ping_status":"closed","template":"","meta":{"_seopress_robots_primary_cat":"69","_seopress_titles_title":"Tecido 100% Poli\u00e9ster | Carnaval | Losango Rosa","_seopress_titles_desc":"Descubra o tecido perfeito para criar suas fantasias de Carnaval. Composi\u00e7\u00e3o 100% Poli\u00e9ster, semelhante ao minimat, leve e fluido.","_seopress_robots_index":""},"product_brand":[],"product_cat":[2016,156,199,69],"product_tag":[707,321,1992,340,2053,2657,491,722,2018],"class_list":{"0":"post-22271","1":"product","2":"type-product","3":"status-publish","4":"has-post-thumbnail","6":"product_cat-carnaval","7":"product_cat-minimate","8":"product_cat-tematicos","9":"product_cat-texteis","10":"product_tag-100-poliester","11":"product_tag-branco","12":"product_tag-carnaval","13":"product_tag-estampado","14":"product_tag-losangos","15":"product_tag-minimat","16":"product_tag-preto","17":"product_tag-rosa-bebe","18":"product_tag-rosa-fucsia","20":"first","21":"instock","22":"taxable","23":"shipping-taxable","24":"purchasable","25":"product-type-simple"},"_links":{"self":[{"href":"https:\/\/dev.eunitecidos.pt\/fr\/wp-json\/wp\/v2\/product\/22271","targetHints":{"allow":["GET"]}}],"collection":[{"href":"https:\/\/dev.eunitecidos.pt\/fr\/wp-json\/wp\/v2\/product"}],"about":[{"href":"https:\/\/dev.eunitecidos.pt\/fr\/wp-json\/wp\/v2\/types\/product"}],"replies":[{"embeddable":true,"href":"https:\/\/dev.eunitecidos.pt\/fr\/wp-json\/wp\/v2\/comments?post=22271"}],"wp:featuredmedia":[{"embeddable":true,"href":"https:\/\/dev.eunitecidos.pt\/fr\/wp-json\/wp\/v2\/media\/22210"}],"wp:attachment":[{"href":"https:\/\/dev.eunitecidos.pt\/fr\/wp-json\/wp\/v2\/media?parent=22271"}],"wp:term":[{"taxonomy":"product_brand","embeddable":true,"href":"https:\/\/dev.eunitecidos.pt\/fr\/wp-json\/wp\/v2\/product_brand?post=22271"},{"taxonomy":"product_cat","embeddable":true,"href":"https:\/\/dev.eunitecidos.pt\/fr\/wp-json\/wp\/v2\/product_cat?post=22271"},{"taxonomy":"product_tag","embeddable":true,"href":"https:\/\/dev.eunitecidos.pt\/fr\/wp-json\/wp\/v2\/product_tag?post=22271"}],"curies":[{"name":"wp","href":"https:\/\/api.w.org\/{rel}","templated":true}]}}