
{"id":23835,"date":"2023-03-18T13:18:03","date_gmt":"2023-03-18T13:18:03","guid":{"rendered":"https:\/\/dev.eunitecidos.pt\/?post_type=product&#038;p=23835"},"modified":"2025-08-06T10:11:17","modified_gmt":"2025-08-06T10:11:17","slug":"tecidos-100-algodao-estampado-infantil-piratas-3","status":"publish","type":"product","link":"https:\/\/dev.eunitecidos.pt\/fr\/loja\/texteis\/tecidos-100-algodao-estampado-infantil-piratas-3\/","title":{"rendered":"Tissus 100% Coton | Imprim\u00e9 enfant | Pirates"},"content":{"rendered":"<p>Tissus 100% Coton | Imprim\u00e9 enfant | Pirates<\/p>\n<p>100% Coton<\/p>\n<p>1,50 Largeur<\/p>\n<p>Certifi\u00e9 Oeko-Tex<\/p>","protected":false},"excerpt":{"rendered":"<p>Tissus 100% Coton | Imprim\u00e9 enfant | Pirates 100% Coton 1.50 large Certifi\u00e9 Oeko-Tex<\/p>","protected":false},"featured_media":23836,"comment_status":"closed","ping_status":"closed","template":"","meta":{"_seopress_robots_primary_cat":"69","_seopress_titles_title":"Tecidos 100% Algod\u00e3o Estampado Infantil Piratas 1.50 Largura","_seopress_titles_desc":"Descubra os tecidos 100% algod\u00e3o certificados Oeko-Tex com estampado infantil de piratas a 1.50m de largura. Qualidade e seguran\u00e7a para os mais pequenos!","_seopress_robots_index":""},"product_brand":[],"product_cat":[194,200,196,381,135,69],"product_tag":[315,443,884,1499,1320,1321,1619,1995,1491,2314,405,852,989,421,729,491,1712,891,750],"class_list":{"0":"post-23835","1":"product","2":"type-product","3":"status-publish","4":"has-post-thumbnail","6":"product_cat-algodao-organico","7":"product_cat-animais","8":"product_cat-estampados","9":"product_cat-infantis-tecido-100-algodao","10":"product_cat-tecido-100-algodao","11":"product_cat-texteis","12":"product_tag-100-algodao","13":"product_tag-algodao-organico","14":"product_tag-azulao","15":"product_tag-baleias","16":"product_tag-barcos","17":"product_tag-caranguejo","18":"product_tag-estampado-infantil","19":"product_tag-fundo-branco","20":"product_tag-gato","21":"product_tag-macaco","22":"product_tag-mostarda","23":"product_tag-palmeiras","24":"product_tag-petroleo","25":"product_tag-piratas","26":"product_tag-polvos","27":"product_tag-preto","28":"product_tag-tecido-algodao","29":"product_tag-turquesa","30":"product_tag-verde-seco","32":"first","33":"instock","34":"taxable","35":"shipping-taxable","36":"purchasable","37":"product-type-simple"},"_links":{"self":[{"href":"https:\/\/dev.eunitecidos.pt\/fr\/wp-json\/wp\/v2\/product\/23835","targetHints":{"allow":["GET"]}}],"collection":[{"href":"https:\/\/dev.eunitecidos.pt\/fr\/wp-json\/wp\/v2\/product"}],"about":[{"href":"https:\/\/dev.eunitecidos.pt\/fr\/wp-json\/wp\/v2\/types\/product"}],"replies":[{"embeddable":true,"href":"https:\/\/dev.eunitecidos.pt\/fr\/wp-json\/wp\/v2\/comments?post=23835"}],"wp:featuredmedia":[{"embeddable":true,"href":"https:\/\/dev.eunitecidos.pt\/fr\/wp-json\/wp\/v2\/media\/23836"}],"wp:attachment":[{"href":"https:\/\/dev.eunitecidos.pt\/fr\/wp-json\/wp\/v2\/media?parent=23835"}],"wp:term":[{"taxonomy":"product_brand","embeddable":true,"href":"https:\/\/dev.eunitecidos.pt\/fr\/wp-json\/wp\/v2\/product_brand?post=23835"},{"taxonomy":"product_cat","embeddable":true,"href":"https:\/\/dev.eunitecidos.pt\/fr\/wp-json\/wp\/v2\/product_cat?post=23835"},{"taxonomy":"product_tag","embeddable":true,"href":"https:\/\/dev.eunitecidos.pt\/fr\/wp-json\/wp\/v2\/product_tag?post=23835"}],"curies":[{"name":"wp","href":"https:\/\/api.w.org\/{rel}","templated":true}]}}