
{"id":23842,"date":"2023-03-18T13:12:07","date_gmt":"2023-03-18T13:12:07","guid":{"rendered":"https:\/\/dev.eunitecidos.pt\/?post_type=product&#038;p=23842"},"modified":"2025-08-09T09:56:28","modified_gmt":"2025-08-09T09:56:28","slug":"tecidos-100-algodao-estampado-love-ice-cream","status":"publish","type":"product","link":"https:\/\/dev.eunitecidos.pt\/fr\/loja\/texteis\/tecidos-100-algodao-estampado-love-ice-cream\/","title":{"rendered":"Tissus 100% Coton | Imprim\u00e9 | Love Ice Cream"},"content":{"rendered":"<p>Tissus 100% Coton | Imprim\u00e9 | Love Ice Cream<\/p>\n<p>100% Coton<\/p>\n<p>1,50 Largeur<\/p>\n<p>Certifi\u00e9 Oeko-Tex<\/p>","protected":false},"excerpt":{"rendered":"<p>Tissus 100% Coton | Imprim\u00e9 | Love Ice Cream 100% Coton 1.50 Large Certifi\u00e9 Oeko-Tex<\/p>","protected":false},"featured_media":23826,"comment_status":"closed","ping_status":"closed","template":"","meta":{"_seopress_robots_primary_cat":"69","_seopress_titles_title":"Tecidos 100% Algod\u00e3o Estampado Love Ice Cream","_seopress_titles_desc":"Descubra os nossos tecidos estampados 100% algod\u00e3o perfeitos para criar pe\u00e7as \u00fanicas. Com certificado Oeko-Tex e 1.50 metros de largura.","_seopress_robots_index":""},"product_brand":[],"product_cat":[194,198,360,135,69],"product_tag":[315,443,321,1929,340,2188,854,424,2018,1712,102],"class_list":{"0":"post-23842","1":"product","2":"type-product","3":"status-publish","4":"has-post-thumbnail","6":"product_cat-algodao-organico","7":"product_cat-cozinha","8":"product_cat-estampados-tecido-100-algodao","9":"product_cat-tecido-100-algodao","10":"product_cat-texteis","11":"product_tag-100-algodao","12":"product_tag-algodao-organico","13":"product_tag-branco","14":"product_tag-cereja","15":"product_tag-estampado","16":"product_tag-fundo-menta","17":"product_tag-gelados","18":"product_tag-laranja","19":"product_tag-rosa-fucsia","20":"product_tag-tecido-algodao","21":"product_tag-verde","23":"first","24":"instock","25":"taxable","26":"shipping-taxable","27":"purchasable","28":"product-type-simple"},"_links":{"self":[{"href":"https:\/\/dev.eunitecidos.pt\/fr\/wp-json\/wp\/v2\/product\/23842","targetHints":{"allow":["GET"]}}],"collection":[{"href":"https:\/\/dev.eunitecidos.pt\/fr\/wp-json\/wp\/v2\/product"}],"about":[{"href":"https:\/\/dev.eunitecidos.pt\/fr\/wp-json\/wp\/v2\/types\/product"}],"replies":[{"embeddable":true,"href":"https:\/\/dev.eunitecidos.pt\/fr\/wp-json\/wp\/v2\/comments?post=23842"}],"wp:featuredmedia":[{"embeddable":true,"href":"https:\/\/dev.eunitecidos.pt\/fr\/wp-json\/wp\/v2\/media\/23826"}],"wp:attachment":[{"href":"https:\/\/dev.eunitecidos.pt\/fr\/wp-json\/wp\/v2\/media?parent=23842"}],"wp:term":[{"taxonomy":"product_brand","embeddable":true,"href":"https:\/\/dev.eunitecidos.pt\/fr\/wp-json\/wp\/v2\/product_brand?post=23842"},{"taxonomy":"product_cat","embeddable":true,"href":"https:\/\/dev.eunitecidos.pt\/fr\/wp-json\/wp\/v2\/product_cat?post=23842"},{"taxonomy":"product_tag","embeddable":true,"href":"https:\/\/dev.eunitecidos.pt\/fr\/wp-json\/wp\/v2\/product_tag?post=23842"}],"curies":[{"name":"wp","href":"https:\/\/api.w.org\/{rel}","templated":true}]}}