
{"id":23847,"date":"2023-03-16T21:43:48","date_gmt":"2023-03-16T21:43:48","guid":{"rendered":"https:\/\/dev.eunitecidos.pt\/?post_type=product&#038;p=23847"},"modified":"2025-10-20T12:09:00","modified_gmt":"2025-10-20T12:09:00","slug":"tecidos-100-algodao-estampado-caes-5","status":"publish","type":"product","link":"https:\/\/dev.eunitecidos.pt\/fr\/loja\/texteis\/tecidos-100-algodao-estampado-caes-5\/","title":{"rendered":"Tissus 100% Coton | Imprim\u00e9 | Chiens"},"content":{"rendered":"<p>Tissus 100% Coton | Imprim\u00e9 | Chiens<\/p>\n<p>100% Coton<\/p>\n<p>1,50 Largeur<\/p>\n<p>Certifi\u00e9 Oeko-Tex<\/p>","protected":false},"excerpt":{"rendered":"<p>Tissus 100% Cotton | Printed | Dogs 100% Cotton 1.50 Wide Oeko-Tex Certified<\/p>","protected":false},"featured_media":23814,"comment_status":"closed","ping_status":"closed","template":"","meta":{"_seopress_robots_primary_cat":"69","_seopress_titles_title":"Tecidos Algod\u00e3o Estampado para C\u00e3es | 100% Algod\u00e3o 1.50 Largura Oeko-Tex","_seopress_titles_desc":"Descubra incr\u00edveis tecidos estampados c\u00e3es em 100% algod\u00e3o com 1.50m de largura e certificado Oeko-Tex. Qualidade e estilo garantidos!","_seopress_robots_index":""},"product_brand":[],"product_cat":[194,200,135,69],"product_tag":[315,443,373,319,321,1208,516,351,340,424,491,1712],"class_list":{"0":"post-23847","1":"product","2":"type-product","3":"status-publish","4":"has-post-thumbnail","6":"product_cat-algodao-organico","7":"product_cat-animais","8":"product_cat-tecido-100-algodao","9":"product_cat-texteis","10":"product_tag-100-algodao","11":"product_tag-algodao-organico","12":"product_tag-animais","13":"product_tag-bege","14":"product_tag-branco","15":"product_tag-caes","16":"product_tag-castanho","17":"product_tag-cinza","18":"product_tag-estampado","19":"product_tag-laranja","20":"product_tag-preto","21":"product_tag-tecido-algodao","23":"first","24":"instock","25":"taxable","26":"shipping-taxable","27":"purchasable","28":"product-type-simple"},"_links":{"self":[{"href":"https:\/\/dev.eunitecidos.pt\/fr\/wp-json\/wp\/v2\/product\/23847","targetHints":{"allow":["GET"]}}],"collection":[{"href":"https:\/\/dev.eunitecidos.pt\/fr\/wp-json\/wp\/v2\/product"}],"about":[{"href":"https:\/\/dev.eunitecidos.pt\/fr\/wp-json\/wp\/v2\/types\/product"}],"replies":[{"embeddable":true,"href":"https:\/\/dev.eunitecidos.pt\/fr\/wp-json\/wp\/v2\/comments?post=23847"}],"wp:featuredmedia":[{"embeddable":true,"href":"https:\/\/dev.eunitecidos.pt\/fr\/wp-json\/wp\/v2\/media\/23814"}],"wp:attachment":[{"href":"https:\/\/dev.eunitecidos.pt\/fr\/wp-json\/wp\/v2\/media?parent=23847"}],"wp:term":[{"taxonomy":"product_brand","embeddable":true,"href":"https:\/\/dev.eunitecidos.pt\/fr\/wp-json\/wp\/v2\/product_brand?post=23847"},{"taxonomy":"product_cat","embeddable":true,"href":"https:\/\/dev.eunitecidos.pt\/fr\/wp-json\/wp\/v2\/product_cat?post=23847"},{"taxonomy":"product_tag","embeddable":true,"href":"https:\/\/dev.eunitecidos.pt\/fr\/wp-json\/wp\/v2\/product_tag?post=23847"}],"curies":[{"name":"wp","href":"https:\/\/api.w.org\/{rel}","templated":true}]}}