
{"id":23964,"date":"2023-03-18T20:10:47","date_gmt":"2023-03-18T20:10:47","guid":{"rendered":"https:\/\/dev.eunitecidos.pt\/?post_type=product&#038;p=23964"},"modified":"2026-01-26T18:48:13","modified_gmt":"2026-01-26T18:48:13","slug":"cambraia-lisa-azul-escuro-9","status":"publish","type":"product","link":"https:\/\/dev.eunitecidos.pt\/fr\/loja\/texteis\/cambraia-lisa-azul-escuro-9\/","title":{"rendered":"Cambraia | Lisse | Bleu fonc\u00e9 (9)"},"content":{"rendered":"<p>Cambraia | Lisse | Bleu fonc\u00e9 (9)<\/p>\n<p>Composition 65% Coton 35% Polyester<\/p>\n<p>1,50 Largeur<\/p>","protected":false},"excerpt":{"rendered":"<p>Cambric | Uni | Bleu fonc\u00e9 (9) Composition 65% Coton 35% Polyester 1.50 Largeur<\/p>","protected":false},"featured_media":23895,"comment_status":"closed","ping_status":"closed","template":"","meta":{"_seopress_robots_primary_cat":"69","_seopress_titles_title":"Tecido Lisa Cambraia Azul Escuro - Composi\u00e7\u00e3o Algod\u00e3o Poli\u00e9ster","_seopress_titles_desc":"Descubra o nosso tecido Cambraia Lisa em Azul Escuro com composi\u00e7\u00e3o de 65% Algod\u00e3o e 35% Poli\u00e9ster. Com largura de 1,50 metros. Perfeito para os seus projetos de costura!","_seopress_robots_index":""},"product_brand":[],"product_cat":[142,219,69],"product_tag":[290,563,582,1638,2185],"class_list":{"0":"post-23964","1":"product","2":"type-product","3":"status-publish","4":"has-post-thumbnail","6":"product_cat-cambraias","7":"product_cat-lisas-cambraias","8":"product_cat-texteis","9":"product_tag-algodao","10":"product_tag-azul-escuro","11":"product_tag-cambraia","12":"product_tag-lisa","13":"product_tag-poliester","15":"first","16":"instock","17":"taxable","18":"shipping-taxable","19":"purchasable","20":"product-type-simple"},"_links":{"self":[{"href":"https:\/\/dev.eunitecidos.pt\/fr\/wp-json\/wp\/v2\/product\/23964","targetHints":{"allow":["GET"]}}],"collection":[{"href":"https:\/\/dev.eunitecidos.pt\/fr\/wp-json\/wp\/v2\/product"}],"about":[{"href":"https:\/\/dev.eunitecidos.pt\/fr\/wp-json\/wp\/v2\/types\/product"}],"replies":[{"embeddable":true,"href":"https:\/\/dev.eunitecidos.pt\/fr\/wp-json\/wp\/v2\/comments?post=23964"}],"wp:featuredmedia":[{"embeddable":true,"href":"https:\/\/dev.eunitecidos.pt\/fr\/wp-json\/wp\/v2\/media\/23895"}],"wp:attachment":[{"href":"https:\/\/dev.eunitecidos.pt\/fr\/wp-json\/wp\/v2\/media?parent=23964"}],"wp:term":[{"taxonomy":"product_brand","embeddable":true,"href":"https:\/\/dev.eunitecidos.pt\/fr\/wp-json\/wp\/v2\/product_brand?post=23964"},{"taxonomy":"product_cat","embeddable":true,"href":"https:\/\/dev.eunitecidos.pt\/fr\/wp-json\/wp\/v2\/product_cat?post=23964"},{"taxonomy":"product_tag","embeddable":true,"href":"https:\/\/dev.eunitecidos.pt\/fr\/wp-json\/wp\/v2\/product_tag?post=23964"}],"curies":[{"name":"wp","href":"https:\/\/api.w.org\/{rel}","templated":true}]}}