
{"id":24498,"date":"2023-03-31T14:36:33","date_gmt":"2023-03-31T14:36:33","guid":{"rendered":"https:\/\/dev.eunitecidos.pt\/?post_type=product&#038;p=24498"},"modified":"2025-01-22T13:01:51","modified_gmt":"2025-01-22T13:01:51","slug":"tecido-sarja-lisa-rosa-barbie-049","status":"publish","type":"product","link":"https:\/\/dev.eunitecidos.pt\/fr\/loja\/texteis\/tecido-sarja-lisa-rosa-barbie-049\/","title":{"rendered":"Tissu | Twill | Uni | Rose Barbie (049)"},"content":{"rendered":"<p>Tissu | Twill | Uni | Rose Barbie (049)<\/p>\n<p>Tissu de coton et de polyester, largement utilis\u00e9 pour les uniformes et les blouses (cuisine, h\u00f4pital, cr\u00e8che).<\/p>\n<p>R\u00e9sistant \u00e0 de multiples lavages et \u00e0 des temp\u00e9ratures \u00e9lev\u00e9es.<\/p>\n<p>Composition 65% Coton 35% Polyester 200gr\/m2<\/p>\n<p>1,50 Largeur<\/p>","protected":false},"excerpt":{"rendered":"<p>Tissu | Twill | Uni | Rose Barbie (049) Tissu en coton et polyester, largement utilis\u00e9 pour les uniformes et les blouses (Cuisine, H\u00f4pital, Nurserie) R\u00e9sistant aux lavages multiples et aux temp\u00e9ratures \u00e9lev\u00e9es. Composition 65% Coton 35% Polyester 200gr\/m2 1.50 Largeur<\/p>","protected":false},"featured_media":24454,"comment_status":"closed","ping_status":"closed","template":"","meta":{"_seopress_robots_primary_cat":"69","_seopress_titles_title":"Tecido Sarja Lisa Rosa Barbie (049) Algod\u00e3o Poli\u00e9ster","_seopress_titles_desc":"Descubra o tecido de sarja lisa rosa Barbie (049) em algod\u00e3o e poli\u00e9ster, ideal para fardamentos e batas. Composi\u00e7\u00e3o dur\u00e1vel e resistente a lavagens e altas temperaturas.","_seopress_robots_index":""},"product_brand":[],"product_cat":[155,69],"product_tag":[290,1638,2185,2763,2594,289],"class_list":{"0":"post-24498","1":"product","2":"type-product","3":"status-publish","4":"has-post-thumbnail","6":"product_cat-sarjas","7":"product_cat-texteis","8":"product_tag-algodao","9":"product_tag-lisa","10":"product_tag-poliester","11":"product_tag-rosa-barbie","12":"product_tag-sarja","13":"product_tag-tecido","15":"first","16":"instock","17":"taxable","18":"shipping-taxable","19":"purchasable","20":"product-type-simple"},"_links":{"self":[{"href":"https:\/\/dev.eunitecidos.pt\/fr\/wp-json\/wp\/v2\/product\/24498","targetHints":{"allow":["GET"]}}],"collection":[{"href":"https:\/\/dev.eunitecidos.pt\/fr\/wp-json\/wp\/v2\/product"}],"about":[{"href":"https:\/\/dev.eunitecidos.pt\/fr\/wp-json\/wp\/v2\/types\/product"}],"replies":[{"embeddable":true,"href":"https:\/\/dev.eunitecidos.pt\/fr\/wp-json\/wp\/v2\/comments?post=24498"}],"wp:featuredmedia":[{"embeddable":true,"href":"https:\/\/dev.eunitecidos.pt\/fr\/wp-json\/wp\/v2\/media\/24454"}],"wp:attachment":[{"href":"https:\/\/dev.eunitecidos.pt\/fr\/wp-json\/wp\/v2\/media?parent=24498"}],"wp:term":[{"taxonomy":"product_brand","embeddable":true,"href":"https:\/\/dev.eunitecidos.pt\/fr\/wp-json\/wp\/v2\/product_brand?post=24498"},{"taxonomy":"product_cat","embeddable":true,"href":"https:\/\/dev.eunitecidos.pt\/fr\/wp-json\/wp\/v2\/product_cat?post=24498"},{"taxonomy":"product_tag","embeddable":true,"href":"https:\/\/dev.eunitecidos.pt\/fr\/wp-json\/wp\/v2\/product_tag?post=24498"}],"curies":[{"name":"wp","href":"https:\/\/api.w.org\/{rel}","templated":true}]}}