
{"id":2459,"date":"2021-06-20T20:37:29","date_gmt":"2021-06-20T20:37:29","guid":{"rendered":"https:\/\/dev.eunitecidos.pt\/?post_type=product&#038;p=2459"},"modified":"2021-08-24T21:46:44","modified_gmt":"2021-08-24T21:46:44","slug":"lycras-estampadas-basicos-2","status":"publish","type":"product","link":"https:\/\/dev.eunitecidos.pt\/fr\/loja\/cores\/lycras-estampadas-basicos-2\/","title":{"rendered":"Lycras | Imprim\u00e9 | Basique"},"content":{"rendered":"<p>Lycras | Imprim\u00e9 | Basique<\/p>\n<p>80% Polyamide<\/p>\n<p>20% Elastane<\/p>\n<p>Largeur 1,50 cm<\/p>\n<p>260 Gr\/m<\/p>\n<p>Lycras pour Bikinis, Maillots de bain, V\u00eatements de sport, Jupes, Danse, Patinage artistique<\/p>\n<p>&nbsp;<\/p>\n<p>&nbsp;<\/p>\n<p>&nbsp;<\/p>\n<p>&nbsp;<\/p>","protected":false},"excerpt":{"rendered":"<p>Lycras | Imprim\u00e9 | Basique<\/p>\n<p>80% Polyamide<\/p>\n<p>20% Elastane<\/p>\n<p>Largeur 1,50 cm<\/p>\n<p>260 Gr\/m<\/p>\n<p>Lycras pour Bikinis, Maillots de bain, V\u00eatements de sport, Jupes, Danse, Patinage artistique<\/p>","protected":false},"featured_media":2427,"comment_status":"open","ping_status":"closed","template":"","meta":{"_seopress_robots_primary_cat":"122","_seopress_titles_title":"Lycras Estampadas e B\u00e1sicos para Biqu\u00ednis e Mais","_seopress_titles_desc":"Descubra a nossa sele\u00e7\u00e3o de lycras para biqu\u00ednis, fatos de banho, roupa desportiva e muito mais. Feitas com 80% Poliamida e 20% Elastano. Encomende j\u00e1!","_seopress_robots_index":""},"product_brand":[],"product_cat":[122,241,154,127,132,69],"product_tag":[841,321,844,705,842,840,304,100,320,843,456,746],"class_list":{"0":"post-2459","1":"product","2":"type-product","3":"status-publish","4":"has-post-thumbnail","6":"product_cat-cores","7":"product_cat-estampadas-lycras","8":"product_cat-lycras","9":"product_cat-preto","10":"product_cat-rosa","11":"product_cat-texteis","12":"product_tag-biquinis","13":"product_tag-branco","14":"product_tag-dancas","15":"product_tag-estampadas","16":"product_tag-fato-de-banho","17":"product_tag-lycras","18":"product_tag-menina","19":"product_tag-praia","20":"product_tag-rosa","21":"product_tag-saias","22":"product_tag-verao","23":"product_tag-vestidos","25":"first","26":"instock","27":"taxable","28":"shipping-taxable","29":"purchasable","30":"product-type-simple"},"_links":{"self":[{"href":"https:\/\/dev.eunitecidos.pt\/fr\/wp-json\/wp\/v2\/product\/2459","targetHints":{"allow":["GET"]}}],"collection":[{"href":"https:\/\/dev.eunitecidos.pt\/fr\/wp-json\/wp\/v2\/product"}],"about":[{"href":"https:\/\/dev.eunitecidos.pt\/fr\/wp-json\/wp\/v2\/types\/product"}],"replies":[{"embeddable":true,"href":"https:\/\/dev.eunitecidos.pt\/fr\/wp-json\/wp\/v2\/comments?post=2459"}],"wp:featuredmedia":[{"embeddable":true,"href":"https:\/\/dev.eunitecidos.pt\/fr\/wp-json\/wp\/v2\/media\/2427"}],"wp:attachment":[{"href":"https:\/\/dev.eunitecidos.pt\/fr\/wp-json\/wp\/v2\/media?parent=2459"}],"wp:term":[{"taxonomy":"product_brand","embeddable":true,"href":"https:\/\/dev.eunitecidos.pt\/fr\/wp-json\/wp\/v2\/product_brand?post=2459"},{"taxonomy":"product_cat","embeddable":true,"href":"https:\/\/dev.eunitecidos.pt\/fr\/wp-json\/wp\/v2\/product_cat?post=2459"},{"taxonomy":"product_tag","embeddable":true,"href":"https:\/\/dev.eunitecidos.pt\/fr\/wp-json\/wp\/v2\/product_tag?post=2459"}],"curies":[{"name":"wp","href":"https:\/\/api.w.org\/{rel}","templated":true}]}}