
{"id":24723,"date":"2023-04-15T16:12:28","date_gmt":"2023-04-15T16:12:28","guid":{"rendered":"https:\/\/dev.eunitecidos.pt\/?post_type=product&#038;p=24723"},"modified":"2026-01-19T15:37:19","modified_gmt":"2026-01-19T15:37:19","slug":"fustao-piquet-100-algodao-chevron-cinza","status":"publish","type":"product","link":"https:\/\/dev.eunitecidos.pt\/fr\/loja\/texteis\/fustao-piquet-100-algodao-chevron-cinza\/","title":{"rendered":"Fust\u00e3o | Piquet | 100% Coton | Chevron Gris"},"content":{"rendered":"<p>Fust\u00e3o | Piquet | 100% Coton | Chevron Gris<\/p>\n<p>100% Tissu en coton, doux, lisse et confortable.<\/p>\n<p>Largement utilis\u00e9 dans l'artisanat pour enfants, en particulier dans les articles de maternit\u00e9.<\/p>\n<p>Certifi\u00e9 OEKO-TEX<\/p>\n<p>1,50 mt Largeur<\/p>","protected":false},"excerpt":{"rendered":"<p>Piquet | 100% Coton | Chevron Gris 100% Tissu en coton, doux, lisse et confortable. Largement utilis\u00e9 dans l'artisanat pour enfants, en particulier dans les articles de maternit\u00e9. Certifi\u00e9 OEKO-TEX, largeur de 1,50 m\u00e8tre.<\/p>","protected":false},"featured_media":24608,"comment_status":"closed","ping_status":"closed","template":"","meta":{"_seopress_robots_primary_cat":"69","_seopress_titles_title":"Tecido 100% Algod\u00e3o Chevron Cinza | Fust\u00e3o | Piquet","_seopress_titles_desc":"Descubra o tecido 100% algod\u00e3o Chevron Cinza, macio e confort\u00e1vel, certificado OEKO-TEX, perfeito para artigos de maternidade. Compre j\u00e1!","_seopress_robots_index":""},"product_brand":[],"product_cat":[194,208,202,135,69,349],"product_tag":[315,443,419,321,1334,1631,340,312,313,1712],"class_list":{"0":"post-24723","1":"product","2":"type-product","3":"status-publish","4":"has-post-thumbnail","6":"product_cat-algodao-organico","7":"product_cat-estampados-piquet-fustao","8":"product_cat-piquet-fustao","9":"product_cat-tecido-100-algodao","10":"product_cat-texteis","11":"product_cat-zig-zag","12":"product_tag-100-algodao","13":"product_tag-algodao-organico","14":"product_tag-basico","15":"product_tag-branco","16":"product_tag-chevron","17":"product_tag-cinza-claro","18":"product_tag-estampado","19":"product_tag-fustao","20":"product_tag-piquet","21":"product_tag-tecido-algodao","23":"first","24":"instock","25":"taxable","26":"shipping-taxable","27":"purchasable","28":"product-type-simple"},"_links":{"self":[{"href":"https:\/\/dev.eunitecidos.pt\/fr\/wp-json\/wp\/v2\/product\/24723","targetHints":{"allow":["GET"]}}],"collection":[{"href":"https:\/\/dev.eunitecidos.pt\/fr\/wp-json\/wp\/v2\/product"}],"about":[{"href":"https:\/\/dev.eunitecidos.pt\/fr\/wp-json\/wp\/v2\/types\/product"}],"replies":[{"embeddable":true,"href":"https:\/\/dev.eunitecidos.pt\/fr\/wp-json\/wp\/v2\/comments?post=24723"}],"wp:featuredmedia":[{"embeddable":true,"href":"https:\/\/dev.eunitecidos.pt\/fr\/wp-json\/wp\/v2\/media\/24608"}],"wp:attachment":[{"href":"https:\/\/dev.eunitecidos.pt\/fr\/wp-json\/wp\/v2\/media?parent=24723"}],"wp:term":[{"taxonomy":"product_brand","embeddable":true,"href":"https:\/\/dev.eunitecidos.pt\/fr\/wp-json\/wp\/v2\/product_brand?post=24723"},{"taxonomy":"product_cat","embeddable":true,"href":"https:\/\/dev.eunitecidos.pt\/fr\/wp-json\/wp\/v2\/product_cat?post=24723"},{"taxonomy":"product_tag","embeddable":true,"href":"https:\/\/dev.eunitecidos.pt\/fr\/wp-json\/wp\/v2\/product_tag?post=24723"}],"curies":[{"name":"wp","href":"https:\/\/api.w.org\/{rel}","templated":true}]}}