
{"id":25164,"date":"2023-05-12T13:20:55","date_gmt":"2023-05-12T13:20:55","guid":{"rendered":"https:\/\/dev.eunitecidos.pt\/?post_type=product&#038;p=25164"},"modified":"2023-05-12T13:20:55","modified_gmt":"2023-05-12T13:20:55","slug":"tecidos-100-algodao-estampado-infantil-ananas","status":"publish","type":"product","link":"https:\/\/dev.eunitecidos.pt\/fr\/loja\/texteis\/tecidos-100-algodao-estampado-infantil-ananas\/","title":{"rendered":"Tissus 100% Coton | Imprim\u00e9 enfant | Ananas"},"content":{"rendered":"<p>Tissus 100% Coton | Imprim\u00e9 enfant | Ananas<\/p>\n<p>100% Coton<\/p>\n<p>1,50 Largeur<\/p>\n<p>Certifi\u00e9 Oeko-Tex<\/p>","protected":false},"excerpt":{"rendered":"<p>Tissus 100% Coton | Imprim\u00e9 enfant | Ananas 100% Coton 1.50 large Certifi\u00e9 Oeko-Tex<\/p>","protected":false},"featured_media":24795,"comment_status":"closed","ping_status":"closed","template":"","meta":{"_seopress_robots_primary_cat":"69","_seopress_titles_title":"Tecidos 100% Algod\u00e3o Estampado Infantil Anan\u00e1s 1.50 Largura","_seopress_titles_desc":"Descubra tecidos 100% algod\u00e3o com estampados infantis, como o Anan\u00e1s, certificados pela Oeko-Tex. Largura de 1.50m perfeita para os seus projetos!","_seopress_robots_index":""},"product_brand":[],"product_cat":[194,196,381,135,69],"product_tag":[315,443,307,847,515,1619,2044,893,1712],"class_list":{"0":"post-25164","1":"product","2":"type-product","3":"status-publish","4":"has-post-thumbnail","6":"product_cat-algodao-organico","7":"product_cat-estampados","8":"product_cat-infantis-tecido-100-algodao","9":"product_cat-tecido-100-algodao","10":"product_cat-texteis","11":"product_tag-100-algodao","12":"product_tag-algodao-organico","13":"product_tag-amarelo","14":"product_tag-ananas","15":"product_tag-coral","16":"product_tag-estampado-infantil","17":"product_tag-fundo-verde-agua","18":"product_tag-menta","19":"product_tag-tecido-algodao","21":"first","22":"instock","23":"taxable","24":"shipping-taxable","25":"purchasable","26":"product-type-simple"},"_links":{"self":[{"href":"https:\/\/dev.eunitecidos.pt\/fr\/wp-json\/wp\/v2\/product\/25164","targetHints":{"allow":["GET"]}}],"collection":[{"href":"https:\/\/dev.eunitecidos.pt\/fr\/wp-json\/wp\/v2\/product"}],"about":[{"href":"https:\/\/dev.eunitecidos.pt\/fr\/wp-json\/wp\/v2\/types\/product"}],"replies":[{"embeddable":true,"href":"https:\/\/dev.eunitecidos.pt\/fr\/wp-json\/wp\/v2\/comments?post=25164"}],"wp:featuredmedia":[{"embeddable":true,"href":"https:\/\/dev.eunitecidos.pt\/fr\/wp-json\/wp\/v2\/media\/24795"}],"wp:attachment":[{"href":"https:\/\/dev.eunitecidos.pt\/fr\/wp-json\/wp\/v2\/media?parent=25164"}],"wp:term":[{"taxonomy":"product_brand","embeddable":true,"href":"https:\/\/dev.eunitecidos.pt\/fr\/wp-json\/wp\/v2\/product_brand?post=25164"},{"taxonomy":"product_cat","embeddable":true,"href":"https:\/\/dev.eunitecidos.pt\/fr\/wp-json\/wp\/v2\/product_cat?post=25164"},{"taxonomy":"product_tag","embeddable":true,"href":"https:\/\/dev.eunitecidos.pt\/fr\/wp-json\/wp\/v2\/product_tag?post=25164"}],"curies":[{"name":"wp","href":"https:\/\/api.w.org\/{rel}","templated":true}]}}