
{"id":25297,"date":"2023-05-12T17:56:26","date_gmt":"2023-05-12T17:56:26","guid":{"rendered":"https:\/\/dev.eunitecidos.pt\/?post_type=product&#038;p=25297"},"modified":"2025-11-17T20:22:42","modified_gmt":"2025-11-17T20:22:42","slug":"tecidos-100-algodao-estampado-digital-floral-verde","status":"publish","type":"product","link":"https:\/\/dev.eunitecidos.pt\/fr\/loja\/texteis\/tecidos-100-algodao-estampado-digital-floral-verde\/","title":{"rendered":"Tissus 100% Coton | Imprim\u00e9 num\u00e9rique | Floral ( Vert )"},"content":{"rendered":"<p>Tissus 100% Coton | Imprim\u00e9 num\u00e9rique | Floral ( Vert )<\/p>\n<p>100% Coton 115gr\/m2<\/p>\n<p>1.40 Largeur<\/p>\n<p>Certifi\u00e9 Oeko-Tex<\/p>","protected":false},"excerpt":{"rendered":"<p>Tissus 100% Cotton | Digital Print | Floral ( Green ) 100% Cotton 115gr\/m2 1.40 Wide Oeko-Tex Certified<\/p>","protected":false},"featured_media":26227,"comment_status":"closed","ping_status":"closed","template":"","meta":{"_seopress_robots_primary_cat":"69","_seopress_titles_title":"Tecidos Algod\u00e3o Estampado Digital Verde 100% Algod\u00e3o","_seopress_titles_desc":"Descubra os nossos tecidos 100% algod\u00e3o estampados com padr\u00e3o floral verde. Leves, certificados Oeko-Tex e com 1.40m de largura. Encomende j\u00e1!","_seopress_robots_index":""},"product_brand":[],"product_cat":[194,360,197,135,69],"product_tag":[315,443,321,515,1884,1798,86,2176,491,1712,750],"class_list":{"0":"post-25297","1":"product","2":"type-product","3":"status-publish","4":"has-post-thumbnail","6":"product_cat-algodao-organico","7":"product_cat-estampados-tecido-100-algodao","8":"product_cat-florais-tropicais","9":"product_cat-tecido-100-algodao","10":"product_cat-texteis","11":"product_tag-100-algodao","12":"product_tag-algodao-organico","13":"product_tag-branco","14":"product_tag-coral","15":"product_tag-estampado-digital","16":"product_tag-floral","17":"product_tag-flores","18":"product_tag-fundo-verde-tropa","19":"product_tag-preto","20":"product_tag-tecido-algodao","21":"product_tag-verde-seco","23":"first","24":"instock","25":"taxable","26":"shipping-taxable","27":"purchasable","28":"product-type-simple"},"_links":{"self":[{"href":"https:\/\/dev.eunitecidos.pt\/fr\/wp-json\/wp\/v2\/product\/25297","targetHints":{"allow":["GET"]}}],"collection":[{"href":"https:\/\/dev.eunitecidos.pt\/fr\/wp-json\/wp\/v2\/product"}],"about":[{"href":"https:\/\/dev.eunitecidos.pt\/fr\/wp-json\/wp\/v2\/types\/product"}],"replies":[{"embeddable":true,"href":"https:\/\/dev.eunitecidos.pt\/fr\/wp-json\/wp\/v2\/comments?post=25297"}],"wp:featuredmedia":[{"embeddable":true,"href":"https:\/\/dev.eunitecidos.pt\/fr\/wp-json\/wp\/v2\/media\/26227"}],"wp:attachment":[{"href":"https:\/\/dev.eunitecidos.pt\/fr\/wp-json\/wp\/v2\/media?parent=25297"}],"wp:term":[{"taxonomy":"product_brand","embeddable":true,"href":"https:\/\/dev.eunitecidos.pt\/fr\/wp-json\/wp\/v2\/product_brand?post=25297"},{"taxonomy":"product_cat","embeddable":true,"href":"https:\/\/dev.eunitecidos.pt\/fr\/wp-json\/wp\/v2\/product_cat?post=25297"},{"taxonomy":"product_tag","embeddable":true,"href":"https:\/\/dev.eunitecidos.pt\/fr\/wp-json\/wp\/v2\/product_tag?post=25297"}],"curies":[{"name":"wp","href":"https:\/\/api.w.org\/{rel}","templated":true}]}}