
{"id":25305,"date":"2023-05-12T13:36:15","date_gmt":"2023-05-12T13:36:15","guid":{"rendered":"https:\/\/dev.eunitecidos.pt\/?post_type=product&#038;p=25305"},"modified":"2025-03-03T09:13:12","modified_gmt":"2025-03-03T09:13:12","slug":"tecidos-100-algodao-estampado-digital-floral-rosa-velho","status":"publish","type":"product","link":"https:\/\/dev.eunitecidos.pt\/fr\/loja\/texteis\/tecidos-100-algodao-estampado-digital-floral-rosa-velho\/","title":{"rendered":"Tissus 100% Coton | Imprim\u00e9 num\u00e9rique | Floral ( Vieux rose )"},"content":{"rendered":"<p>Tissus 100% Coton | Imprim\u00e9 num\u00e9rique | Floral ( Vieux rose )<\/p>\n<p>100% Coton 115gr\/m2<\/p>\n<p>1.40 Largeur<\/p>\n<p>Certifi\u00e9 Oeko-Tex<\/p>","protected":false},"excerpt":{"rendered":"<p>Tissus 100% Cotton | Digital Print | Floral ( Old Rose ) 100% Cotton 115gr\/m2 1.40 Wide Oeko-Tex certified<\/p>","protected":false},"featured_media":26246,"comment_status":"closed","ping_status":"closed","template":"","meta":{"_seopress_robots_primary_cat":"69","_seopress_titles_title":"Tecidos 100% Algod\u00e3o Estampado Digital Floral Rosa Velho","_seopress_titles_desc":"Descubra tecidos de alta qualidade, certificados com Oeko-Tex, ideais para seus projetos de costura. Tecidos 100% Algod\u00e3o 115gr\/m2 1.40 Largura.","_seopress_robots_index":""},"product_brand":[],"product_cat":[194,360,197,135,69],"product_tag":[315,443,319,778,1884,1798,86,2438,1712,102,1472],"class_list":{"0":"post-25305","1":"product","2":"type-product","3":"status-publish","4":"has-post-thumbnail","6":"product_cat-algodao-organico","7":"product_cat-estampados-tecido-100-algodao","8":"product_cat-florais-tropicais","9":"product_cat-tecido-100-algodao","10":"product_cat-texteis","11":"product_tag-100-algodao","12":"product_tag-algodao-organico","13":"product_tag-bege","14":"product_tag-bordo","15":"product_tag-estampado-digital","16":"product_tag-floral","17":"product_tag-flores","18":"product_tag-fundo-rosa-velho","19":"product_tag-tecido-algodao","20":"product_tag-verde","21":"product_tag-verde-escuro","23":"first","24":"instock","25":"taxable","26":"shipping-taxable","27":"purchasable","28":"product-type-simple"},"_links":{"self":[{"href":"https:\/\/dev.eunitecidos.pt\/fr\/wp-json\/wp\/v2\/product\/25305","targetHints":{"allow":["GET"]}}],"collection":[{"href":"https:\/\/dev.eunitecidos.pt\/fr\/wp-json\/wp\/v2\/product"}],"about":[{"href":"https:\/\/dev.eunitecidos.pt\/fr\/wp-json\/wp\/v2\/types\/product"}],"replies":[{"embeddable":true,"href":"https:\/\/dev.eunitecidos.pt\/fr\/wp-json\/wp\/v2\/comments?post=25305"}],"wp:featuredmedia":[{"embeddable":true,"href":"https:\/\/dev.eunitecidos.pt\/fr\/wp-json\/wp\/v2\/media\/26246"}],"wp:attachment":[{"href":"https:\/\/dev.eunitecidos.pt\/fr\/wp-json\/wp\/v2\/media?parent=25305"}],"wp:term":[{"taxonomy":"product_brand","embeddable":true,"href":"https:\/\/dev.eunitecidos.pt\/fr\/wp-json\/wp\/v2\/product_brand?post=25305"},{"taxonomy":"product_cat","embeddable":true,"href":"https:\/\/dev.eunitecidos.pt\/fr\/wp-json\/wp\/v2\/product_cat?post=25305"},{"taxonomy":"product_tag","embeddable":true,"href":"https:\/\/dev.eunitecidos.pt\/fr\/wp-json\/wp\/v2\/product_tag?post=25305"}],"curies":[{"name":"wp","href":"https:\/\/api.w.org\/{rel}","templated":true}]}}