
{"id":25510,"date":"2023-05-15T13:38:27","date_gmt":"2023-05-15T13:38:27","guid":{"rendered":"https:\/\/dev.eunitecidos.pt\/?post_type=product&#038;p=25510"},"modified":"2026-02-04T11:17:21","modified_gmt":"2026-02-04T11:17:21","slug":"tecidos-resinados-estampado-girassol","status":"publish","type":"product","link":"https:\/\/dev.eunitecidos.pt\/fr\/loja\/plastificados\/tecidos-resinados-estampado-girassol\/","title":{"rendered":"Tissus en r\u00e9sine | Imprim\u00e9 | Tournesol"},"content":{"rendered":"<p>Tissus en r\u00e9sine | Imprim\u00e9 | Tournesol<\/p>\n<p>1.40 Largeur<\/p>\n<p>Tissus imperm\u00e9ables, parfaits pour l'ext\u00e9rieur, tissus r\u00e9sistants, qui ne chauffent pas au soleil.<\/p>\n<p>Tissus doux et confortables au toucher.<\/p>","protected":false},"excerpt":{"rendered":"<p>Tissus en r\u00e9sine | Imprim\u00e9s | Tournesol 1.40 Largeur Tissus imperm\u00e9ables, parfaits pour l'ext\u00e9rieur, tissus r\u00e9sistants, ne chauffent pas au soleil. Doux et confortable au toucher.<\/p>","protected":false},"featured_media":26119,"comment_status":"closed","ping_status":"closed","template":"","meta":{"_seopress_robots_primary_cat":"92","_seopress_titles_title":"Tecidos Resinados | Estampado | Girassol 1.40 Largura","_seopress_titles_desc":"Tecidos imperme\u00e1veis e resistentes ao Sol, male\u00e1veis e confort\u00e1veis para qualquer projeto exterior. Tecidos largos de alta qualidade.","_seopress_robots_index":""},"product_brand":[],"product_cat":[256,92,163],"product_tag":[307,516,340,2118,2807,1788,784,102],"class_list":{"0":"post-25510","1":"product","2":"type-product","3":"status-publish","4":"has-post-thumbnail","6":"product_cat-estampados-resinados","7":"product_cat-plastificados","8":"product_cat-resinados","9":"product_tag-amarelo","10":"product_tag-castanho","11":"product_tag-estampado","12":"product_tag-fundo-cru","13":"product_tag-girassois","14":"product_tag-tecido-impermeavel","15":"product_tag-tecidos-resinados","16":"product_tag-verde","18":"first","19":"outofstock","20":"taxable","21":"shipping-taxable","22":"purchasable","23":"product-type-simple"},"_links":{"self":[{"href":"https:\/\/dev.eunitecidos.pt\/fr\/wp-json\/wp\/v2\/product\/25510","targetHints":{"allow":["GET"]}}],"collection":[{"href":"https:\/\/dev.eunitecidos.pt\/fr\/wp-json\/wp\/v2\/product"}],"about":[{"href":"https:\/\/dev.eunitecidos.pt\/fr\/wp-json\/wp\/v2\/types\/product"}],"replies":[{"embeddable":true,"href":"https:\/\/dev.eunitecidos.pt\/fr\/wp-json\/wp\/v2\/comments?post=25510"}],"wp:featuredmedia":[{"embeddable":true,"href":"https:\/\/dev.eunitecidos.pt\/fr\/wp-json\/wp\/v2\/media\/26119"}],"wp:attachment":[{"href":"https:\/\/dev.eunitecidos.pt\/fr\/wp-json\/wp\/v2\/media?parent=25510"}],"wp:term":[{"taxonomy":"product_brand","embeddable":true,"href":"https:\/\/dev.eunitecidos.pt\/fr\/wp-json\/wp\/v2\/product_brand?post=25510"},{"taxonomy":"product_cat","embeddable":true,"href":"https:\/\/dev.eunitecidos.pt\/fr\/wp-json\/wp\/v2\/product_cat?post=25510"},{"taxonomy":"product_tag","embeddable":true,"href":"https:\/\/dev.eunitecidos.pt\/fr\/wp-json\/wp\/v2\/product_tag?post=25510"}],"curies":[{"name":"wp","href":"https:\/\/api.w.org\/{rel}","templated":true}]}}