
{"id":25595,"date":"2023-05-21T16:04:00","date_gmt":"2023-05-21T16:04:00","guid":{"rendered":"https:\/\/dev.eunitecidos.pt\/?post_type=product&#038;p=25595"},"modified":"2023-05-24T10:48:41","modified_gmt":"2023-05-24T10:48:41","slug":"cetim-grosso-liso-verde-tiffany-raso-saturno-142","status":"publish","type":"product","link":"https:\/\/dev.eunitecidos.pt\/fr\/loja\/texteis\/cetim-grosso-liso-verde-tiffany-raso-saturno-142\/","title":{"rendered":"Satin \u00c9pais | Lisse | Vert Tiffany (Raso Saturno 142)"},"content":{"rendered":"<p>Satin \u00c9pais | Lisse | Vert Tiffany (Raso Saturno 142)<\/p>\n<p>Satin brillant et plein, id\u00e9al pour les v\u00eatements qui ont besoin de structure.<\/p>\n<p>Ce tissu est tr\u00e8s fluide et agr\u00e9able au toucher.<\/p>\n<p>Id\u00e9al pour les tenues de c\u00e9r\u00e9monie, les marches populaires, les jupes, les robes, les d\u00e9corations...<\/p>\n<p>Composition 100% Polyester 130gr\/m2<\/p>\n<p>Largeur de 1,50 m\u00e8tre<\/p>","protected":false},"excerpt":{"rendered":"<p>Cetim Grosso | Liso | Verde Tiffany (Raso Saturno 142) Cetim brilhante e encorpado, \u00f3timo para pe\u00e7as que necessitem de apresentar estrutura. Este tecido \u00e9 muito flu\u00eddo e confort\u00e1vel ao toque. Ideal para vestu\u00e1rio de cerim\u00f3nia, marchas populares, saias, vestidos, decora\u00e7\u00f5es&#8230; Composi\u00e7\u00e3o 100% Poliester 130gr\/m2 1,50 mt Largura<\/p>","protected":false},"featured_media":26100,"comment_status":"closed","ping_status":"closed","template":"","meta":{"_seopress_robots_primary_cat":"69","_seopress_titles_title":"Cetim Grosso Verde Tiffany | Raso Saturno 142 | Confort\u00e1vel e Encorpado","_seopress_titles_desc":"Cetim brilhante e encorpado, ideal para pe\u00e7as estruturadas. Flu\u00eddo e confort\u00e1vel, perfeito para vestu\u00e1rio de cerim\u00f3nia, marchas populares, saias, vestidos e decora\u00e7\u00f5es. Composi\u00e7\u00e3o: 100% Poliester, 130gr\/m2, 1,50 mt de largura.","_seopress_robots_index":""},"product_brand":[],"product_cat":[2059,69],"product_tag":[707,2809,677,2811,2812],"class_list":{"0":"post-25595","1":"product","2":"type-product","3":"status-publish","4":"has-post-thumbnail","6":"product_cat-cetim-lisos-estampados","7":"product_cat-texteis","8":"product_tag-100-poliester","9":"product_tag-cetim-grosso","10":"product_tag-liso","11":"product_tag-raso-saturno","12":"product_tag-verde-tiffany","14":"first","15":"instock","16":"taxable","17":"shipping-taxable","18":"purchasable","19":"product-type-simple"},"_links":{"self":[{"href":"https:\/\/dev.eunitecidos.pt\/fr\/wp-json\/wp\/v2\/product\/25595","targetHints":{"allow":["GET"]}}],"collection":[{"href":"https:\/\/dev.eunitecidos.pt\/fr\/wp-json\/wp\/v2\/product"}],"about":[{"href":"https:\/\/dev.eunitecidos.pt\/fr\/wp-json\/wp\/v2\/types\/product"}],"replies":[{"embeddable":true,"href":"https:\/\/dev.eunitecidos.pt\/fr\/wp-json\/wp\/v2\/comments?post=25595"}],"wp:featuredmedia":[{"embeddable":true,"href":"https:\/\/dev.eunitecidos.pt\/fr\/wp-json\/wp\/v2\/media\/26100"}],"wp:attachment":[{"href":"https:\/\/dev.eunitecidos.pt\/fr\/wp-json\/wp\/v2\/media?parent=25595"}],"wp:term":[{"taxonomy":"product_brand","embeddable":true,"href":"https:\/\/dev.eunitecidos.pt\/fr\/wp-json\/wp\/v2\/product_brand?post=25595"},{"taxonomy":"product_cat","embeddable":true,"href":"https:\/\/dev.eunitecidos.pt\/fr\/wp-json\/wp\/v2\/product_cat?post=25595"},{"taxonomy":"product_tag","embeddable":true,"href":"https:\/\/dev.eunitecidos.pt\/fr\/wp-json\/wp\/v2\/product_tag?post=25595"}],"curies":[{"name":"wp","href":"https:\/\/api.w.org\/{rel}","templated":true}]}}