
{"id":26006,"date":"2023-05-22T17:09:47","date_gmt":"2023-05-22T17:09:47","guid":{"rendered":"https:\/\/dev.eunitecidos.pt\/?post_type=product&#038;p=26006"},"modified":"2024-05-06T18:54:24","modified_gmt":"2024-05-06T18:54:24","slug":"atoalhado-100-poliester-estampado-sardinhas","status":"publish","type":"product","link":"https:\/\/dev.eunitecidos.pt\/fr\/loja\/texteis\/atoalhados\/atoalhado-100-poliester-estampado-sardinhas\/","title":{"rendered":"Eponge | 100% Polyester | Imprim\u00e9 | Sardines"},"content":{"rendered":"<p>Eponge | 100% Polyester | Imprim\u00e9 | Sardines<\/p>\n<p>100% Tissu en polyester, \u00e0 s\u00e9chage rapide et r\u00e9sistant aux taches. Id\u00e9al pour les nappes<\/p>\n<p>Composition 100% Polyester<\/p>\n<p>Largeur de 1,50 m\u00e8tre<\/p>\n<p>100% Tissu en polyester, anti-t\u00e2ches et \u00e0 s\u00e9chage rapide. Id\u00e9al pour les nappes. Composition 100% Polyester, largeur 1,50m.<\/p>","protected":false},"excerpt":{"rendered":"<p>Eponge | 100% Polyester | Imprim\u00e9 | Sardines Tissu en 100% Polyester, antitache et s\u00e9chage rapide. Id\u00e9al pour les nappes Composition 100% Polyester 1,50 m\u00e8tres de large Tissu en 100% Polyester, antitache et \u00e0 s\u00e9chage rapide. Id\u00e9al pour les nappes. Composition 100% Polyester, 1,50 m\u00e8tre de large.<\/p>","protected":false},"featured_media":33135,"comment_status":"closed","ping_status":"closed","template":"","meta":{"_seopress_robots_primary_cat":"1665","_seopress_titles_title":"Toalha de Mesa Estampada em 100% Poli\u00e9ster","_seopress_titles_desc":"Tecido em 100% Poli\u00e9ster, anti-n\u00f3doa e de secagem r\u00e1pida. Ideal para toalha de mesa. Composi\u00e7\u00e3o 100% Poli\u00e9ster, com 1,50m de largura.","_seopress_robots_index":""},"product_brand":[],"product_cat":[1665],"product_tag":[707,1810,2868,1885,884,321,1995,424,2060,2867,491,2837,2869,839,2835,453],"class_list":{"0":"post-26006","1":"product","2":"type-product","3":"status-publish","4":"has-post-thumbnail","6":"product_cat-atoalhados","7":"product_tag-100-poliester","8":"product_tag-anti-nodoa","9":"product_tag-arraial","10":"product_tag-atoalhado","11":"product_tag-azulao","12":"product_tag-branco","13":"product_tag-fundo-branco","14":"product_tag-laranja","15":"product_tag-marchas","16":"product_tag-marchas-populares","17":"product_tag-preto","18":"product_tag-santos-populares","19":"product_tag-sardinhada","20":"product_tag-sardinhas","21":"product_tag-secagem-rapida","22":"product_tag-vermelho","24":"first","25":"instock","26":"taxable","27":"shipping-taxable","28":"purchasable","29":"product-type-simple"},"_links":{"self":[{"href":"https:\/\/dev.eunitecidos.pt\/fr\/wp-json\/wp\/v2\/product\/26006","targetHints":{"allow":["GET"]}}],"collection":[{"href":"https:\/\/dev.eunitecidos.pt\/fr\/wp-json\/wp\/v2\/product"}],"about":[{"href":"https:\/\/dev.eunitecidos.pt\/fr\/wp-json\/wp\/v2\/types\/product"}],"replies":[{"embeddable":true,"href":"https:\/\/dev.eunitecidos.pt\/fr\/wp-json\/wp\/v2\/comments?post=26006"}],"wp:featuredmedia":[{"embeddable":true,"href":"https:\/\/dev.eunitecidos.pt\/fr\/wp-json\/wp\/v2\/media\/33135"}],"wp:attachment":[{"href":"https:\/\/dev.eunitecidos.pt\/fr\/wp-json\/wp\/v2\/media?parent=26006"}],"wp:term":[{"taxonomy":"product_brand","embeddable":true,"href":"https:\/\/dev.eunitecidos.pt\/fr\/wp-json\/wp\/v2\/product_brand?post=26006"},{"taxonomy":"product_cat","embeddable":true,"href":"https:\/\/dev.eunitecidos.pt\/fr\/wp-json\/wp\/v2\/product_cat?post=26006"},{"taxonomy":"product_tag","embeddable":true,"href":"https:\/\/dev.eunitecidos.pt\/fr\/wp-json\/wp\/v2\/product_tag?post=26006"}],"curies":[{"name":"wp","href":"https:\/\/api.w.org\/{rel}","templated":true}]}}