
{"id":26074,"date":"2023-05-23T14:46:34","date_gmt":"2023-05-23T14:46:34","guid":{"rendered":"https:\/\/dev.eunitecidos.pt\/?post_type=product&#038;p=26074"},"modified":"2025-03-13T22:04:04","modified_gmt":"2025-03-13T22:04:04","slug":"tecido-100-algodao-estampado-riscas","status":"publish","type":"product","link":"https:\/\/dev.eunitecidos.pt\/fr\/loja\/texteis\/tecido-100-algodao-estampado-riscas\/","title":{"rendered":"Tissu 100% Coton | Imprim\u00e9 | Rayures"},"content":{"rendered":"<p>Tissu 100% Coton | Imprim\u00e9 | Rayures<\/p>\n<p>Tissu 100% Coton<\/p>\n<p>Composition 100% Coton 115gr\/m2<\/p>\n<p>1,40 m\u00e8tre de large<\/p>\n<p>&nbsp;<\/p>","protected":false},"excerpt":{"rendered":"<p>Tissu 100% Coton | Imprim\u00e9 | Rayures Tissu 100% Coton Composition 100% Coton 115gr\/m2 1.40mt Largeur &nbsp;<\/p>","protected":false},"featured_media":26037,"comment_status":"closed","ping_status":"closed","template":"","meta":{"_seopress_robots_primary_cat":"69","_seopress_titles_title":"","_seopress_titles_desc":"Conhe\u00e7a a qualidade do tecido 100% algod\u00e3o estampado com riscas de composi\u00e7\u00e3o 100% algod\u00e3o, 115gr\/m2 e 1,40mt de largura. Aproveite j\u00e1!","_seopress_robots_index":""},"product_brand":[],"product_cat":[189,192,135,69],"product_tag":[315,307,884,340,1995,424,90,1712,102,453],"class_list":{"0":"post-26074","1":"product","2":"type-product","3":"status-publish","4":"has-post-thumbnail","6":"product_cat-basicos","7":"product_cat-riscas","8":"product_cat-tecido-100-algodao","9":"product_cat-texteis","10":"product_tag-100-algodao","11":"product_tag-amarelo","12":"product_tag-azulao","13":"product_tag-estampado","14":"product_tag-fundo-branco","15":"product_tag-laranja","16":"product_tag-riscas","17":"product_tag-tecido-algodao","18":"product_tag-verde","19":"product_tag-vermelho","21":"first","22":"instock","23":"taxable","24":"shipping-taxable","25":"purchasable","26":"product-type-simple"},"_links":{"self":[{"href":"https:\/\/dev.eunitecidos.pt\/fr\/wp-json\/wp\/v2\/product\/26074","targetHints":{"allow":["GET"]}}],"collection":[{"href":"https:\/\/dev.eunitecidos.pt\/fr\/wp-json\/wp\/v2\/product"}],"about":[{"href":"https:\/\/dev.eunitecidos.pt\/fr\/wp-json\/wp\/v2\/types\/product"}],"replies":[{"embeddable":true,"href":"https:\/\/dev.eunitecidos.pt\/fr\/wp-json\/wp\/v2\/comments?post=26074"}],"wp:featuredmedia":[{"embeddable":true,"href":"https:\/\/dev.eunitecidos.pt\/fr\/wp-json\/wp\/v2\/media\/26037"}],"wp:attachment":[{"href":"https:\/\/dev.eunitecidos.pt\/fr\/wp-json\/wp\/v2\/media?parent=26074"}],"wp:term":[{"taxonomy":"product_brand","embeddable":true,"href":"https:\/\/dev.eunitecidos.pt\/fr\/wp-json\/wp\/v2\/product_brand?post=26074"},{"taxonomy":"product_cat","embeddable":true,"href":"https:\/\/dev.eunitecidos.pt\/fr\/wp-json\/wp\/v2\/product_cat?post=26074"},{"taxonomy":"product_tag","embeddable":true,"href":"https:\/\/dev.eunitecidos.pt\/fr\/wp-json\/wp\/v2\/product_tag?post=26074"}],"curies":[{"name":"wp","href":"https:\/\/api.w.org\/{rel}","templated":true}]}}