
{"id":26435,"date":"2023-05-26T12:02:40","date_gmt":"2023-05-26T12:02:40","guid":{"rendered":"https:\/\/dev.eunitecidos.pt\/?post_type=product&#038;p=26435"},"modified":"2023-11-23T13:50:43","modified_gmt":"2023-11-23T13:50:43","slug":"atoalhado-100-poliester-estampado-cavalos","status":"publish","type":"product","link":"https:\/\/dev.eunitecidos.pt\/fr\/loja\/texteis\/atoalhados\/atoalhado-100-poliester-estampado-cavalos\/","title":{"rendered":"Eponge | 100% Polyester | Imprim\u00e9 | Chevaux"},"content":{"rendered":"<p>Eponge | 100% Polyester | Imprim\u00e9 | Chevaux<\/p>\n<p>100% Tissu en polyester, \u00e0 s\u00e9chage rapide et r\u00e9sistant aux taches. Id\u00e9al pour les nappes<\/p>\n<p>Composition 100% Polyester<\/p>\n<p>Largeur de 1,50 m\u00e8tre<\/p>","protected":false},"excerpt":{"rendered":"<p>Nappe | 100% Polyester | Imprim\u00e9e | Chevaux Tissu en 100% Polyester, anti-t\u00e2ches, s\u00e9chage rapide. Id\u00e9al pour les nappes Composition 100% Polyester 1,50 m\u00e8tre de large<\/p>","protected":false},"featured_media":26431,"comment_status":"closed","ping_status":"closed","template":"","meta":{"_seopress_robots_primary_cat":"1665","_seopress_titles_title":"Atoalhado Estampado de Cavalos 100% Poli\u00e9ster","_seopress_titles_desc":"Toalha de mesa em tecido anti-n\u00f3doa de secagem r\u00e1pida, ideal para decorar a sua mesa. Composi\u00e7\u00e3o em 100% Poli\u00e9ster e 1,50 mt de largura.","_seopress_robots_index":""},"product_brand":[],"product_cat":[1665],"product_tag":[707,1810,1885,516,1493,2860,2861,2862,2118,491,2835,102],"class_list":{"0":"post-26435","1":"product","2":"type-product","3":"status-publish","4":"has-post-thumbnail","6":"product_cat-atoalhados","7":"product_tag-100-poliester","8":"product_tag-anti-nodoa","9":"product_tag-atoalhado","10":"product_tag-castanho","11":"product_tag-cavalos","12":"product_tag-cela","13":"product_tag-estribo","14":"product_tag-ferradura","15":"product_tag-fundo-cru","16":"product_tag-preto","17":"product_tag-secagem-rapida","18":"product_tag-verde","20":"first","21":"instock","22":"taxable","23":"shipping-taxable","24":"purchasable","25":"product-type-simple"},"_links":{"self":[{"href":"https:\/\/dev.eunitecidos.pt\/fr\/wp-json\/wp\/v2\/product\/26435","targetHints":{"allow":["GET"]}}],"collection":[{"href":"https:\/\/dev.eunitecidos.pt\/fr\/wp-json\/wp\/v2\/product"}],"about":[{"href":"https:\/\/dev.eunitecidos.pt\/fr\/wp-json\/wp\/v2\/types\/product"}],"replies":[{"embeddable":true,"href":"https:\/\/dev.eunitecidos.pt\/fr\/wp-json\/wp\/v2\/comments?post=26435"}],"wp:featuredmedia":[{"embeddable":true,"href":"https:\/\/dev.eunitecidos.pt\/fr\/wp-json\/wp\/v2\/media\/26431"}],"wp:attachment":[{"href":"https:\/\/dev.eunitecidos.pt\/fr\/wp-json\/wp\/v2\/media?parent=26435"}],"wp:term":[{"taxonomy":"product_brand","embeddable":true,"href":"https:\/\/dev.eunitecidos.pt\/fr\/wp-json\/wp\/v2\/product_brand?post=26435"},{"taxonomy":"product_cat","embeddable":true,"href":"https:\/\/dev.eunitecidos.pt\/fr\/wp-json\/wp\/v2\/product_cat?post=26435"},{"taxonomy":"product_tag","embeddable":true,"href":"https:\/\/dev.eunitecidos.pt\/fr\/wp-json\/wp\/v2\/product_tag?post=26435"}],"curies":[{"name":"wp","href":"https:\/\/api.w.org\/{rel}","templated":true}]}}