
{"id":27362,"date":"2023-07-13T15:56:42","date_gmt":"2023-07-13T15:56:42","guid":{"rendered":"https:\/\/dev.eunitecidos.pt\/?post_type=product&#038;p=27362"},"modified":"2025-10-06T12:07:34","modified_gmt":"2025-10-06T12:07:34","slug":"tecidos-100-algodao-licencas-disney-mickey-e-amigos-2","status":"publish","type":"product","link":"https:\/\/dev.eunitecidos.pt\/fr\/loja\/texteis\/tecidos-100-algodao-licencas-disney-mickey-e-amigos-2\/","title":{"rendered":"Tissus 100% Coton | Licences Disney | Mickey et ses amis"},"content":{"rendered":"<p>Tissus 100% Coton | Licences Disney | Mickey et ses amis<\/p>\n<p>100% Coton<\/p>\n<p>1.40 Largeur<\/p>\n<p>Certifi\u00e9 Oeko-Tex<\/p>","protected":false},"excerpt":{"rendered":"<p>Tissus 100% Coton | Licences Disney | Mickey et ses amis 100% Coton 1.40 large Certifi\u00e9 Oeko-Tex<\/p>","protected":false},"featured_media":27317,"comment_status":"closed","ping_status":"closed","template":"","meta":{"_seopress_robots_primary_cat":"69","_seopress_titles_title":"Tecidos 100% Algod\u00e3o Mickey e Amigos | Certificado Oeko-Tex","_seopress_titles_desc":"Descubra nossos tecidos 100% algod\u00e3o com estampas de Mickey e Amigos, certificados pelo padr\u00e3o Oeko-Tex. A qualidade Disney que procura!","_seopress_robots_index":""},"product_brand":[],"product_cat":[194,195,381,135,69],"product_tag":[315,307,884,1619,1995,424,451,1196,452,2236,1197,339,1194,491,90,320,427,1712,756,453],"class_list":{"0":"post-27362","1":"product","2":"type-product","3":"status-publish","4":"has-post-thumbnail","6":"product_cat-algodao-organico","7":"product_cat-disney-licencas","8":"product_cat-infantis-tecido-100-algodao","9":"product_cat-tecido-100-algodao","10":"product_cat-texteis","11":"product_tag-100-algodao","12":"product_tag-amarelo","13":"product_tag-azulao","14":"product_tag-estampado-infantil","15":"product_tag-fundo-branco","16":"product_tag-laranja","17":"product_tag-licencas","18":"product_tag-margarida","19":"product_tag-mickey","20":"product_tag-minnie","21":"product_tag-pato-donald","22":"product_tag-pintas","23":"product_tag-pluto","24":"product_tag-preto","25":"product_tag-riscas","26":"product_tag-rosa","27":"product_tag-roxo","28":"product_tag-tecido-algodao","29":"product_tag-tecidos-disney","30":"product_tag-vermelho","32":"first","33":"instock","34":"taxable","35":"shipping-taxable","36":"purchasable","37":"product-type-simple"},"_links":{"self":[{"href":"https:\/\/dev.eunitecidos.pt\/fr\/wp-json\/wp\/v2\/product\/27362","targetHints":{"allow":["GET"]}}],"collection":[{"href":"https:\/\/dev.eunitecidos.pt\/fr\/wp-json\/wp\/v2\/product"}],"about":[{"href":"https:\/\/dev.eunitecidos.pt\/fr\/wp-json\/wp\/v2\/types\/product"}],"replies":[{"embeddable":true,"href":"https:\/\/dev.eunitecidos.pt\/fr\/wp-json\/wp\/v2\/comments?post=27362"}],"wp:featuredmedia":[{"embeddable":true,"href":"https:\/\/dev.eunitecidos.pt\/fr\/wp-json\/wp\/v2\/media\/27317"}],"wp:attachment":[{"href":"https:\/\/dev.eunitecidos.pt\/fr\/wp-json\/wp\/v2\/media?parent=27362"}],"wp:term":[{"taxonomy":"product_brand","embeddable":true,"href":"https:\/\/dev.eunitecidos.pt\/fr\/wp-json\/wp\/v2\/product_brand?post=27362"},{"taxonomy":"product_cat","embeddable":true,"href":"https:\/\/dev.eunitecidos.pt\/fr\/wp-json\/wp\/v2\/product_cat?post=27362"},{"taxonomy":"product_tag","embeddable":true,"href":"https:\/\/dev.eunitecidos.pt\/fr\/wp-json\/wp\/v2\/product_tag?post=27362"}],"curies":[{"name":"wp","href":"https:\/\/api.w.org\/{rel}","templated":true}]}}