
{"id":27563,"date":"2023-07-25T14:30:23","date_gmt":"2023-07-25T14:30:23","guid":{"rendered":"https:\/\/dev.eunitecidos.pt\/?post_type=product&#038;p=27563"},"modified":"2025-05-30T13:38:03","modified_gmt":"2025-05-30T13:38:03","slug":"tecido-100-algodao-tecido-lencol-xadrez-cinza","status":"publish","type":"product","link":"https:\/\/dev.eunitecidos.pt\/fr\/loja\/texteis\/tecido-100-algodao-tecido-lencol-xadrez-cinza\/","title":{"rendered":"Tissu 100% Coton | Plaid | Gris"},"content":{"rendered":"<p>Tissu 100% Coton | Plaid | Gris<\/p>\n<p><strong>Carr\u00e9 mesurant 1,5cmx1,5cm<\/strong><\/p>\n<p>100% Tissu de coton id\u00e9al pour les draps, les serviettes, les rideaux, en raison de sa largeur. Disponible en 7 couleurs.<\/p>\n<p>2,80 m\u00e8tres de large<\/p>","protected":false},"excerpt":{"rendered":"<p>Tecido 100% Algod\u00e3o |\u00a0 Xadrez | Cinza Quadrado com a medida de 1,5cmx1,5cm Tecido 100% Algod\u00e3o ideal para len\u00e7\u00f3is, toalhas , cortinados,\u00a0 devido \u00e0 sua largura. Dispon\u00edvel em 7 cores. 2,80 Mt largura<\/p>","protected":false},"featured_media":27548,"comment_status":"closed","ping_status":"closed","template":"","meta":{"_seopress_robots_primary_cat":"69","_seopress_titles_title":"Tecido 100% Algod\u00e3o Xadrez Cinza Quadrado 1,5cm | Ideal len\u00e7\u00f3is, toalhas, cortinados","_seopress_titles_desc":"Descubra tecido 100% algod\u00e3o xadrez em cinza quadrado de alta qualidade, com 1,5cmx1,5cm. Ideal para len\u00e7\u00f3is, toalhas e cortinados. Dispon\u00edvel em 9 cores vibrantes. Aproveite a sua largura de 2,80 metros!","_seopress_robots_index":""},"product_brand":[],"product_cat":[194,189,135,69],"product_tag":[315,443,321,351,1345,1712,444],"class_list":{"0":"post-27563","1":"product","2":"type-product","3":"status-publish","4":"has-post-thumbnail","6":"product_cat-algodao-organico","7":"product_cat-basicos","8":"product_cat-tecido-100-algodao","9":"product_cat-texteis","10":"product_tag-100-algodao","11":"product_tag-algodao-organico","12":"product_tag-branco","13":"product_tag-cinza","14":"product_tag-lencois","15":"product_tag-tecido-algodao","16":"product_tag-xadrez","18":"first","19":"instock","20":"taxable","21":"shipping-taxable","22":"purchasable","23":"product-type-simple"},"_links":{"self":[{"href":"https:\/\/dev.eunitecidos.pt\/fr\/wp-json\/wp\/v2\/product\/27563","targetHints":{"allow":["GET"]}}],"collection":[{"href":"https:\/\/dev.eunitecidos.pt\/fr\/wp-json\/wp\/v2\/product"}],"about":[{"href":"https:\/\/dev.eunitecidos.pt\/fr\/wp-json\/wp\/v2\/types\/product"}],"replies":[{"embeddable":true,"href":"https:\/\/dev.eunitecidos.pt\/fr\/wp-json\/wp\/v2\/comments?post=27563"}],"wp:featuredmedia":[{"embeddable":true,"href":"https:\/\/dev.eunitecidos.pt\/fr\/wp-json\/wp\/v2\/media\/27548"}],"wp:attachment":[{"href":"https:\/\/dev.eunitecidos.pt\/fr\/wp-json\/wp\/v2\/media?parent=27563"}],"wp:term":[{"taxonomy":"product_brand","embeddable":true,"href":"https:\/\/dev.eunitecidos.pt\/fr\/wp-json\/wp\/v2\/product_brand?post=27563"},{"taxonomy":"product_cat","embeddable":true,"href":"https:\/\/dev.eunitecidos.pt\/fr\/wp-json\/wp\/v2\/product_cat?post=27563"},{"taxonomy":"product_tag","embeddable":true,"href":"https:\/\/dev.eunitecidos.pt\/fr\/wp-json\/wp\/v2\/product_tag?post=27563"}],"curies":[{"name":"wp","href":"https:\/\/api.w.org\/{rel}","templated":true}]}}